{"id":3718,"date":"2025-05-12T00:36:34","date_gmt":"2025-05-12T00:36:34","guid":{"rendered":"https:\/\/doori.shop\/?post_type=product&#038;p=3718"},"modified":"2025-07-20T20:14:06","modified_gmt":"2025-07-20T11:14:06","slug":"bone-o1","status":"publish","type":"product","link":"https:\/\/doori.shop\/vi\/san-pham\/bone-o1\/","title":{"rendered":"ARCHIBONE"},"content":{"rendered":"<div class=\"product-box\">\n<p><!-- 1. \uc81c\ud488 \uc18c\uac1c --><\/p>\n<section id=\"archibone-introduction\" class=\"product-section\"><strong>\ud83e\uddb4<\/strong> <strong>ARCHIBONE<\/strong><strong>.<\/strong><\/p>\n<p><strong>H\u1ed3i ph\u1ee5c ch\u1ee9c n\u0103ng s\u1ee9c kh\u1ecfe x\u01b0\u01a1ng kh\u1edbp \u0111\u01b0\u1ee3c l\u00e0m t\u1eeb th\u1ea3o d\u01b0\u1ee3c t\u1ef1 nhi\u00ean. <\/strong><strong>.<\/strong><strong>S\u1ea3n sinh v\u00e0 c\u1ea3i thi\u1ec7n s\u1ee5n <\/strong><strong>. <\/strong><strong>.<\/strong><\/p>\n<p><strong>\u2705<\/strong> <strong>T\u00f4i khuy\u00ean<\/strong> <strong>b\u1ea1n<\/strong> <strong>n\u00ean d\u00f9ng s\u1ea3n ph\u1ea9m n\u00e0y<\/strong><strong>!<\/strong><\/p>\n<ul>\n<li>Nh\u1eefng ng\u01b0\u1eddi th\u01b0\u1eddng xuy\u00ean b\u1ecb \u0111au kh\u1edbp v\u00e0 kh\u00f3 ch\u1ecbu<\/li>\n<li>Nh\u1eefng ng\u01b0\u1eddi c\u00f3 tri\u1ec7u ch\u1ee9ng c\u1ee7a b\u1ec7nh vi\u00eam kh\u1edbp tho\u00e1i h\u00f3a ho\u1eb7c vi\u00eam kh\u1edbp d\u1ea1ng th\u1ea5p<\/li>\n<li>D\u00e0nh cho nh\u1eefng ng\u01b0\u1eddi mu\u1ed1n qu\u1ea3n l\u00fd s\u1ee9c kh\u1ecfe v\u00e0 s\u1ef1 linh ho\u1ea1t c\u1ee7a x\u01b0\u01a1ng c\u00f9ng l\u00fac<\/li>\n<\/ul>\n<p><strong>\ud83c\udf3f<\/strong> <strong>ARCHIBONE<\/strong><strong>, <\/strong><strong>s\u1ea3n ph\u1ea9m n\u00e0y<\/strong> <strong>c\u00f3 th\u1ef1c s\u1ef1 t\u1ed1t kh\u00f4ng<\/strong><strong>?<\/strong><\/p>\n<p>\u0110\u00e2y l\u00e0 th\u1ef1c ph\u1ea9m ch\u1ee9c n\u0103ng ch\u0103m s\u00f3c s\u1ee9c kh\u1ecfe x\u01b0\u01a1ng kh\u1edbp cao c\u1ea5p c\u1ee7a HCBIOPHARM, \u0111\u00e3 \u0111\u01b0\u1ee3c FDA OTC \u0111\u0103ng k\u00fd (80353-551-01).<br \/>\nS\u1ea3n ph\u1ea9m n\u00e0y an to\u00e0n khi s\u1eed d\u1ee5ng l\u00e2u d\u00e0i v\u00ec \u0111\u01b0\u1ee3c l\u00e0m t\u1eeb th\u00e0nh ph\u1ea7n t\u1ef1 nhi\u00ean. <strong>S\u1ea3n sinh v\u00e0 c\u1ea3i thi\u1ec7n s\u1ee5n <\/strong><strong>. <\/strong><strong>Lo\u1ea1i b\u1ecf b\u1ec7nh vi\u00eam. <\/strong><strong>Gi\u1ea3m nh\u1eb9 t\u00ecnh tr\u1ea1ng b\u1ec7nh <\/strong><strong>, <\/strong><strong>T\u0103ng m\u1eadt \u0111\u1ed9 x\u01b0\u01a1ng<\/strong>.S\u1ea3n ph\u1ea9m mang \u0111\u1ebfn h\u1ed7 tr\u1ee3 to\u00e0n di\u1ec7n.<\/p>\n<p><strong>\ud83d\udc8a<\/strong> <strong>L\u01b0\u1ee3ng ti\u00eau th\u1ee5<\/strong> <strong>, ph\u01b0\u01a1ng ph\u00e1p<\/strong> <strong>.<\/strong> <strong>li\u1ec1u l\u01b0\u1ee3ng<\/strong><\/p>\n<ul>\n<li><strong>L\u01b0\u1ee3ng ti\u00eau th\u1ee5 <\/strong><strong>, ph\u01b0\u01a1ng ph\u00e1p<\/strong>: M\u1ed7i l\u1ea7n u\u1ed1ng 3 vi\u00ean v\u00e0o l\u00fac \u0111\u00f3i v\u00e0o bu\u1ed5i s\u00e1ng v\u00e0 bu\u1ed5i t\u1ed1i <strong>m\u1ed7i ng\u00e0y. <\/strong><strong>T\u1ed5ng c\u1ed9ng 6 vi\u00ean nang<\/strong><strong>vi\u00ean nang<\/strong> <strong>(3 chai d\u00f9ng trong 30 ng\u00e0y)<\/strong><\/li>\n<li><strong>Trong tr\u01b0\u1eddng h\u1ee3p nghi\u00eam tr\u1ecdng:<\/strong> U\u1ed1ng 3 vi\u00ean nang m\u1ed7i l\u1ea7n v\u00e0o l\u00fac b\u1ee5ng \u0111\u00f3i v\u00e0o bu\u1ed5i s\u00e1ng, bu\u1ed5i chi\u1ec1u v\u00e0 bu\u1ed5i t\u1ed1i. <strong>T\u1ed5ng c\u1ed9ng 9 vi\u00ean nang m\u1ed7i ng\u00e0y<\/strong> <strong>(4 chai d\u00f9ng trong 30 ng\u00e0y)<\/strong><\/li>\n<li><strong>li\u1ec1u l\u01b0\u1ee3ng <\/strong><strong>\u0110\u00f3ng g\u00f3i:<\/strong>: 60 vi\u00ean nang m\u1ed7i l\u1ecd<\/li>\n<li><strong>L\u01b0\u1ee3ng ti\u00eau th\u1ee5 <\/strong><strong>s\u1eed d\u1ee5ng <\/strong><strong>:<\/strong>: Sau khi d\u00f9ng li\u00ean t\u1ee5c trong \u00edt nh\u1ea5t 3 th\u00e1ng, h\u00e3y \u0111i\u1ec1u ch\u1ec9nh l\u01b0\u1ee3ng d\u00f9ng sau khi kh\u00e1m t\u1ea1i b\u1ec7nh vi\u1ec7n.<\/li>\n<\/ul>\n<p><strong>\ud83d\udcaa<\/strong> <strong>T\u00f3m T\u1eaft C\u00f4ng D\u1ee5ng<\/strong> <strong>.<\/strong> <strong>.<\/strong> <strong>:<\/strong><\/p>\n<table>\n<thead>\n<tr>\n<td width=\"135\"><strong>c\u00f4ng d\u1ee5ng <\/strong><strong>.<\/strong><\/td>\n<td width=\"297\"><strong>L\u1eddi gi\u1ea3i th\u00edch<\/strong><\/td>\n<\/tr>\n<\/thead>\n<tbody>\n<tr>\n<td width=\"135\">T\u00e1i t\u1ea1o s\u1ee5n<\/td>\n<td width=\"297\">Ph\u1ee5c h\u1ed3i s\u1ee5n b\u1ecb t\u1ed5n th\u01b0\u01a1ng, t\u0103ng c\u01b0\u1eddng s\u1ef1 linh ho\u1ea1t c\u1ee7a kh\u1edbp<\/td>\n<\/tr>\n<tr>\n<td width=\"135\">Ch\u1ed1ng vi\u00eam<\/td>\n<td width=\"297\">Gi\u1ea3m vi\u00eam v\u00e0 \u0111au, c\u1ea3i thi\u1ec7n s\u01b0ng t\u1ea5y<\/td>\n<\/tr>\n<tr>\n<td width=\"135\">T\u0103ng c\u01b0\u1eddng m\u1eadt \u0111\u1ed9 x\u01b0\u01a1ng<\/td>\n<td width=\"297\">\u0110i\u1ec1u h\u00f2a s\u1ef1 h\u1ea5p th\u1ee5 canxi, duy tr\u00ec s\u1ee9c kh\u1ecfe x\u01b0\u01a1ng v\u00e0 ng\u0103n ng\u1eeba lo\u00e3ng x\u01b0\u01a1ng<\/td>\n<\/tr>\n<tr>\n<td width=\"135\">C\u1ea3i thi\u1ec7n ch\u1ee9c n\u0103ng kh\u1edbp<\/td>\n<td width=\"297\">C\u1ea3i thi\u1ec7n chuy\u1ec3n \u0111\u1ed9ng kh\u1edbp, c\u1ea3i thi\u1ec7n kh\u1ea3 n\u0103ng v\u1eadn \u0111\u1ed9ng<\/td>\n<\/tr>\n<\/tbody>\n<\/table>\n<p><strong>\u2699\ufe0f<\/strong> <strong>Ho\u1ea1t \u0111\u1ed9ng<\/strong> <strong>nguy\u00ean t\u1eafc<\/strong><\/p>\n<ul>\n<li><strong>S\u1ea3n sinh v\u00e0 c\u1ea3i thi\u1ec7n s\u1ee5n <\/strong><strong>b\u1ea3o v\u1ec7<\/strong><strong>.<\/strong>: Th\u00e0nh ph\u1ea7n t\u1ef1 nhi\u00ean h\u1ed7 tr\u1ee3 ph\u1ee5c h\u1ed3i t\u1ebf b\u00e0o s\u1ee5n<\/li>\n<li><strong>Ch\u1ed1ng vi\u00eam <\/strong><strong>Ho\u1ea1t \u0111\u1ed9ng<\/strong>: Gi\u1ea3m \u0111au b\u1eb1ng c\u00e1ch \u1ee9c ch\u1ebf c\u00e1c ch\u1ea5t g\u00e2y vi\u00eam x\u01b0\u01a1ng<\/li>\n<li><strong>. <\/strong><strong>. <\/strong><strong>Th\u1eddi gian v\u00e0 duy tr\u00ec s\u1eed d\u1ee5ng<\/strong>: B\u1ea3o v\u1ec7 m\u1eadt \u0111\u1ed9 x\u01b0\u01a1ng b\u1eb1ng c\u00e1ch \u0111i\u1ec1u ch\u1ec9nh qu\u00e1 tr\u00ecnh chuy\u1ec3n h\u00f3a canxi<\/li>\n<\/ul>\n<p><strong>\ud83c\udf3f<\/strong> <strong>T\u00f3m T\u1eaft C\u00f4ng D\u1ee5ng<\/strong> <strong>:<\/strong><\/p>\n<ul>\n<li><strong>Chondroitin<\/strong>: T\u00e1i t\u1ea1o s\u1ee5n, b\u00f4i tr\u01a1n, ng\u0103n ng\u1eeba hao m\u00f2n kh\u1edbp<\/li>\n<li><strong>6<\/strong><strong>Th\u00e0nh ph\u1ea7n ch\u00ednh: <\/strong><strong>. <\/strong><strong>:<\/strong><br \/>\n<strong>. <\/strong><strong>. <\/strong><strong>, Qu\u1ea3 \u0111\u00e0o, <\/strong><strong>. <\/strong><strong>nh\u00e2n s\u00e2m, <\/strong><strong>C\u00e1 m\u00fa v\u00e0ng<\/strong><br \/>\n\u2192C\u1ea3i thi\u1ec7n t\u00ecnh tr\u1ea1ng \u0111au v\u00e0 s\u01b0ng b\u1eb1ng t\u00e1c d\u1ee5ng ch\u1ed1ng vi\u00eam v\u00e0 ch\u1ed1ng oxy h\u00f3a<\/li>\n<\/ul>\n<p><strong>\ud83c\udfc6<\/strong> <strong>\u0110i\u1ec3m kh\u00e1c bi\u1ec7t<\/strong> <strong>S\u1ef1 kh\u00e1c bi\u1ec7t<\/strong> <strong>:<\/strong><\/p>\n<ul>\n<li>\u2714\ufe0f <strong>T\u0103ng c\u01b0\u1eddng s\u1ee5n, <\/strong><strong>ch\u1ed1ng vi\u00eam nhi\u1ec5m, <\/strong><strong>,<\/strong>t\u00e1c \u0111\u1ed9ng l\u00ean to\u00e0n b\u1ed9<\/li>\n<li>\u2714\ufe0f <strong>C\u00e1c th\u00e0nh ph\u1ea7n th\u00edch h\u1ee3p. <\/strong><strong>. <\/strong><strong>:<\/strong> th\u00edch h\u1ee3p cho s\u1eed d\u1ee5ng l\u00e2u d\u00e0i<\/li>\n<li>\u2714\ufe0f <strong>Nh\u00e0 m\u00e1y \u0111\u1ea1t ti\u00eau chu\u1ea9n <\/strong><strong>cGMP<\/strong>, kh\u00f4ng ch\u1ea5t b\u1ea3o qu\u1ea3n v\u00e0 h\u01b0\u01a1ng li\u1ec7u t\u1ed5ng h\u1ee3p<\/li>\n<li>\u2714\ufe0f <strong>C\u00f4ng d\u1ee5ng ch\u1ee9ng minh l\u00e2m s\u00e0ng <\/strong><strong>c\u00f4ng d\u1ee5ng <\/strong><strong>.<\/strong>Gi\u1ea3m \u0111au kh\u1edbp v\u00e0 c\u1ea3i thi\u1ec7n t\u00ednh linh ho\u1ea1t<\/li>\n<\/ul>\n<p><strong>\u26a0\ufe0f<\/strong> <strong>L\u01b0\u1ee3ng ti\u00eau th\u1ee5<\/strong> <strong>.<\/strong> <strong>:<\/strong><\/p>\n<ul>\n<li><strong>Tham kh\u1ea3o t\u01b0 v\u1ea5n t\u1eeb chuy\u00ean gia <\/strong><strong>khi <\/strong><strong>c\u1ea7n thi\u1ebft<\/strong>: Nh\u1eefng ng\u01b0\u1eddi c\u00f3 c\u01a1 \u0111\u1ecba \u0111\u1eb7c bi\u1ec7t, d\u1ecb \u1ee9ng ho\u1eb7c b\u1ec7nh m\u00e3n t\u00ednh<\/li>\n<\/ul>\n<\/section>\n<\/div>","protected":false},"excerpt":{"rendered":"<div class=\"product-box\">\n<div id=\"summary\" class=\"tab-content active\">\n<section class=\"product-section\">\n<h2><span class=\"highlight\">T\u00f3m t\u1eaft s\u1ea3n ph\u1ea9m<\/span><\/h2>\n<p><strong><span class=\"highlight\">\u2705 ARCHIBONE<\/span><\/strong>\uc740 &#8230; <\/p>","protected":false},"featured_media":2045,"comment_status":"open","ping_status":"closed","template":"","meta":[],"product_brand":[],"product_cat":[153,155],"product_tag":[],"class_list":{"0":"post-3718","1":"product","2":"type-product","3":"status-publish","4":"has-post-thumbnail","6":"product_cat-immune","7":"product_cat-allergic","9":"first","10":"instock","11":"featured","12":"shipping-taxable","13":"purchasable","14":"product-type-simple"},"_links":{"self":[{"href":"https:\/\/doori.shop\/vi\/wp-json\/wp\/v2\/product\/3718","targetHints":{"allow":["GET"]}}],"collection":[{"href":"https:\/\/doori.shop\/vi\/wp-json\/wp\/v2\/product"}],"about":[{"href":"https:\/\/doori.shop\/vi\/wp-json\/wp\/v2\/types\/product"}],"replies":[{"embeddable":true,"href":"https:\/\/doori.shop\/vi\/wp-json\/wp\/v2\/comments?post=3718"}],"version-history":[{"count":0,"href":"https:\/\/doori.shop\/vi\/wp-json\/wp\/v2\/product\/3718\/revisions"}],"wp:featuredmedia":[{"embeddable":true,"href":"https:\/\/doori.shop\/vi\/wp-json\/wp\/v2\/media\/2045"}],"wp:attachment":[{"href":"https:\/\/doori.shop\/vi\/wp-json\/wp\/v2\/media?parent=3718"}],"wp:term":[{"taxonomy":"product_brand","embeddable":true,"href":"https:\/\/doori.shop\/vi\/wp-json\/wp\/v2\/product_brand?post=3718"},{"taxonomy":"product_cat","embeddable":true,"href":"https:\/\/doori.shop\/vi\/wp-json\/wp\/v2\/product_cat?post=3718"},{"taxonomy":"product_tag","embeddable":true,"href":"https:\/\/doori.shop\/vi\/wp-json\/wp\/v2\/product_tag?post=3718"}],"curies":[{"name":"wp","href":"https:\/\/api.w.org\/{rel}","templated":true}]}}