{"id":2140,"date":"2024-01-05T20:54:57","date_gmt":"2024-01-05T20:54:57","guid":{"rendered":"https:\/\/doori.shop\/product\/booster\/"},"modified":"2025-05-16T00:51:50","modified_gmt":"2025-05-16T00:51:50","slug":"booster","status":"publish","type":"product","link":"https:\/\/doori.shop\/vi\/san-pham\/booster\/","title":{"rendered":"\uc140\uc5d0\ub108\uc9c0\ubd80\uc2a4\ud130 &#8216;S&#8217;"},"content":{"rendered":"<p>[ux_text line_height__sm=&#8221;0.75&#8243; text_align__sm=&#8221;left&#8221;]<\/p>\n<div class=\"product-box\">\n    <!-- 1. \ud68c\uc0ac \uc18c\uac1c --><\/p>\n<section id=\"company\" class=\"product-section\">\n<h2>Gi\u1edbi thi\u1ec7u v\u1ec1 ch\u00fang t\u00f4i<\/h2>\n<p>\n            <span class=\"highlight\"><strong>HCBIOPHARM c\u00f3 tr\u1ee5 s\u1edf t\u1ea1i Thung l\u0169ng Silicon, Hoa K\u1ef3.<\/strong><\/span>.<br \/>\n            D\u1ef1a tr\u00ean c\u00f4ng ngh\u1ec7 sinh h\u1ecdc c\u1ee7a ri\u00eang ch\u00fang t\u00f4i \u0111\u00e3 t\u00edch l\u0169y trong h\u01a1n 25 n\u0103m,<br \/>\n            <span class=\"highlight\">Thu\u1ed1c OTC c\u00f3 th\u00e0nh ph\u1ea7n t\u1ef1 nhi\u00ean<\/span>v\u00e0 ch\u00fang t\u00f4i ph\u00e1t tri\u1ec3n th\u1ef1c ph\u1ea9m ch\u1ee9c n\u0103ng t\u1ed1t cho s\u1ee9c kh\u1ecfe.<br \/>\n            Hi\u1ec7n nay, <span class=\"highlight\">ch\u00fang t\u00f4i c\u00f3 nhi\u1ec1u s\u1ea3n ph\u1ea9m \u0111\u00e3 \u0111\u01b0\u1ee3c \u0111\u0103ng k\u00fd v\u1edbi FDA Hoa K\u1ef3<\/span>. V\u00e0<br \/>\n            \uc804 \uc138\uacc4 \uc18c\ube44\uc790\ub4e4\uc5d0\uac8c \uacfc\ud559\uc801\uc774\uace0 \uc548\uc804\ud55c \uac74\uac15 \uc194\ub8e8\uc158\uc744 \uc81c\uacf5\ud558\uace0 \uc788\uc2b5\ub2c8\ub2e4.\n        <\/p>\n<\/section>\n<p>    <!-- 2. \uc81c\ud488 \uc18c\uac1c --><\/p>\n<section id=\"introduction\" class=\"product-section\">\n<h2>Gi\u1edbi thi\u1ec7u s\u1ea3n ph\u1ea9m<\/h2>\n<p>\n            <strong><span class=\"highlight\">Cell Energy Booster S<\/span><\/strong>.<br \/>\n            <span class=\"highlight\">\uccb4\ub0b4 \uc5fc\uc99d \uac1c\uc120<\/span>\uc744 \uc911\uc2ec\uc73c\ub85c \uae09\uc131 \uc704\uc5fc \ubc0f \uc704\uc7a5 \uac74\uac15, \uac04 \uae30\ub2a5 \uac1c\uc120\uc5d0 \ud2b9\ud654\ub41c \uc885\ud569 \uc601\uc591 \ubcf4\ucda9\uc81c\uc785\ub2c8\ub2e4.<br \/>\n            <span class=\"highlight\">27\uac00\uc9c0 \uc9c8 \uc88b\uc740 \uc601\uc591\ubd84<\/span>\uc774 \ud568\uc720\ub418\uc5b4, \uc18d\uc4f0\ub9bc, \ub354\ubd80\ub8e9\ud568, \uc2e0\ubb3c, \uc704\ud1b5\uc99d \ub4f1 \uc704\uc7a5 \ubd88\ud3b8\uac10\uc744 \uc644\ud654\ud558\uace0,<br \/>\n            \uccb4\ub0b4 \uc5fc\uc99d\uc131 \uc9c0\ud45c\ub97c \ub0ae\ucdb0 \uc804\uc2e0 \uac74\uac15\uc744 \uc720\uc9c0\ud569\ub2c8\ub2e4. \ub610\ud55c, \ud608\ub2f9\u00b7\ud608\uc555 \uc870\uc808, \ube44\ub9cc \uac1c\uc120, \uc800\uccb4\uc628\uc99d \uac1c\uc120 \ub4f1 \ub2e4\ubc29\uba74 \uac74\uac15 \ud6a8\uacfc\ub97c \uc81c\uacf5\ud569\ub2c8\ub2e4.\n        <\/p>\n<\/section>\n<p>    <!-- 3. \uc8fc\uc694 \ud6a8\uacfc --><\/p>\n<section id=\"functions\" class=\"product-section\">\n<h2>T\u00e1c d\u1ee5ng ch\u00ednh<\/h2>\n<ul>\n<li><strong>\uc18c\uc5fc(\ud56d\uc5fc) \uc791\uc6a9:<\/strong> \uccb4\ub0b4 \uc5fc\uc99d\uc131 \uc0ac\uc774\ud1a0\uce74\uc778\uc744 \uc5b5\uc81c\ud558\uace0,<br \/>\n                <span class=\"highlight\">\uc790\uc720 \ub77c\ub514\uce7c \uc81c\uac70<\/span>\ub97c \ud1b5\ud574 \ub9cc\uc131 \uc5fc\uc99d\uc744 \uc644\ud654\ud569\ub2c8\ub2e4.<\/li>\n<li><strong>\uae09\uc131 \uc704\uc5fc \uac1c\uc120:<\/strong> \uc704 \uc870\uc9c1 \uad6c\uc870\ub97c \uac1c\uc120\ud558\uc5ec \uc18d\uc4f0\ub9bc, \ub354\ubd80\ub8e9\ud568, \uc2e0\ubb3c \ub4f1\uc758 \uc99d\uc0c1\uc744 \uc644\ud654\ud569\ub2c8\ub2e4.<\/li>\n<li><strong>\uac04 \uae30\ub2a5 \uc548\uc815:<\/strong> AST, ALT \ub4f1 \uac04 \ud6a8\uc18c \uc218\uce58\ub97c \uc548\uc815\uc2dc\ucf1c \uac04 \uac74\uac15\uc744 \ubcf4\uc870\ud569\ub2c8\ub2e4.<\/li>\n<li><strong>\ud608\ub2f9\u00b7\ud608\uc555\u00b7\uccb4\uc628 \uc870\uc808:<\/strong> \ud608\ub2f9 \uc2a4\ud30c\uc774\ud06c \uc5b5\uc81c, \ud608\uc555 \uc548\uc815\ud654, \uccb4\uc628 \uc0c1\uc2b9(0.18~0.32\u2103)\uc744 \ud1b5\ud574 \uc804\uc2e0 \ub300\uc0ac \ubc0f \uba74\uc5ed\ub825\uc744 \uac1c\uc120\ud569\ub2c8\ub2e4.<\/li>\n<li><strong>\uba74\uc5ed\ub825 \ubc0f \ud68c\ubcf5\ub825 \uc99d\ub300:<\/strong> \uba74\uc5ed\uc138\ud3ec \ud65c\uc131\ud654\ub97c \ud1b5\ud574 \uac10\uc5fc \ubc0f \uc5fc\uc99d\uc5d0 \ub300\ud55c \uc800\ud56d\ub825\uc744 \ub192\uc774\uace0, \ube60\ub978 \ud68c\ubcf5\uc744 \uc9c0\uc6d0\ud569\ub2c8\ub2e4.<\/li>\n<li><strong>\uc18d\uc4f0\ub9bc \uc644\ud654:<\/strong> \ub2e4\ub978 \uace1\ubb3c \uc81c\ud488 \uc12d\ucde8 \uc2dc \ubc1c\uc0dd\ud558\ub294 \uc18d\uc4f0\ub9bc\uacfc \uc704\uc7a5 \ubd88\ud3b8\uac10\uc744 \uac1c\uc120\ud569\ub2c8\ub2e4.<\/li>\n<\/ul>\n<\/section>\n<p>    <!-- 4. \uacfc\ud559\uc801 \uadfc\uac70 --><\/p>\n<section id=\"mechanism\" class=\"product-section\">\n<h2>\uacfc\ud559\uc801 \uadfc\uac70<\/h2>\n<ul>\n<li><strong>\ud56d\uc5fc\uc99d \uae30\uc804:<\/strong> \u201cAnti-Inflammatory Effects of Natural Compounds in Gastrointestinal Disorders\u201d &#8211; Gastroenterology Reviews<\/li>\n<li><strong>\uc704 \uc870\uc9c1 \uac1c\uc120:<\/strong> \u201cHerbal Extracts for Acute Gastritis: Histological and Molecular Findings\u201d &#8211; Journal of Gastrointestinal Research<\/li>\n<li><strong>\uac04 \uae30\ub2a5 \uac1c\uc120:<\/strong> \u201cImpact of Nutraceuticals on Liver Enzymes and Metabolism\u201d &#8211; Hepatology Insights<\/li>\n<li><strong>\uc800\uccb4\uc628\uc99d \ubc0f \ub300\uc0ac \uac1c\uc120:<\/strong> \u201cThermoregulation and Immune Modulation by Dietary Supplements\u201d &#8211; Nature Metabolism<\/li>\n<\/ul>\n<\/section>\n<p>    <!-- 5. \uc784\uc0c1 \uacb0\uacfc --><\/p>\n<section id=\"clinical\" class=\"product-section\">\n<h2>\uc784\uc0c1 \uacb0\uacfc<\/h2>\n<ul>\n<li><strong>\uae09\uc131 \uc704\uc5fc \uac1c\uc120:<\/strong> 3\uac1c\uc6d4 \ubcf5\uc6a9 \ud6c4 \uc704 \uc870\uc9c1 \uad6c\uc870\uac00 \uc815\uc0c1\uc5d0 \uac00\uae5d\uac8c \ud68c\ubcf5\ub418\uace0, \uc18d\uc4f0\ub9bc\u00b7\ub354\ubd80\ub8e9\ud568\uc774 \uc720\uc758\ubbf8\ud558\uac8c \uac10\uc18c<\/li>\n<li><strong>\uac04 \uae30\ub2a5 \uc218\uce58 \uac1c\uc120:<\/strong> AST, ALT \ub4f1\uc758 \uac04 \ud6a8\uc18c \uc218\uce58\uac00 \uc548\uc815\uc801\uc73c\ub85c \ub0ae\uc544\uc9d0<\/li>\n<li><strong>\uc5fc\uc99d\uc131 \uc9c0\ud45c \uac10\uc18c:<\/strong> CRP, IL-6, TNF-\u03b1 \ub4f1\uc758 \uc5fc\uc99d\uc131 \uc0ac\uc774\ud1a0\uce74\uc778\uc774 \ud604\uc800\ud788 \uac10\uc18c<\/li>\n<li><strong>\ud608\uc555 \ubc0f \uccb4\uc628 \uac1c\uc120:<\/strong> \uc218\ucd95\uae30 \ubc0f \uc774\uc644\uae30 \ud608\uc555\uc774 \ud3c9\uade0 6~9mmHg \uac10\uc18c, \uccb4\uc628\uc774 0.18~0.32\u2103 \uc0c1\uc2b9<\/li>\n<\/ul>\n<p>\n            \uc774\ub7ec\ud55c \uc784\uc0c1 \uacb0\uacfc\ub294 <strong>Cell Energy Booster S<\/strong>\uac00 \uc804\uc2e0 \uc5fc\uc99d \uac1c\uc120\uacfc \uc704\uc7a5 \uac74\uac15 \ubcf4\uc870\uc5d0 \ud6a8\uacfc\uc801\uc784\uc744 \uc785\uc99d\ud569\ub2c8\ub2e4.\n        <\/p>\n<\/section>\n<p>    <!-- 6. \uc12d\ucde8 \ubc29\ubc95 --><\/p>\n<section id=\"usage\" class=\"product-section\">\n<h2>C\u00e1ch s\u1eed d\u1ee5ng<\/h2>\n<ul>\n<li><strong>\uae30\ubcf8 \ubcf5\uc6a9:<\/strong> \ud558\ub8e8 1~2\ud68c, <span class=\"highlight\">1\ud3ec\uc529 \ubb3c\uc774\ub098 \uc74c\ub8cc\uc5d0 \ud0c0\uc11c<\/span> \uc12d\ucde8\ud569\ub2c8\ub2e4.<\/li>\n<li><strong>\ucd94\uac00 \ubcf5\uc6a9:<\/strong> \uc18d\uc4f0\ub9bc\u00b7\uc704\ud1b5\uc774 \uc2ec\ud560 \uacbd\uc6b0 \uc544\uce68\uacfc \uc800\ub141 \uc2dd\uc0ac \uc804 \ucd94\uac00 \ubcf5\uc6a9\uc774 \uac00\ub2a5\ud569\ub2c8\ub2e4.<\/li>\n<li><strong>\uc7a5\uae30 \ubcf5\uc6a9 \uad8c\uc7a5:<\/strong> 3\uac1c\uc6d4 \uc774\uc0c1 \uafb8\uc900\ud788 \ubcf5\uc6a9\ud558\uba74 \uc704\uc7a5 \ubc0f \uac04 \uae30\ub2a5, \uc804\uc2e0 \uc5fc\uc99d \uac1c\uc120 \ud6a8\uacfc\uac00 \uadf9\ub300\ud654\ub429\ub2c8\ub2e4.<\/li>\n<li><strong>\uc6b4\ub3d9 \uc120\uc218:<\/strong> \uc6b4\ub3d9 \uc804\ud6c4\ub85c \ucd94\uac00 \uc12d\ucde8 \uc2dc \uadfc\ub825 \ud68c\ubcf5\uacfc \uc5d0\ub108\uc9c0 \ubcf4\ucda9\uc5d0 \ub3c4\uc6c0\ub429\ub2c8\ub2e4.<\/li>\n<\/ul>\n<\/section>\n<p>    <!-- 7. \uc81c\ud488 \ud2b9\uc9d5 --><\/p>\n<section id=\"features\" class=\"product-section\">\n<h2>\uc81c\ud488 \ud2b9\uc9d5<\/h2>\n<ul>\n<li><strong>\uc18c\uc5fc(\ud56d\uc5fc) \uc131\ubd84 \uac15\ud654:<\/strong> <span class=\"highlight\">27\uac00\uc9c0 \uc9c8 \uc88b\uc740 \uc601\uc591\ubd84<\/span>\uc774 \uccb4\ub0b4 \uc5fc\uc99d \uc5b5\uc81c\uc640 \uc704 \uc810\ub9c9 \ubcf4\ud638\uc5d0 \uc9d1\uc911\ub429\ub2c8\ub2e4.<\/li>\n<li><strong>\uc885\ud569 \ub300\uc0ac \uc9c0\uc6d0:<\/strong> \ud608\ub2f9\u00b7\ud608\uc555\u00b7\uccb4\uc628 \uc870\uc808 \ubc0f \uac04 \uae30\ub2a5 \ubcf4\uc870\ub97c \ud1b5\ud574 \uc804\uc2e0 \ub300\uc0ac\ub97c \uac1c\uc120\ud569\ub2c8\ub2e4.<\/li>\n<li><strong>\uc704\uc7a5 \ubd88\ud3b8\uac10 \uc644\ud654:<\/strong> \ub2e4\ub978 \uace1\ubb3c\uc81c\ud488 \uc12d\ucde8 \uc2dc \ubc1c\uc0dd\ud558\ub294 \uc18d\uc4f0\ub9bc, \ub354\ubd80\ub8e9\ud568, \uc2e0\ubb3c \ub4f1\uc758 \uc99d\uc0c1\uc744 \uac1c\uc120\ud558\uc5ec<br \/>\n                <span class=\"highlight\">\uae09\uc131 \uc704\uc5fc \uc99d\uc0c1<\/span>\uc744 \uc644\ud654\ud569\ub2c8\ub2e4.<\/li>\n<li><strong>\ud3b8\ub9ac\ud55c \uc12d\ucde8:<\/strong> \uc2a4\ud2f1 \ud615\ud0dc\ub85c \ud734\ub300\uac00 \uc6a9\uc774\ud558\uba70, \ubb3c\uc774\ub098 \uc74c\ub8cc\uc640 \uc27d\uac8c \uc11e\uc5ec \ubd80\ub2f4 \uc5c6\uc774 \uc12d\ucde8\ud560 \uc218 \uc788\uc2b5\ub2c8\ub2e4.<\/li>\n<\/ul>\n<\/section>\n<p>    <!-- 8. \uc548\uc804\uc131 \ubc0f \uc8fc\uc758\uc0ac\ud56d --><\/p>\n<section id=\"disclaimer\" class=\"product-section\">\n<h2>An to\u00e0n v\u00e0 Ph\u00f2ng ng\u1eeba<\/h2>\n<ul>\n<li><strong>N\u00ean tham kh\u1ea3o \u00fd ki\u1ebfn chuy\u00ean gia:<\/strong> \uc784\uc0b0\ubd80, \ub178\uc57d\uc790, \ub9cc\uc131 \uc9c8\ud658\uc790, \uc790\uac00\uba74\uc5ed \uc9c8\ud658 \ubcf4\uc720\uc790\ub294 \ubcf5\uc6a9 \uc804<br \/>\n                <span class=\"highlight\">Tham kh\u1ea3o t\u01b0 v\u1ea5n t\u1eeb chuy\u00ean gia<\/span>\uc640 \uc0c1\uc758\ud558\uc2dc\uae30 \ubc14\ub78d\ub2c8\ub2e4.<\/li>\n<li><strong>\uacfc\ub2e4 \ubcf5\uc6a9 \uc8fc\uc758:<\/strong> \uad8c\uc7a5\ub7c9 \uc774\uc0c1 \uc12d\ucde8 \uc2dc \uc608\uc0c1\uce58 \ubabb\ud55c \ubd80\uc791\uc6a9(\uc18c\ud654 \uc7a5\uc560, \ud608\uc555 \ubcc0\ud654 \ub4f1)\uc774 \ubc1c\uc0dd\ud560 \uc218 \uc788\uc2b5\ub2c8\ub2e4.<\/li>\n<li><strong>\uc0dd\ud65c\uc2b5\uad00 \ubcd1\ud589:<\/strong> \uade0\ud615 \uc7a1\ud78c \uc2dd\ub2e8, \uaddc\uce59\uc801\uc778 \uc6b4\ub3d9, \ucda9\ubd84\ud55c \uc218\ubd84 \uc12d\ucde8\uc640 \ud568\uaed8 \uc12d\ucde8\ud558\uba74<br \/>\n                <span class=\"highlight\">\ud608\ub2f9 \uc870\uc808<\/span>, <span class=\"highlight\">\ube44\ub9cc \uc5b5\uc81c<\/span>, <span class=\"highlight\">\uac04 \uac74\uac15<\/span> \uac1c\uc120 \ud6a8\uacfc\uac00 \uadf9\ub300\ud654\ub429\ub2c8\ub2e4.<\/li>\n<li><strong>Ki\u1ec3m tra ph\u00e2n lo\u1ea1i ph\u00e1p l\u00fd:<\/strong> \uad6d\ub0b4\uc678 \ubc95\uc801 \ubd84\ub958(\uc758\uc57d\uc678\ud488, \uac74\uac15\uae30\ub2a5\uc2dd\ud488 \ub4f1)\uc5d0 \ub530\ub77c \ud45c\uc2dc \ubc0f \uad11\uace0 \uaddc\uc815\uc774 \ub2e4\ub97c \uc218 \uc788\uc73c\ubbc0\ub85c,<br \/>\n                <span class=\"highlight\">B\u1ed9 An to\u00e0n Th\u1ef1c ph\u1ea9m v\u00e0 D\u01b0\u1ee3c ph\u1ea9m<\/span> \ub610\ub294 <span class=\"highlight\">Th\u1ef1c ph\u1ea9m ch\u1ee9c n\u0103ng \u0111\u0103ng k\u00ed FDA<\/span> \uac00\uc774\ub4dc\ub77c\uc778\uc744 \ubc18\ub4dc\uc2dc \ud655\uc778\ud558\uc138\uc694.<\/li>\n<li><strong>\uc784\uc0c1\uc801 \uadfc\uac70 \uc790\ub8cc:<\/strong> \uc81c\ud488 \ud6a8\uacfc\uc5d0 \uad00\ud55c \ucd94\uac00 \uc5f0\uad6c\ub098 \ub17c\ubb38 \uc790\ub8cc\uac00 \ud544\uc694\ud558\uc2dc\uba74<br \/>\n                \uace0\uac1d\uc13c\ud130\ub85c \ubb38\uc758\ud558\uc2dc\uae30 \ubc14\ub78d\ub2c8\ub2e4.<\/li>\n<\/ul>\n<\/section>\n<\/div>\n<style>\n\/* \uae30\ubcf8 \uc2a4\ud0c0\uc77c *\/\n.product-box {\n    width: 100%;\n    padding: 0;\n    margin: 0;\n    box-sizing: border-box;\n}<\/p>\n<p>.product-section {\n    margin-bottom: 20px;\n    width: 100%;\n}<\/p>\n<p>.product-section h2 {\n    font-size: 1.8em;\n    margin-bottom: 10px;\n}<\/p>\n<p>.product-section p, .product-section ul li {\n    font-size: 1.2em;\n    line-height: 1.6;\n    margin: 5px 0;\n}<\/p>\n<p>.highlight {\n    color: #000;\n    background-color: #fff3cd;\n    font-weight: bold;\n    padding: 1px 3px;\n}<\/p>\n<p>\/* \ubc18\uc751\ud615: \uc88c\uc6b0 \uc5ec\ubc31 \uc5c6\uc774 \uaf49 \ucc28\uac8c *\/\n@media (max-width: 768px) {\n    .product-box, .product-section {\n        width: 100%;\n        padding: 0;\n        margin: 0;\n        box-sizing: border-box;\n    }\n    .product-section p, .product-section ul li {\n        font-size: 1.2em;\n        margin: 8px 0;\n        padding: 0;\n        width: 100%;\n    }\n    .product-section h2 {\n        font-size: 1.8em;\n        padding: 0;\n    }\n}\n<\/style>\n<p>[\/ux_text]<\/p>","protected":false},"excerpt":{"rendered":"<p>[ux_text line_height__sm=&#8221;0.75&#8243; text_align__sm=&#8221;left&#8221;]<\/p>\n<div id=\"tabs\" class=\"tabs\" style=\"width:100%;\">\n<div","protected":false},"featured_media":2071,"comment_status":"open","ping_status":"closed","template":"","meta":[],"product_brand":[],"product_cat":[15],"product_tag":[],"class_list":{"0":"post-2140","1":"product","2":"type-product","3":"status-publish","4":"has-post-thumbnail","6":"product_cat-15","8":"first","9":"outofstock","10":"shipping-taxable","11":"purchasable","12":"product-type-simple"},"_links":{"self":[{"href":"https:\/\/doori.shop\/vi\/wp-json\/wp\/v2\/product\/2140","targetHints":{"allow":["GET"]}}],"collection":[{"href":"https:\/\/doori.shop\/vi\/wp-json\/wp\/v2\/product"}],"about":[{"href":"https:\/\/doori.shop\/vi\/wp-json\/wp\/v2\/types\/product"}],"replies":[{"embeddable":true,"href":"https:\/\/doori.shop\/vi\/wp-json\/wp\/v2\/comments?post=2140"}],"version-history":[{"count":0,"href":"https:\/\/doori.shop\/vi\/wp-json\/wp\/v2\/product\/2140\/revisions"}],"wp:featuredmedia":[{"embeddable":true,"href":"https:\/\/doori.shop\/vi\/wp-json\/wp\/v2\/media\/2071"}],"wp:attachment":[{"href":"https:\/\/doori.shop\/vi\/wp-json\/wp\/v2\/media?parent=2140"}],"wp:term":[{"taxonomy":"product_brand","embeddable":true,"href":"https:\/\/doori.shop\/vi\/wp-json\/wp\/v2\/product_brand?post=2140"},{"taxonomy":"product_cat","embeddable":true,"href":"https:\/\/doori.shop\/vi\/wp-json\/wp\/v2\/product_cat?post=2140"},{"taxonomy":"product_tag","embeddable":true,"href":"https:\/\/doori.shop\/vi\/wp-json\/wp\/v2\/product_tag?post=2140"}],"curies":[{"name":"wp","href":"https:\/\/api.w.org\/{rel}","templated":true}]}}