{"id":2136,"date":"2025-03-08T18:54:50","date_gmt":"2025-03-08T18:54:50","guid":{"rendered":"https:\/\/doori.shop\/product\/cdo\/"},"modified":"2025-07-10T04:20:02","modified_gmt":"2025-07-09T19:20:02","slug":"cdo1","status":"publish","type":"product","link":"https:\/\/doori.shop\/vi\/san-pham\/cdo1\/","title":{"rendered":"CARDIOZOL"},"content":{"rendered":"<div class=\"product-box\">\n<p><!-- 1. \uc81c\ud488 \uc18c\uac1c --><\/p>\n<section id=\"cardiozol-introduction\" class=\"product-section\"><strong>\u2764\ufe0f<\/strong><strong> Thu\u1ed1c tim m\u1ea1ch <\/strong><strong>.<\/strong><\/p>\n<p><strong>S\u1ea3n ph\u1ea9m cao c\u1ea5p c\u1ea3i thi\u1ec7n tim m\u1ea1ch &amp; <\/strong><strong>tu\u1ea7n ho\u00e0n m\u00e1u <\/strong><strong>.<\/strong><br \/>\n<em>3<\/em><em>V\u1edbi 3 ti\u00eau ch\u00ed: L\u1ef1a ch\u1ecdn k\u0129 c\u00e0ng, <\/em><em>. <\/em><em>An to\u00e0n cho <\/em><em>Tim <\/em><em>&amp; M\u1ea1ch m\u00e1u <\/em><em>.<\/em><\/p>\n<p><strong>\u2705<\/strong> <strong>T\u00f4i khuy\u00ean<\/strong> <strong>b\u1ea1n<\/strong> <strong>n\u00ean d\u00f9ng s\u1ea3n ph\u1ea9m n\u00e0y<\/strong><\/p>\n<p>\ud83d\udfe2 Nh\u1eefng ng\u01b0\u1eddi lo l\u1eafng v\u1ec1 t\u00ecnh tr\u1ea1ng huy\u1ebft \u00e1p t\u0103ng gi\u1ea3m th\u01b0\u1eddng xuy\u00ean<br \/>\n\ud83d\udfe2 Nh\u1eefng ng\u01b0\u1eddi mu\u1ed1n ki\u1ec3m so\u00e1t l\u01b0u th\u00f4ng m\u00e1u, cholesterol v\u00e0 ch\u1ea5t b\u00e9o trung t\u00ednh<br \/>\n\ud83d\udfe2 Nh\u1eefng ng\u01b0\u1eddi b\u1ecb lo \u00e2u, c\u00e1c tri\u1ec7u ch\u1ee9ng ho\u1ea3ng lo\u1ea1n v\u00e0 r\u1ed1i lo\u1ea1n gi\u1ea5c ng\u1ee7<br \/>\n\ud83d\udfe2 D\u00e0nh cho nh\u1eefng ai \u0111ang t\u00ecm ki\u1ebfm m\u1ed9t s\u1ea3n ph\u1ea9m l\u00e2u d\u00e0i \u0111\u01b0\u1ee3c l\u00e0m t\u1eeb c\u00e1c th\u00e0nh ph\u1ea7n t\u1ef1 nhi\u00ean<\/p>\n<p><strong>\ud83c\udf3f<\/strong> <strong>S\u1ea3n ph\u1ea9m<\/strong> <strong>Gi\u1edbi thi\u1ec7u<\/strong><\/p>\n<p>Thu\u1ed1c CARDIOZOL<br \/>\n\u0110\u01b0\u1ee3c d\u00f9ng \u0111\u1ec3 c\u1ea3i thi\u1ec7n ch\u1ee9c n\u0103ng tim m\u1ea1ch v\u00e0 l\u01b0u th\u00f4ng m\u00e1u <strong>C\u00e1c th\u00e0nh ph\u1ea7n th\u00edch h\u1ee3p. <\/strong><strong>. <\/strong><strong>. <\/strong><strong>.\u0110\u00e2y l\u00e0 Th\u1ef1c ph\u1ea9m b\u1ed5 tr\u1ee3 cho s\u1ee9c kh\u1ecfe<\/strong>.<br \/>\n<strong>\u0110\u1ea1t ch\u1ee9ng nh\u1eadn cGMP Hoa K\u1ef3 <\/strong><strong>. <\/strong><strong>.<\/strong>L\u00e0 s\u1ea3n ph\u1ea9m v\u1eeba an to\u00e0n v\u1eeba ch\u1ea5t l\u01b0\u1ee3ng.<\/p>\n<p><strong>\ud83d\udc8a<\/strong> <strong>L\u01b0\u1ee3ng ti\u00eau th\u1ee5<\/strong> <strong>Ph\u01b0\u01a1ng ph\u00e1p v\u00e0 li\u1ec1u d\u00f9ng<\/strong><\/p>\n<p>\ud83d\udd52 <strong>Li\u1ec1u d\u00f9ng<\/strong>: 2~3 vi\u00ean nang m\u1ed7i ng\u00e0y, <strong>tr\u01b0\u1edbc <\/strong><strong>khi <\/strong><strong>c\u00f3 th\u1ec3 s\u1eed d\u1ee5ng<br \/>\n<\/strong>\u2714\ufe0f<strong>\u0110\u00f3ng g\u00f3i:<\/strong> 60 vi\u00ean nang m\u1ed7i l\u1ecd<br \/>\n\ud83c\udf19 <strong>H\u1ed7 tr\u1ee3 \u0111\u1ec3 c\u00f3 gi\u1ea5c ng\u1ee7 s\u00e2u <\/strong><strong>.<\/strong>, c\u00f3 hi\u1ec7u qu\u1ea3 trong vi\u1ec7c l\u00e0m gi\u1ea3m c\u00e1c tri\u1ec7u ch\u1ee9ng lo \u00e2u<br \/>\n\ud83d\udce6 <strong>. <\/strong><strong>L\u01b0\u1ee3ng ti\u00eau th\u1ee5 <\/strong><strong>. <\/strong><strong>:<\/strong>:<br \/>\n\u2013 Bu\u1ed5i s\u00e1ng: Breazen<br \/>\n\u2013 \u0110\u00eam: Cardiozol (<strong>nh\u01b0 nhau <\/strong><strong>ch\u1ec9 \u0111\u1ecbnh d\u00f9ng m\u1ed9t gi\u1edd nh\u01b0 nhau <\/strong><strong>c\u00f3 th\u1ec3 s\u1eed d\u1ee5ng <\/strong><strong>.<\/strong>)<br \/>\n\ud83e\udded <strong>Khuy\u1ebfn ngh\u1ecb<\/strong>: D\u00f9ng li\u00ean t\u1ee5c trong 8 th\u00e1ng, sau \u0111\u00f3  t\u00f9y thu\u1ed9c v\u00e0o t\u00ecnh tr\u1ea1ng b\u1ec7nh s\u1ebd s\u1eed d\u1ee5ng ti\u1ebfp hay t\u1ea1m ng\u01b0ng s\u1eed d\u1ee5ng.<br \/>\n\ud83d\udeab <strong>:<\/strong>: Vui l\u00f2ng tr\u00e1nh xa r\u01b0\u1ee3u, thu\u1ed1c l\u00e1, \u0111\u1ed3 \u0103n l\u1ea1nh v\u00e0 \u0111\u1ed3 \u0103n ng\u1ecdt c\u00e0ng nhi\u1ec1u c\u00e0ng t\u1ed1t.<\/p>\n<p><strong>\ud83d\udcaa<\/strong> <strong>.<\/strong> <strong>c\u00f4ng d\u1ee5ng<\/strong> <strong>ch\u00ednh<\/strong><\/p>\n<table>\n<thead>\n<tr>\n<td><strong>\ud83d\udca1 <\/strong><strong>c\u00f4ng d\u1ee5ng<\/strong><\/td>\n<td><strong>L\u1eddi gi\u1ea3i th\u00edch<\/strong><\/td>\n<\/tr>\n<\/thead>\n<tbody>\n<tr>\n<td><strong>M\u1ea1ch m\u00e1u <\/strong><strong>m\u1edf r\u1ed9ng &amp; <\/strong><strong>\u0111\u1ed9 \u0111\u00e0n h\u1ed3i <\/strong><strong>.<\/strong><\/td>\n<td>C\u1ea3i thi\u1ec7n t\u00ednh linh ho\u1ea1t c\u1ee7a m\u1ea1ch m\u00e1u b\u1eb1ng c\u00e1ch k\u00edch th\u00edch oxit nitric (NO)<\/td>\n<\/tr>\n<tr>\n<td><strong>Ch\u1ed1ng vi\u00eam\u00b7<\/strong><strong>Ch\u1ea5t ch\u1ed1ng oxy h\u00f3a <\/strong><strong>Ho\u1ea1t \u0111\u1ed9ng<\/strong><\/td>\n<td>Lo\u1ea1i b\u1ecf oxy ho\u1ea1t \u0111\u1ed9ng v\u00e0 \u1ee9c ch\u1ebf x\u01a1 v\u1eefa \u0111\u1ed9ng m\u1ea1ch<\/td>\n<\/tr>\n<tr>\n<td><strong>Cholesterol &amp; <\/strong><strong>Ch\u1ea5t b\u00e9o trung t\u00ednh <\/strong><strong>.<\/strong><\/td>\n<td>\u1ee8c ch\u1ebf qu\u00e1 tr\u00ecnh oxy h\u00f3a LDL, duy tr\u00ec HDL v\u00e0 c\u00e2n b\u1eb1ng lipid<\/td>\n<\/tr>\n<tr>\n<td><strong>Gi\u1ea3m c\u1ea3m gi\u00e1c lo \u00e2u, b\u1ed3n ch\u1ed3n<\/strong><strong>. <\/strong><strong>. <\/strong><strong>gi\u1ea5c ng\u1ee7 <\/strong><strong>.<\/strong><\/td>\n<td>\u1ed4n \u0111\u1ecbnh h\u1ec7 th\u1ea7n kinh t\u1ef1 ch\u1ee7 b\u1eb1ng c\u00e1ch t\u0103ng c\u01b0\u1eddng ch\u1ee9c n\u0103ng tim<\/td>\n<\/tr>\n<\/tbody>\n<\/table>\n<p><strong>\ud83d\udd2c<\/strong> <strong>T\u00f3m T\u1eaft C\u00f4ng D\u1ee5ng<\/strong> <strong>:<\/strong><\/p>\n<p>\ud83c\udf3f <strong>6<\/strong><strong>Th\u00e0nh ph\u1ea7n th\u1ea3o d\u01b0\u1ee3c:<\/strong><br \/>\n\u2013<strong>\u0110\u1ecba ho\u00e0ng, <\/strong><strong>Omija, <\/strong><strong>C\u00e2y b\u1ea1ch ch\u1ec9, <\/strong><strong>Cheonmun-dong, <\/strong><strong>, Qu\u1ea3 \u0111\u00e0o, <\/strong><strong>Samsam<\/strong><br \/>\n\u2192 <strong>Tim m\u1ea1ch &amp; <\/strong><strong>th\u1ea7n kinh <\/strong><strong>\u1ed5n \u0111\u1ecbnh <\/strong><strong>C\u00f3 th\u1ec3 k\u1ebft h\u1ee3p d\u00f9ng s\u1ea3n ph\u1ea9m n\u00e0y \u0111\u1ec3 \u0111\u1ea1t hi\u1ec7u qu\u1ea3 <\/strong><strong>. <\/strong><strong>.<\/strong><\/p>\n<p><strong>\ud83c\udfc6<\/strong> <strong>Cardizol<\/strong> <strong>S\u1ef1 kh\u00e1c bi\u1ec7t<\/strong> <strong>:<\/strong><\/p>\n<p>\u2714\ufe0f <strong>3<\/strong><strong>V\u1edbi 3 ti\u00eau ch\u00ed: L\u1ef1a ch\u1ecdn k\u0129 c\u00e0ng, <\/strong><strong>. <\/strong><strong>.<\/strong>: M\u1ea1ch m\u00e1u \u2192 vi\u00eam \u2192 lipid c\u00f9ng m\u1ed9t l\u00fac<br \/>\n\u2714\ufe0f <strong>Nh\u00e0 m\u00e1y \u0111\u1ea1t ti\u00eau chu\u1ea9n <\/strong><strong>. <\/strong><strong>:<\/strong>: Quy tr\u00ecnh ch\u1ea5t l\u01b0\u1ee3ng cao theo ti\u00eau chu\u1ea9n FDA Hoa K\u1ef3<br \/>\n\u2714\ufe0f <strong>C\u00e1c th\u00e0nh ph\u1ea7n th\u00edch h\u1ee3p. <\/strong><strong>: <\/strong><strong>.<\/strong>: Kh\u00f4ng \u0111\u01b0\u1eddng, kh\u00f4ng ph\u1ee5 gia, KH\u00d4NG GMO<br \/>\n\u2714\ufe0f <strong>Tim m\u1ea1ch + <\/strong><strong>th\u1ea7n kinh <\/strong><strong>S\u1ef1 \u1ed5n \u0111\u1ecbnh + <\/strong><strong>gi\u1ea5c ng\u1ee7 <\/strong><strong>.<\/strong> <strong>- S\u1ea3n ph\u1ea9m g\u1ed3m Ba <\/strong><strong>c\u00f4ng d\u1ee5ng<\/strong><\/p>\n<p><strong>\u26a0\ufe0f<\/strong> <strong>L\u01b0\u1ee3ng ti\u00eau th\u1ee5<\/strong> <strong>.<\/strong> <strong>Xin vui l\u00f2ng<\/strong> <strong>ki\u1ec3m tra<\/strong><\/p>\n<ul>\n<li><strong>Tham kh\u1ea3o t\u01b0 v\u1ea5n t\u1eeb chuy\u00ean gia <\/strong><strong>khi <\/strong><strong>s\u1eed d\u1ee5ng<\/strong>: Huy\u1ebft \u00e1p cao, ti\u1ec3u \u0111\u01b0\u1eddng, b\u1ec7nh tim, ph\u1ee5 n\u1eef mang thai v\u00e0 ng\u01b0\u1eddi cao tu\u1ed5i<\/li>\n<li><strong>Thu\u1ed1c <\/strong><strong>. <\/strong><strong>:<\/strong>: Tham kh\u1ea3o \u00fd ki\u1ebfn chuy\u00ean gia khi d\u00f9ng chung v\u1edbi thu\u1ed1c \u0111i\u1ec1u tr\u1ecb huy\u1ebft \u00e1p ho\u1eb7c thu\u1ed1c ch\u1ed1ng \u0111\u00f4ng m\u00e1u.<\/li>\n<\/ul>\n<\/section>\n<\/div>","protected":false},"excerpt":{"rendered":"<div class=\"product-box\">\n<div id=\"summary\" class=\"tab-content active\">\n<section class=\"product-section\">\n<h2><span class=\"highlight\">T\u00f3m t\u1eaft s\u1ea3n ph\u1ea9m<\/span><\/h2>\n<p><strong><span class=\"highlight\">\u2705 CARDIOZOL<\/span><\/strong>\u0111\u01b0\u1ee3c s\u1ea3n xu\u1ea5t t\u1eeb th\u00e0nh ph\u1ea7n t\u1ef1 nhi\u00ean gi\u00fap cho s\u1ee9c kh\u1ecfe x\u01b0\u01a1ng kh\u1edbp.<br \/>\n<span ... \n<\/p>","protected":false},"featured_media":2129,"comment_status":"open","ping_status":"closed","template":"","meta":[],"product_brand":[],"product_cat":[157],"product_tag":[],"class_list":{"0":"post-2136","1":"product","2":"type-product","3":"status-publish","4":"has-post-thumbnail","6":"product_cat-energy","8":"first","9":"instock","10":"featured","11":"shipping-taxable","12":"purchasable","13":"product-type-simple"},"_links":{"self":[{"href":"https:\/\/doori.shop\/vi\/wp-json\/wp\/v2\/product\/2136","targetHints":{"allow":["GET"]}}],"collection":[{"href":"https:\/\/doori.shop\/vi\/wp-json\/wp\/v2\/product"}],"about":[{"href":"https:\/\/doori.shop\/vi\/wp-json\/wp\/v2\/types\/product"}],"replies":[{"embeddable":true,"href":"https:\/\/doori.shop\/vi\/wp-json\/wp\/v2\/comments?post=2136"}],"version-history":[{"count":0,"href":"https:\/\/doori.shop\/vi\/wp-json\/wp\/v2\/product\/2136\/revisions"}],"wp:featuredmedia":[{"embeddable":true,"href":"https:\/\/doori.shop\/vi\/wp-json\/wp\/v2\/media\/2129"}],"wp:attachment":[{"href":"https:\/\/doori.shop\/vi\/wp-json\/wp\/v2\/media?parent=2136"}],"wp:term":[{"taxonomy":"product_brand","embeddable":true,"href":"https:\/\/doori.shop\/vi\/wp-json\/wp\/v2\/product_brand?post=2136"},{"taxonomy":"product_cat","embeddable":true,"href":"https:\/\/doori.shop\/vi\/wp-json\/wp\/v2\/product_cat?post=2136"},{"taxonomy":"product_tag","embeddable":true,"href":"https:\/\/doori.shop\/vi\/wp-json\/wp\/v2\/product_tag?post=2136"}],"curies":[{"name":"wp","href":"https:\/\/api.w.org\/{rel}","templated":true}]}}