{"id":2134,"date":"2025-03-08T18:33:05","date_gmt":"2025-03-08T18:33:05","guid":{"rendered":"https:\/\/doori.shop\/product\/pset\/"},"modified":"2025-05-26T00:35:26","modified_gmt":"2025-05-26T00:35:26","slug":"pset","status":"publish","type":"product","link":"https:\/\/doori.shop\/vi\/san-pham\/pset\/","title":{"rendered":"\uc911\ud48d(\ub1cc\uc878\uc911) \uc14b\ud2b8"},"content":{"rendered":"<div class=\"product-box\">\n<p>  <!-- 1. \uc81c\ud488 \uc18c\uac1c \/ BREAZEN + CARDIOZOL --><\/p>\n<section id=\"breazen-cardiozol-intro\" class=\"product-section\">\n<h2><span class=\"highlight\">\uc81c\ud488 \uc18c\uac1c \/ BREAZEN + CARDIOZOL<\/span><\/h2>\n<p>\n      <strong><span class=\"highlight\">BREAZEN<\/span><\/strong>\uc740 \ud2b9\uc218 \ubc14\uc774\uc624 \uae30\uc220\ub85c \ucd94\ucd9c\ub41c<br \/>\n      <span class=\"highlight\">Angelica gigas<\/span>. <span class=\"highlight\">Chlorogenic acid<\/span> \uc131\ubd84\uc774<br \/>\n      \uc2dc\ub108\uc9c0\ub97c \uc774\ub8e8\ub294 \uace0\uae30\ub2a5\uc131 \uac74\uac15\uae30\ub2a5\uc2dd\ud488\uc785\ub2c8\ub2e4. \ucc9c\uc5f0 \uc0dd\uc57d \uc131\ubd84 \uae30\ubc18\uc73c\ub85c<br \/>\n      <span class=\"highlight\">S\u1ee9c kh\u1ecfe n\u00e3o b\u1ed9<\/span>. <span class=\"highlight\">\ud5c8\ud608\uc131 \ub1cc\uc878\uc911(\uc911\ud48d)<\/span> \uc608\ubc29\uc5d0 \ud0c1\uc6d4\ud558\uba70,<br \/>\n      \u0110\u0103ng k\u00fd FDA l\u00e0 thu\u1ed1c kh\u00f4ng k\u00ea \u0111\u01a1n <span class=\"highlight\">Nh\u00e0 m\u00e1y \u0111\u1ea1t ti\u00eau chu\u1ea9n<\/span> \uc778\uc99d\uc744 \uac70\uccd0 \uc548\uc804\ud558\uace0 \uace0\ud488\uc9c8\ub85c \uc81c\uc870\ub418\uc5c8\uc2b5\ub2c8\ub2e4.\n    <\/p>\n<p>\n      <strong><span class=\"highlight\">CARDIOZOL<\/span><\/strong>\u0111\u01b0\u1ee3c s\u1ea3n xu\u1ea5t t\u1eeb th\u00e0nh ph\u1ea7n t\u1ef1 nhi\u00ean gi\u00fap cho s\u1ee9c kh\u1ecfe x\u01b0\u01a1ng kh\u1edbp.<br \/>\n      <span class=\"highlight\">\uc2ec\ud608\uad00 \uac74\uac15\uacfc \ud608\uc561\uc21c\ud658 \uac1c\uc120<\/span>\uc5d0 \uc911\uc810\uc744 \ub454 \ucc9c\uc5f0 \uc0dd\uc57d \uc131\ubd84 \uae30\ubc18 \uac74\uac15\uae30\ub2a5\uc2dd\ud488\uc785\ub2c8\ub2e4.<br \/>\n      \u0110\u0103ng k\u00fd FDA l\u00e0 thu\u1ed1c kh\u00f4ng k\u00ea \u0111\u01a1n <span class=\"highlight\">Nh\u00e0 m\u00e1y \u0111\u1ea1t ti\u00eau chu\u1ea9n<\/span> \uc778\uc99d\uc744 \ubc1b\uc740 \uc81c\uc870\uacf5\uc815\uc744 \ud1b5\ud574 \uc0dd\uc0b0\ub418\uc5b4,<br \/>\n      \uace0\uac1d\ub2d8\uaed8 \uc548\uc804\ud558\uace0 \ud6a8\uacfc\uc801\uc778 <span class=\"highlight\">\uc2ec\ud608\uad00 \ucf00\uc5b4<\/span>\ub97c \uc81c\uacf5\ud569\ub2c8\ub2e4.\n    <\/p>\n<\/section>\n<p>  <!-- 2. \uc8fc\uc694 \uae30\ub2a5 \ubc0f \ud6a8\uacfc --><\/p>\n<section id=\"breazen-cardiozol-effects\" class=\"product-section\">\n<h2><span class=\"highlight\">\uc8fc\uc694 \uae30\ub2a5 \ubc0f \ud6a8\uacfc<\/span><\/h2>\n<p>\n      <strong>3\ub2e8\uacc4 \uc2ec\ud608\uad00 \uad00\ub9ac<\/strong>:<br \/>\n      <span class=\"highlight\">1\ub2e8\uacc4: \ud608\uad00 \ud655\uc7a5 \ubc0f \ud0c4\ub825\uc131 \uac15\ud654<\/span> \u2013 \uc0b0\ud654 \uc9c8\uc18c(NO) \uc0dd\uc131 \ucd09\uc9c4, \ud608\uad00 \ub0b4\ud53c \ubcf4\ud638;<br \/>\n      <span class=\"highlight\">2\ub2e8\uacc4: \uc5fc\uc99d\u00b7\uc0b0\ud654 \uc2a4\ud2b8\ub808\uc2a4 \uc5b5\uc81c<\/span> \u2013 \ud65c\uc131\uc0b0\uc18c \uc81c\uac70, \ub3d9\ub9e5\uacbd\ud654 \uc9c4\ud589 \uc5b5\uc81c;<br \/>\n      <span class=\"highlight\">3\ub2e8\uacc4: \ucf5c\ub808\uc2a4\ud14c\ub864\u00b7\uc911\uc131\uc9c0\ubc29 \uc870\uc808<\/span> \u2013 LDL \uc0b0\ud654 \uc5b5\uc81c, \uc911\uc131\uc9c0\ubc29 \ucd95\uc801 \ubc29\uc9c0.\n    <\/p>\n<p>\n      <strong>\ud608\uc555 \uc548\uc815\ud654 &amp; \ud608\uc561\uc21c\ud658 \uac1c\uc120<\/strong>: \ud608\uad00 \ud655\uc7a5 \ubc0f \ud608\ub958 \ud750\ub984 \ucd09\uc9c4\uc73c\ub85c<br \/>\n      <span class=\"highlight\">\uace0\ud608\uc555\u00b7\ud611\uc2ec\uc99d \ub4f1 \uc2ec\ud608\uad00 \uc9c8\ud658 \uc704\ud5d8 \uc778\uc790 \uc644\ud654<\/span>H\u1ed7 tr\u1ee3 .\n    <\/p>\n<p>\n      <strong>\ud56d\uc0b0\ud654 \ubc0f \ud56d\uc5fc\uc99d \uc791\uc6a9<\/strong>: \ucc9c\uc5f0 \ud3f4\ub9ac\ud398\ub180\u00b7\ud50c\ub77c\ubcf4\ub178\uc774\ub4dc \ub4f1 \ud65c\uc131\uc0b0\uc18c(ROS)\ub97c \uc81c\uac70\ud558\uc5ec<br \/>\n      <span class=\"highlight\">\ud608\uad00 \ub0b4 \uc5fc\uc99d \uc644\ud654 \ubc0f \ub3d9\ub9e5\uacbd\ud654\u00b7\ud608\uc804 \ud615\uc131 \uc608\ubc29<\/span>\uc5d0 \uae30\uc5ec\ud569\ub2c8\ub2e4.\n    <\/p>\n<p>\n      <strong>\ucf5c\ub808\uc2a4\ud14c\ub864 \ubc0f \uc911\uc131\uc9c0\ubc29 \uad00\ub9ac<\/strong>:<br \/>\n      <span class=\"highlight\">LDL(\ub098\uc05c \ucf5c\ub808\uc2a4\ud14c\ub864) \uc0b0\ud654 \uc5b5\uc81c, HDL(\uc88b\uc740 \ucf5c\ub808\uc2a4\ud14c\ub864) \uc720\uc9c0<\/span>\ub85c<br \/>\n      \uc9c0\uc9c8 \ub300\uc0ac\ub97c \uade0\ud615\ud654\ud558\uc5ec \uc804\ubc18\uc801 \ud608\uad00 \uac74\uac15\uc744 \uc99d\uc9c4\ud569\ub2c8\ub2e4.\n    <\/p>\n<\/section>\n<p>  <!-- 3. \uacfc\ud559\uc801 \ubc30\uacbd \ubc0f \uc5f0\uad6c \uc790\ub8cc --><\/p>\n<section id=\"breazen-cardiozol-research\" class=\"product-section\">\n<h2><span class=\"highlight\">\uacfc\ud559\uc801 \ubc30\uacbd \ubc0f \uc5f0\uad6c \uc790\ub8cc<\/span><\/h2>\n<p>\n      <strong>Angelica gigas\uc640 <span class=\"highlight\">Chlorogenic acid<\/span>\uc758 \uc2dc\ub108\uc9c0<\/strong>:<br \/>\n      <span class=\"highlight\">PI3K\/AKT\/mTOR<\/span> \uacbd\ub85c \ud65c\uc131\ud654\ub85c \ub1cc\uc138\ud3ec \ubcf4\ud638 \ubc0f \uc2e0\uacbd \uacb0\uc190 \uac1c\uc120\uc744 \uc9c0\uc6d0\ud569\ub2c8\ub2e4.\n    <\/p>\n<p>\n      <strong>\ud5c8\ud608\uc131 \ub1cc\uc878\uc911 \ubaa8\ub378\uc5d0\uc11c\uc758 \ud6a8\uacfc<\/strong>: \uacbd\uc0c9 \ubd80\ud53c \uac10\uc18c \ubc0f \uc2e0\uacbd \ud589\ub3d9 \uacb0\ud54d \uac1c\uc120\uc744 \ud1b5\ud574<br \/>\n      \ub1cc\uc878\uc911 \uc608\ubc29 \ubc0f \ud68c\ubcf5 \uc9c0\uc6d0.\n    <\/p>\n<p>\n      <strong>\ud608\uc561 \uc21c\ud658 \uac1c\uc120<\/strong>: RBC \uc751\uc9d1\ub3c4 \ubc0f \ud608\uc561 \uc810\ub3c4 \ube44\uad50 \uc5f0\uad6c\uc5d0\uc11c<br \/>\n      \uc720\uc758\ubbf8\ud55c \uac1c\uc120 \ud6a8\uacfc\uac00 \ud655\uc778\ub418\uc5c8\uc2b5\ub2c8\ub2e4.\n    <\/p>\n<\/section>\n<p>  <!-- 4. \uc12d\ucde8 \ubc29\ubc95 --><\/p>\n<section id=\"breazen-cardiozol-usage\" class=\"product-section\">\n<h2><span class=\"highlight\">C\u00e1ch s\u1eed d\u1ee5ng<\/span><\/h2>\n<p>\n      <strong>\uae30\ubcf8 \uc12d\ucde8<\/strong>: \ud558\ub8e8 <span class=\"highlight\">3\ucea1\uc290<\/span>\uc744 \uc544\uce68 \uc2dd\uc0ac \uc804 \uacf5\ubcf5\uc5d0 \ubcf5\uc6a9\ud569\ub2c8\ub2e4.\n    <\/p>\n<p>\n      <strong>\ub300\uccb4 \uc12d\ucde8<\/strong>: \ucea1\uc290 \ubcf5\uc6a9\uc774 \uc5b4\ub824\uc6b4 \uacbd\uc6b0, \ucea1\uc290\uc744 \uc5f4\uc5b4<br \/>\n      <span class=\"highlight\">\uac00\ub8e8 \ud615\ud0dc<\/span>\ub85c \uc12d\ucde8 \uac00\ub2a5\ud569\ub2c8\ub2e4.\n    <\/p>\n<p>\n      <strong>\uad8c\uc7a5 \uae30\uac04<\/strong>: <span class=\"highlight\">8~12\uac1c\uc6d4<\/span> \ub3d9\uc548 \uafb8\uc900\ud788 \ubcf5\uc6a9\ud569\ub2c8\ub2e4.\n    <\/p>\n<p>\n      <strong>\ube0c\ub808\uc544\uc820\uacfc \ubcd1\ud589 \uc2dc<\/strong>: \uac19\uc740 \uc2dc\uac04\uc5d0 \ud568\uaed8 \ubcf5\uc6a9\ud558\uc9c0 \ub9d0\uace0,<br \/>\n      <span class=\"highlight\">1\uc2dc\uac04 \uc774\uc0c1 \ucc28\uc774\ub97c \ub450\uace0<\/span> \uc12d\ucde8\ud558\uc138\uc694.\n    <\/p>\n<\/section>\n<p>  <!-- 5. \uc548\uc804\uc131 \ubc0f \uc8fc\uc758\uc0ac\ud56d --><\/p>\n<section id=\"breazen-cardiozol-safety\" class=\"product-section\">\n<h2><span class=\"highlight\">An to\u00e0n v\u00e0 Ph\u00f2ng ng\u1eeba<\/span><\/h2>\n<p>\n      <strong>\uc804\ubb38\uc758 \uc0c1\ub2f4 \uad8c\uc7a5<\/strong>: \uace0\ud608\uc555\u00b7\ub2f9\ub1e8\u00b7\uc2ec\uc7a5\uc9c8\ud658 \ub4f1 \ub9cc\uc131 \uc9c8\ud658\uc790 \ubc0f<br \/>\n      \uc784\uc0b0\ubd80\u00b7\ub178\uc57d\uc790\ub294 \ubcf5\uc6a9 \uc804 \uc804\ubb38\uac00\uc640 \uc0c1\ub2f4\ud558\uc138\uc694.\n    <\/p>\n<p>\n      <strong>\uacfc\ub2e4 \ubcf5\uc6a9 \uc8fc\uc758<\/strong>: \ucc9c\uc5f0 \uc131\ubd84\uc774\ub77c\ub3c4 \uad8c\uc7a5\ub7c9 \uc774\uc0c1 \uc12d\ucde8 \uc2dc<br \/>\n      \ubd80\uc791\uc6a9\uc774 \ubc1c\uc0dd\ud560 \uc218 \uc788\uc2b5\ub2c8\ub2e4.\n    <\/p>\n<p>\n      <strong>\ubcd1\uc6a9 \uc2dc \uc720\uc758<\/strong>: \ud56d\uc751\uace0\uc81c\u00b7\ud608\uc555\uc57d \ub4f1 \ub2e4\ub978 \uc57d\ubb3c\uacfc \uc0c1\ud638\uc791\uc6a9 \uac00\ub2a5\ud558\ub2c8,<br \/>\n      \ubcf5\uc6a9 \uc804 \uc804\ubb38\uac00 \uc0c1\ub2f4\uc774 \ud544\uc694\ud569\ub2c8\ub2e4.\n    <\/p>\n<p>\n      <strong>\ubc95\uc801 \ubd84\ub958 \ud655\uc778<\/strong>: \uc758\uc57d\uc678\ud488\u00b7\uac74\uac15\uae30\ub2a5\uc2dd\ud488 \ub4f1 \ubd84\ub958\ubcc4 \ud45c\uc2dc\u00b7\uad11\uace0 \uaddc\uc815\uc740<br \/>\n      \uc2dd\uc57d\ucc98 \ub610\ub294 FDA \uac00\uc774\ub4dc\ub77c\uc778\uc744 \ucc38\uace0\ud558\uc138\uc694.\n    <\/p>\n<\/section>\n<\/div>","protected":false},"excerpt":{"rendered":"<div class=\"product-box\">\n<section class=\"product-section\">\n<h2><span class=\"highlight\">T\u00f3m t\u1eaft s\u1ea3n ph\u1ea9m<\/span><\/h2>\n<p> &#8230; <\/p>","protected":false},"featured_media":2135,"comment_status":"open","ping_status":"closed","template":"","meta":[],"product_brand":[],"product_cat":[157],"product_tag":[],"class_list":{"0":"post-2134","1":"product","2":"type-product","3":"status-publish","4":"has-post-thumbnail","6":"product_cat-energy","8":"first","9":"instock","10":"featured","11":"shipping-taxable","12":"purchasable","13":"product-type-simple"},"_links":{"self":[{"href":"https:\/\/doori.shop\/vi\/wp-json\/wp\/v2\/product\/2134","targetHints":{"allow":["GET"]}}],"collection":[{"href":"https:\/\/doori.shop\/vi\/wp-json\/wp\/v2\/product"}],"about":[{"href":"https:\/\/doori.shop\/vi\/wp-json\/wp\/v2\/types\/product"}],"replies":[{"embeddable":true,"href":"https:\/\/doori.shop\/vi\/wp-json\/wp\/v2\/comments?post=2134"}],"version-history":[{"count":0,"href":"https:\/\/doori.shop\/vi\/wp-json\/wp\/v2\/product\/2134\/revisions"}],"wp:featuredmedia":[{"embeddable":true,"href":"https:\/\/doori.shop\/vi\/wp-json\/wp\/v2\/media\/2135"}],"wp:attachment":[{"href":"https:\/\/doori.shop\/vi\/wp-json\/wp\/v2\/media?parent=2134"}],"wp:term":[{"taxonomy":"product_brand","embeddable":true,"href":"https:\/\/doori.shop\/vi\/wp-json\/wp\/v2\/product_brand?post=2134"},{"taxonomy":"product_cat","embeddable":true,"href":"https:\/\/doori.shop\/vi\/wp-json\/wp\/v2\/product_cat?post=2134"},{"taxonomy":"product_tag","embeddable":true,"href":"https:\/\/doori.shop\/vi\/wp-json\/wp\/v2\/product_tag?post=2134"}],"curies":[{"name":"wp","href":"https:\/\/api.w.org\/{rel}","templated":true}]}}