{"id":2120,"date":"2024-12-29T18:37:26","date_gmt":"2024-12-29T18:37:26","guid":{"rendered":"https:\/\/doori.shop\/product\/braz-1\/"},"modified":"2025-07-20T20:14:27","modified_gmt":"2025-07-20T11:14:27","slug":"braz-1","status":"publish","type":"product","link":"https:\/\/doori.shop\/vi\/san-pham\/braz-1\/","title":{"rendered":"b\u1ed9 n\u00e3o"},"content":{"rendered":"<div class=\"product-box\">\n<p><!-- 1. \uc81c\ud488 \uc18c\uac1c --><\/p>\n<section id=\"breazen-introduction\" class=\"product-section\">\n<h3>\ud83e\udde0 <strong>BREAZEN <\/strong><strong>\ube0c\ub808\uc544<\/strong><strong>Thi\u1ec1n<\/strong><\/h3>\n<p><strong>H\u1ed3i ph\u1ee5c ch\u1ee9c n\u0103ng s\u1ee9c kh\u1ecfe x\u01b0\u01a1ng kh\u1edbp \u0111\u01b0\u1ee3c l\u00e0m t\u1eeb th\u1ea3o d\u01b0\u1ee3c t\u1ef1 nhi\u00ean.<\/strong> <strong>\ub1cc<\/strong> <strong>.<\/strong><strong> . <\/strong><strong>\uc911\ud48d<\/strong> <strong>ph\u00f2ng ng\u1eeba<\/strong> <strong>s\u1ef1 t\u1eadp trung<\/strong> <strong>.<\/strong> <strong>.<\/strong> <strong>.<\/strong><br \/>\n<em>C\u00e1c th\u00e0nh ph\u1ea7n th\u00edch h\u1ee3p.<\/em> <em>\uc0dd\uc57d\uc73c\ub85c<\/em> <em>\ub1cc\uc138\ud3ec\ub97c<\/em> <em>\uc9c0\ud0a4\uace0<\/em><em>, <\/em><em>\ub1cc\ud608\ub958\ub97c<\/em> <em>\uc0b4\ub9ac<\/em><em>.<\/em><\/p>\n<h3>\u2705 Khuy\u00ean d\u00f9ng s\u1ea3n ph\u1ea9m cho<\/h3>\n<p>\ud83d\udfe2 \ubd80\ubaa8\ub2d8\uc758 <strong>\ub1cc\ud608\uad00<\/strong> <strong>.<\/strong>\uc774 \uac71\uc815\ub418\uc2dc\ub294 \ubd84<br \/>\n\ud83d\udfe2 \uc911\ud48d(\ud5c8\ud608\uc131 \ub1cc\uc878\uc911)\uc744 \uac00\uc871\ub825\uc73c\ub85c \uc5fc\ub824\ud558\uc2dc\ub294 \ubd84<br \/>\n\ud83d\udfe2 \uae30\uc5b5\ub825 \uc800\ud558, \uc9d1\uc911\ub825 \uc800\ud558\uac00 \ub208\uc5d0 \ub744\ub294 \uc911\uc7a5\ub144\uce35<br \/>\n\ud83d\udfe2 \uc548\uc804\ud55c \ucc9c\uc5f0 \uae30\ubc18\uc758 <strong>Th\u1eddi gian d\u00e0i<\/strong> <strong>c\u00f3 th\u1ec3 s\u1eed d\u1ee5ng<\/strong> <strong>.<\/strong> <strong>S\u1ea3n ph\u1ea9m<\/strong>M\u1ecdi ng\u01b0\u1eddi \u0111ang t\u00ecm ki\u1ebfm<\/p>\n<h3>\ud83c\udf3f Gi\u1edbi thi\u1ec7u s\u1ea3n ph\u1ea9m<\/h3>\n<p>BREAZEN (\ube0c\ub808\uc544\uc820)\uc740<br \/>\n\ub2f9\uadc0 \ubfcc\ub9ac\uc640 <strong>\ud074\ub85c\ub85c\uac90\uc0b0<\/strong> <strong>C\u00f3 th\u1ec3 k\u1ebft h\u1ee3p d\u00f9ng s\u1ea3n ph\u1ea9m n\u00e0y \u0111\u1ec3 \u0111\u1ea1t hi\u1ec7u qu\u1ea3<\/strong> <strong>:<\/strong>\uc73c\ub85c \ub1cc\uc138\ud3ec\ub97c \ubcf4\ud638\ud558\uace0,<br \/>\n<strong>\ud5c8\ud608\uc131<\/strong> <strong>\ub1cc\uc878\uc911<\/strong> <strong>ph\u00f2ng ng\u1eeba<\/strong>\uc5d0 \ub3c4\uc6c0\uc744 \uc8fc\ub294 <strong>C\u00e1c th\u00e0nh ph\u1ea7n th\u00edch h\u1ee3p.<\/strong> <strong>.<\/strong> <strong>.<\/strong> <strong>.\u0110\u00e2y l\u00e0 Th\u1ef1c ph\u1ea9m b\u1ed5 tr\u1ee3 cho s\u1ee9c kh\u1ecfe<\/strong>.<br \/>\n<strong>\u0110\u0103ng k\u00fd FDA l\u00e0 thu\u1ed1c kh\u00f4ng k\u00ea \u0111\u01a1n<\/strong><strong> Nh\u00e0 m\u00e1y \u0111\u1ea1t ti\u00eau chu\u1ea9n <\/strong><strong>.<\/strong> <strong>\uc81c\uc870\uacf5\uc815<\/strong>\uc73c\ub85c \uc548\uc804\uc131\uacfc \ud488\uc9c8\uc744 \ubaa8\ub450 \ud655\ubcf4\ud588\uc2b5\ub2c8\ub2e4.<\/p>\n<h3>\ud83d\udc8a Li\u1ec1u l\u01b0\u1ee3ng v\u00e0 C\u00e1ch d\u00f9ng<\/h3>\n<p>\ud83d\udd52 <strong>C\u01a1 b\u1ea3n<\/strong> <strong>Li\u1ec1u d\u00f9ng<\/strong>: \ud558\ub8e8 3\ucea1\uc290, <strong>.<\/strong> <strong>\uc2dd\uc0ac<\/strong> <strong>.<\/strong> <strong>\uacf5\ubcf5\uc5d0<\/strong> <strong>L\u01b0\u1ee3ng ti\u00eau th\u1ee5<\/strong><br \/>\n\ud83c\udf3f <strong>vi\u00ean nang<\/strong> <strong>\ub300\uccb4<\/strong> <strong>\uc12d\ucde8\ubc29\ubc95<\/strong>: \ub530\ub73b\ud55c \ubb3c\uc5d0 \ub0b4\uc6a9\ubb3c \uac1c\ubd09 \uc12d\ucde8 \uac00\ub2a5<br \/>\n\u2714\ufe0f<strong>\u0110\u00f3ng g\u00f3i:<\/strong> 60 vi\u00ean nang m\u1ed7i l\u1ecd<br \/>\n\ud83d\udce6 <strong>C\u00f3 th\u1ec3 k\u1ebft h\u1ee3p d\u00f9ng s\u1ea3n ph\u1ea9m n\u00e0y \u0111\u1ec3 \u0111\u1ea1t hi\u1ec7u qu\u1ea3<\/strong> <strong>L\u01b0\u1ee3ng ti\u00eau th\u1ee5<\/strong> <strong>.<\/strong>:<br \/>\n\u2013 \uc544\uce68: <strong>\ube0c\ub808\uc544\uc820<\/strong><strong> 3<\/strong><strong>vi\u00ean nang<\/strong><br \/>\n\u2013 \uc800\ub141: <strong>.<\/strong><strong> 2~3<\/strong><strong>vi\u00ean nang<\/strong><br \/>\n\u274c <strong>\ub3d9\uc2dc<\/strong> <strong>c\u00f3 th\u1ec3 s\u1eed d\u1ee5ng<\/strong> <strong>\uc808\ub300<\/strong> <strong>\uae08<\/strong><strong>\uc9c0<\/strong><\/p>\n<p>\ud83e\udded <strong>s\u1eed d\u1ee5ng<\/strong> <strong>L\u01b0\u1ee3ng ti\u00eau th\u1ee5<\/strong> <strong>:<\/strong>: <strong>8~12<\/strong><strong>\uac1c\uc6d4<\/strong> <strong>\uc774\uc0c1<\/strong> <strong>\uafb8\uc900\ud55c<\/strong> <strong>c\u00f3 th\u1ec3 s\u1eed d\u1ee5ng<\/strong> s\u1eed d\u1ee5ng<\/p>\n<h3>\ud83d\udcaa T\u00f3m t\u1eaft c\u00e1c t\u00e1c d\u1ee5ng ch\u00ednh<\/h3>\n<table>\n<thead>\n<tr>\n<td><strong>\ud83d\udca1 <\/strong><strong>c\u00f4ng d\u1ee5ng<\/strong><\/td>\n<td><strong>L\u1eddi gi\u1ea3i th\u00edch<\/strong><\/td>\n<\/tr>\n<\/thead>\n<tbody>\n<tr>\n<td><strong>\ub1cc<\/strong> <strong>.<\/strong> <strong>.<\/strong><\/td>\n<td>\ub1cc\uc138\ud3ec \ubcf4\ud638, \uc0b0\uc18c\u00b7\uc601\uc591 \uacf5\uae09 \uac15\ud654<\/td>\n<\/tr>\n<tr>\n<td><strong>\uc911\ud48d<\/strong> <strong>ph\u00f2ng ng\u1eeba<\/strong><\/td>\n<td>\ud608\ub958 \ud750\ub984 \uac1c\uc120\uc73c\ub85c \ud5c8\ud608\uc131 \ub1cc\uc878\uc911 \ub9ac\uc2a4\ud06c \uc644\ud654<\/td>\n<\/tr>\n<tr>\n<td><strong>Ch\u1ea5t ch\u1ed1ng oxy h\u00f3a<\/strong><strong>\u00b7<\/strong><strong>\ud56d\uc5fc\uc99d<\/strong> <strong>Ho\u1ea1t \u0111\u1ed9ng<\/strong><\/td>\n<td>\ud65c\uc131\uc0b0\uc18c \uc81c\uac70, \uc5fc\uc99d \uc5b5\uc81c (NF-\u03baB, COX-2 \ucc28\ub2e8)<\/td>\n<\/tr>\n<tr>\n<td><strong>th\u1ea7n kinh<\/strong> <strong>.<\/strong> <strong>\ucd09\uc9c4<\/strong><\/td>\n<td>PI3K\/AKT\/mTOR \uacbd\ub85c \ud65c\uc131\ud654\ub85c \uc2e0\uacbd \ud68c\ubcf5 \ucd09\uc9c4<\/td>\n<\/tr>\n<\/tbody>\n<\/table>\n<h3>\ud83d\udd2c \uc8fc\uc694 \uc131\ubd84 &amp; \uc791\uc6a9 \uae30\uc804<\/h3>\n<p><strong>\ud83c\udf3f<\/strong><strong> 8<\/strong><strong>\uac00\uc9c0 \uc0dd\uc57d\uc131\ubd84<\/strong><br \/>\n\u2013<strong>\ub2f9\uadc0<\/strong><strong>, <\/strong><strong>cam th\u1ea3o<\/strong><strong>, <\/strong><strong>Cung \u0111i\u1ec7n thi\u00ean \u0111\u01b0\u1eddng<\/strong><strong>, <\/strong><strong>\uc791\uc57d<\/strong><strong>, <\/strong><strong>\uc778\uc0bc<\/strong><strong>, <\/strong><strong>\ucc9c\ub9c8<\/strong><strong>, <\/strong><strong>\uae38\uacbd<\/strong><strong>, <\/strong><strong>C\u00e1 m\u00fa v\u00e0ng<\/strong><br \/>\n\u2192 \ub1cc\uc138\ud3ec \uc0dd\uc874\uacbd\ub85c \ud65c\uc131\ud654, \uc5fc\uc99d \ucc28\ub2e8, \uacbd\uc0c9 \uac10\uc18c<br \/>\n\ud83d\udcca <strong>C\u00f3 t\u00ednh khoa h\u1ecdc<\/strong> <strong>\uadfc\uac70<\/strong>:<br \/>\n\u2013 \ub1cc\uacbd\uc0c9 \ubd80\ud53c \uac10\uc18c, \uc2e0\uacbd \ud589\ub3d9 \uae30\ub2a5 \ud68c\ubcf5<br \/>\n\u2013 \ud56d\uc5fc\u00b7\ud56d\uc0b0\ud654 \uacbd\ub85c \ud65c\uc131\ud654\ub97c \ud1b5\ud55c <strong>th\u1ea7n kinh<\/strong> <strong>\ubcf4<\/strong><strong>\ud638<\/strong><\/p>\n<h3>\ud83c\udfc6 \ube0c\ub808\uc544\uc820\uc758 \ucc28\ubcc4\ud654 \ud3ec\uc778\ud2b8<\/h3>\n<p>\u2714\ufe0f <strong>3<\/strong><strong>V\u1edbi 3 ti\u00eau ch\u00ed: L\u1ef1a ch\u1ecdn k\u0129 c\u00e0ng,<\/strong> <strong>\ub1cc\uc2e0\uacbd<\/strong> <strong>.<\/strong>: \ud56d\uc5fc \u2192 \uc7ac\uc0dd \u2192 \uc0dd\uc874 \ud65c\uc131\ud654<br \/>\n\u2714\ufe0f <strong>C\u00e1c th\u00e0nh ph\u1ea7n th\u00edch h\u1ee3p.<\/strong> <strong>.<\/strong> <strong>.<\/strong>: \ubb34\uc124\ud0d5\u00b7\ubb34\ud569\uc131\ucca8\uac00\ubb3c, \uc7a5\uae30 \ubcf5\uc6a9\uc5d0 \uc801\ud569<br \/>\n\u2714\ufe0f <strong>Nh\u00e0 m\u00e1y \u0111\u1ea1t ti\u00eau chu\u1ea9n <\/strong><strong>.<\/strong> <strong>:<\/strong>: FDA \uae30\uc900 \uace0\ud488\uc9c8 \ubcf4\uc7a5<br \/>\n\u2714\ufe0f <strong>\uce74\ub514\uc624\uc878\uacfc<\/strong> <strong>C\u00f3 th\u1ec3 d\u00f9ng k\u1ebft h\u1ee3p:<\/strong> <strong>.<\/strong> <strong>Tim m\u1ea1ch<\/strong><strong> . <\/strong><strong>\ub1cc\ud608\uad00<\/strong> <strong>\uc774\uc911<\/strong> <strong>\uad00<\/strong><strong>\ub9ac<\/strong><\/p>\n<h3>\u26a0\ufe0f Vui l\u00f2ng ki\u1ec3m tra tr\u01b0\u1edbc khi s\u1eed d\u1ee5ng<\/h3>\n<ul>\n<li><strong>Tham kh\u1ea3o t\u01b0 v\u1ea5n t\u1eeb chuy\u00ean gia<\/strong> <strong>khi<\/strong> <strong>\ud544\uc218<\/strong>: \uc2e0\uc7a5 \uc9c8\ud658, \ub9cc\uc131\uc9c8\ud658, \uc54c\ub808\ub974\uae30 \uccb4\uc9c8<\/li>\n<li><strong>.<\/strong> <strong>.<\/strong> <strong>.<\/strong> <strong>.<\/strong> <strong>\uad6c\ubd84<\/strong> <strong>L\u01b0\u1ee3ng ti\u00eau th\u1ee5<\/strong> <strong>\ud544\uc218<\/strong> (\ube0c\ub808\uc544\uc820 \uc544\uce68 \uc12d\ucde8 \/ \uce74\ub514\uc624\uc878 \uc800\ub141 \uc12d\ucde8 \ud544\uc218)<\/li>\n<\/ul>\n<\/section>\n<\/div>","protected":false},"excerpt":{"rendered":"<div class=\"product-box\">\n<section id=\"breazen-summary\" class=\"product-section\">\n<h2><span class=\"highlight\">T\u00f3m t\u1eaft s\u1ea3n ph\u1ea9m<\/span><\/h2>\n<p><strong><span class=\"highlight\">\u2705 BREAZEN(\ube0c\ub808\uc544\uc820)<\/span><\/strong>\u0111\u01b0\u1ee3c s\u1ea3n xu\u1ea5t t\u1eeb th\u00e0nh ph\u1ea7n t\u1ef1 nhi\u00ean gi\u00fap cho s\u1ee9c kh\u1ecfe x\u01b0\u01a1ng kh\u1edbp.<br \/>\n<span class=\"highlight\">S\u1ee9c kh\u1ecfe n\u00e3o b\u1ed9<\/span>\uc744 \uc99d\uc9c4\ud558\uace0<br \/>\n<span ... \n<\/p>","protected":false},"featured_media":2121,"comment_status":"open","ping_status":"closed","template":"","meta":[],"product_brand":[],"product_cat":[157],"product_tag":[],"class_list":{"0":"post-2120","1":"product","2":"type-product","3":"status-publish","4":"has-post-thumbnail","6":"product_cat-energy","8":"first","9":"instock","10":"featured","11":"shipping-taxable","12":"purchasable","13":"product-type-simple"},"_links":{"self":[{"href":"https:\/\/doori.shop\/vi\/wp-json\/wp\/v2\/product\/2120","targetHints":{"allow":["GET"]}}],"collection":[{"href":"https:\/\/doori.shop\/vi\/wp-json\/wp\/v2\/product"}],"about":[{"href":"https:\/\/doori.shop\/vi\/wp-json\/wp\/v2\/types\/product"}],"replies":[{"embeddable":true,"href":"https:\/\/doori.shop\/vi\/wp-json\/wp\/v2\/comments?post=2120"}],"version-history":[{"count":0,"href":"https:\/\/doori.shop\/vi\/wp-json\/wp\/v2\/product\/2120\/revisions"}],"wp:featuredmedia":[{"embeddable":true,"href":"https:\/\/doori.shop\/vi\/wp-json\/wp\/v2\/media\/2121"}],"wp:attachment":[{"href":"https:\/\/doori.shop\/vi\/wp-json\/wp\/v2\/media?parent=2120"}],"wp:term":[{"taxonomy":"product_brand","embeddable":true,"href":"https:\/\/doori.shop\/vi\/wp-json\/wp\/v2\/product_brand?post=2120"},{"taxonomy":"product_cat","embeddable":true,"href":"https:\/\/doori.shop\/vi\/wp-json\/wp\/v2\/product_cat?post=2120"},{"taxonomy":"product_tag","embeddable":true,"href":"https:\/\/doori.shop\/vi\/wp-json\/wp\/v2\/product_tag?post=2120"}],"curies":[{"name":"wp","href":"https:\/\/api.w.org\/{rel}","templated":true}]}}