{"id":2116,"date":"2024-11-01T12:46:34","date_gmt":"2024-11-01T12:46:34","guid":{"rendered":"https:\/\/doori.shop\/product\/isz-a1\/"},"modified":"2025-07-20T20:15:24","modified_gmt":"2025-07-20T11:15:24","slug":"isz-a1","status":"publish","type":"product","link":"https:\/\/doori.shop\/vi\/san-pham\/isz-a1\/","title":{"rendered":"B\u1ec7nh ti\u1ec3u \u0111\u01b0\u1eddng"},"content":{"rendered":"<div class=\"product-box\">\n<p><!-- 1. \uc81c\ud488 \uc18c\uac1c --><\/p>\n<section id=\"insulizen-introduction\" class=\"product-section\">\n<h3>\ud83e\ude78 <strong>C\u00c1CH NHI\u1ec6T <\/strong><strong>Insulin<\/strong><strong>Thi\u1ec1n<\/strong><\/h3>\n<p><strong>H\u1ed3i ph\u1ee5c ch\u1ee9c n\u0103ng s\u1ee9c kh\u1ecfe x\u01b0\u01a1ng kh\u1edbp \u0111\u01b0\u1ee3c l\u00e0m t\u1eeb th\u1ea3o d\u01b0\u1ee3c t\u1ef1 nhi\u00ean.<\/strong> <strong>b\u1ec7nh ti\u1ec3u \u0111\u01b0\u1eddng<\/strong> <strong>.<\/strong><strong> \u00b7 <\/strong><strong>insulin<\/strong> <strong>S\u1ee9c ch\u1ed1ng c\u1ef1<\/strong> <strong>.<\/strong><strong> \u00b7 <\/strong><strong>Bi\u1ebfn ch\u1ee9ng<\/strong> <strong>ph\u00f2ng ng\u1eeba<\/strong> <strong>.<\/strong> <strong>.<\/strong><br \/>\n<em>Trong l\u01b0\u1ee3ng \u0111\u01b0\u1eddng trong m\u00e1u<\/em> <em>.<\/em><em>, <\/em><em>L\u00ean \u0111\u1ebfn m\u1eaft<\/em><em>\u2014<\/em><em>B\u1ec7nh ti\u1ec3u \u0111\u01b0\u1eddng<\/em> <em>Theo nhi\u1ec1u c\u00e1ch kh\u00e1c nhau<\/em> <em>T\u00f4i quan t\u00e2m<\/em><em>.<\/em><\/p>\n<h3>\u2705 Khuy\u00ean d\u00f9ng s\u1ea3n ph\u1ea9m cho<\/h3>\n<p>\ud83d\udfe2 Ng\u01b0\u1eddi c\u00f3 l\u01b0\u1ee3ng \u0111\u01b0\u1eddng huy\u1ebft l\u00fac \u0111\u00f3i v\u00e0 sau \u0103n cao<br \/>\n\ud83d\udfe2 B\u1ec7nh nh\u00e2n ti\u1ec3u \u0111\u01b0\u1eddng c\u1ea7n ki\u1ec3m so\u00e1t hemoglobin glycated (HbA1c)<br \/>\n\ud83d\udfe2 B\u1ec7nh v\u00f5ng m\u1ea1c, suy th\u1eadn, r\u1ed1i lo\u1ea1n c\u01b0\u01a1ng d\u01b0\u01a1ng, v.v. <strong>B\u1ec7nh ti\u1ec3u \u0111\u01b0\u1eddng<\/strong> <strong>Bi\u1ebfn ch\u1ee9ng<\/strong> <strong>Lo l\u1eafng v\u1ec1<\/strong> <strong>ph\u00fat<\/strong><br \/>\n\ud83d\udfe2 D\u1ef1a tr\u00ean c\u00e1c th\u00e0nh ph\u1ea7n t\u1ef1 nhi\u00ean <strong>Th\u1eddi gian d\u00e0i<\/strong> <strong>c\u00f3 th\u1ec3 s\u1eed d\u1ee5ng<\/strong> <strong>.<\/strong> <strong>B\u1ec7nh ti\u1ec3u \u0111\u01b0\u1eddng<\/strong> <strong>.<\/strong> <strong>S\u1ea3n ph\u1ea9m<\/strong>M\u1ecdi ng\u01b0\u1eddi \u0111ang t\u00ecm ki\u1ebfm<\/p>\n<h3>\ud83c\udf3f Gi\u1edbi thi\u1ec7u s\u1ea3n ph\u1ea9m<\/h3>\n<p>INSULIZEN (insulin) l\u00e0<br \/>\n<strong>\u0110\u01b0\u1eddng huy\u1ebft<\/strong> <strong>.<\/strong><strong>, <\/strong><strong>insulin<\/strong> <strong>S\u1ee9c ch\u1ed1ng c\u1ef1<\/strong> <strong>.<\/strong><strong>, <\/strong><strong>Oxy ho\u1ea1t \u0111\u1ed9ng<\/strong> <strong>.<\/strong>T\u1eadp trung xung quanh<br \/>\n\u0110\u00e2y l\u00e0 th\u1ef1c ph\u1ea9m ch\u1ee9c n\u0103ng th\u1ea3o d\u01b0\u1ee3c h\u1ed7 tr\u1ee3 to\u00e0n di\u1ec7n cho vi\u1ec7c ph\u00f2ng ng\u1eeba b\u1ec7nh ti\u1ec3u \u0111\u01b0\u1eddng v\u00e0 c\u00e1c bi\u1ebfn ch\u1ee9ng c\u1ee7a b\u1ec7nh.<\/p>\n<p><strong>\u0110\u0103ng k\u00fd FDA l\u00e0 thu\u1ed1c kh\u00f4ng k\u00ea \u0111\u01a1n<\/strong><strong> \u0110\u00e3 \u0111\u0103ng k\u00ed FDA OTC <\/strong><strong>.<\/strong><strong> (80353-451-01)<\/strong><br \/>\nS\u1ef1 an to\u00e0n v\u00e0 ch\u1ea5t l\u01b0\u1ee3ng c\u1ee7a n\u00f3 \u0111\u00e3 \u0111\u01b0\u1ee3c x\u00e1c minh,<br \/>\n<strong>tu\u1ea7n ho\u00e0n m\u00e1u<\/strong><strong>, <\/strong><strong>n\u0103ng l\u01b0\u1ee3ng<\/strong> <strong>.<\/strong><strong>, <\/strong><strong>t\u1ea7m nh\u00ecn<\/strong> <strong>.<\/strong><strong>, <\/strong><strong>.<\/strong> <strong>.<\/strong>N\u00f3 c\u00f3 t\u00e1c d\u1ee5ng ph\u1ee9c t\u1ea1p l\u00ean t\u1edbi .<\/p>\n<h3>\ud83d\udc8a Li\u1ec1u l\u01b0\u1ee3ng v\u00e0 C\u00e1ch d\u00f9ng<\/h3>\n<p>\ud83d\udccd <strong>Ng\u00e0y \u0111\u1ea7u<\/strong> <strong>s\u1ef1 t\u1eadp trung<\/strong> <strong>L\u01b0\u1ee3ng ti\u00eau th\u1ee5<\/strong>: 2 vi\u00ean nang m\u1ed7i s\u00e1ng v\u00e0 t\u1ed1i<strong>, <\/strong><strong>m\u1ed7i ng\u00e0y.<\/strong> <strong>trung b\u00ecnh<\/strong><strong> 4<\/strong><strong>vi\u00ean nang<\/strong><br \/>\n\ud83d\udccd <strong>Th\u1eddi gian v\u00e0 duy tr\u00ec s\u1eed d\u1ee5ng<\/strong> <strong>L\u01b0\u1ee3ng ti\u00eau th\u1ee5<\/strong>: T\u00f9y thu\u1ed9c v\u00e0o t\u00ecnh tr\u1ea1ng c\u1ea3i thi\u1ec7n sau \u0111\u00f3 <strong>m\u1ed7i ng\u00e0y.<\/strong><strong> 2~4<\/strong><strong>vi\u00ean nang<\/strong> <strong>c\u00f3 th\u1ec3 s\u1eed d\u1ee5ng<\/strong><br \/>\n\u2714\ufe0f<strong>\u0110\u00f3ng g\u00f3i:<\/strong> 60 vi\u00ean nang m\u1ed7i l\u1ecd<br \/>\n\ud83d\udccd <strong>L\u01b0\u1ee3ng ti\u00eau th\u1ee5 <\/strong><strong>s\u1eed d\u1ee5ng <\/strong><strong>:<\/strong>: Sau khi d\u00f9ng li\u00ean t\u1ee5c trong \u00edt nh\u1ea5t 6 th\u00e1ng, h\u00e3y \u0111i\u1ec1u ch\u1ec9nh l\u01b0\u1ee3ng d\u00f9ng sau khi kh\u00e1m t\u1ea1i b\u1ec7nh vi\u1ec7n.<br \/>\n\ud83d\udccd <strong>C\u00f3 th\u1ec3 k\u1ebft h\u1ee3p d\u00f9ng s\u1ea3n ph\u1ea9m n\u00e0y \u0111\u1ec3 \u0111\u1ea1t hi\u1ec7u qu\u1ea3<\/strong> <strong>L\u01b0\u1ee3ng ti\u00eau th\u1ee5<\/strong>:<br \/>\n\u2013 <strong>Ch\u0103m s\u00f3c th\u1eadn<\/strong> <strong>C\u00f3 th\u1ec3 d\u00f9ng k\u1ebft h\u1ee3p:<\/strong> <strong>L\u01b0\u1ee3ng ti\u00eau th\u1ee5<\/strong> <strong>.<\/strong><strong>,<\/strong> T\u0103ng c\u01b0\u1eddng s\u1ef1 ph\u1ed1i h\u1ee3p b\u1ea3o v\u1ec7 th\u1eadn v\u00e0 \u1ed5n \u0111\u1ecbnh l\u01b0\u1ee3ng \u0111\u01b0\u1eddng trong m\u00e1u<\/p>\n<h3>\ud83d\udcaa T\u00f3m t\u1eaft c\u00e1c t\u00e1c d\u1ee5ng ch\u00ednh<\/h3>\n<table>\n<thead>\n<tr>\n<td><strong>\ud83d\udca1 <\/strong><strong>c\u00f4ng d\u1ee5ng<\/strong><\/td>\n<td><strong>L\u1eddi gi\u1ea3i th\u00edch<\/strong><\/td>\n<\/tr>\n<\/thead>\n<tbody>\n<tr>\n<td><strong>insulin<\/strong> <strong>S\u1ee9c ch\u1ed1ng c\u1ef1<\/strong> <strong>.<\/strong><\/td>\n<td>Lo\u1ea1i b\u1ecf oxy ho\u1ea1t \u0111\u1ed9ng \u2192 b\u1ea3o v\u1ec7 m\u1ea1ch m\u00e1u + b\u00ecnh th\u01b0\u1eddng h\u00f3a qu\u00e1 tr\u00ecnh chuy\u1ec3n h\u00f3a \u0111\u01b0\u1eddng<\/td>\n<\/tr>\n<tr>\n<td><strong>\u0110\u01b0\u1eddng huy\u1ebft<\/strong> <strong>.<\/strong><strong> &amp; HbA1c <\/strong><strong>s\u1ef1 \u1ed5n \u0111\u1ecbnh<\/strong><\/td>\n<td>Gi\u1ea3m nguy c\u01a1 bi\u1ebfn ch\u1ee9ng<\/td>\n<\/tr>\n<tr>\n<td><strong>m\u1edd h\u01a1n<\/strong> <strong>c\u00f4ng t\u1eafc<\/strong> <strong>.<\/strong><\/td>\n<td>Ki\u1ec3m so\u00e1t ti\u1ebft insulin \u2192 L\u00e0m gi\u1ea3m t\u00ecnh tr\u1ea1ng t\u0103ng \u0111\u01b0\u1eddng huy\u1ebft v\u00e0 h\u1ea1 \u0111\u01b0\u1eddng huy\u1ebft<\/td>\n<\/tr>\n<tr>\n<td><strong>Bi\u1ebfn ch\u1ee9ng<\/strong> <strong>ph\u00f2ng ng\u1eeba<\/strong><\/td>\n<td>Gi\u00fap ng\u0103n ng\u1eeba b\u1ec7nh v\u00f5ng m\u1ea1c, suy th\u1eadn, r\u1ed1i lo\u1ea1n c\u01b0\u01a1ng d\u01b0\u01a1ng, v.v.<\/td>\n<\/tr>\n<tr>\n<td><strong>M\u1ec7t m\u1ecfi<\/strong> <strong>.<\/strong><strong> . <\/strong><strong>s\u1ee9c s\u1ed1ng<\/strong> <strong>t\u0103ng<\/strong><\/td>\n<td>T\u0103ng h\u1ea5p thu glucose v\u00e0o t\u1ebf b\u00e0o \u2192 t\u0103ng n\u0103ng l\u01b0\u1ee3ng<\/td>\n<\/tr>\n<\/tbody>\n<\/table>\n<h3>\ud83d\udd2c Th\u00e0nh ph\u1ea7n ch\u00ednh v\u00e0 c\u01a1 ch\u1ebf ho\u1ea1t \u0111\u1ed9ng<\/h3>\n<p>\ud83c\udf3f <strong>7<\/strong><strong>Th\u00e0nh ph\u1ea7n ch\u00ednh:<\/strong> <strong>.<\/strong> <strong>:<\/strong> <strong>.<\/strong><strong><br \/>\n<\/strong>- Banaba, noni, ngh\u1ec7, b\u1ea1ch \u0111\u00e0n, d\u00e2u t\u1eb1m, khoai lang v\u00e0 samsam<br \/>\n\u2192 C\u1ea3i thi\u1ec7n t\u00ecnh tr\u1ea1ng kh\u00e1ng insulin v\u00e0 b\u00ecnh th\u01b0\u1eddng h\u00f3a qu\u00e1 tr\u00ecnh chuy\u1ec3n h\u00f3a \u0111\u01b0\u1eddng <strong>B\u1ec7nh ti\u1ec3u \u0111\u01b0\u1eddng<\/strong><strong>, <\/strong><strong>\u0110\u01b0\u1eddng huy\u1ebft<\/strong> <strong>.<\/strong><\/p>\n<p>&nbsp;<\/p>\n<h3>\ud83e\uddec T\u00e1c d\u1ee5ng c\u1ee7a vi\u1ec7c \u00e1p d\u1ee5ng theo b\u1ec7nh<\/h3>\n<p>\ud83d\udc41 <strong>t\u1ea7m nh\u00ecn<\/strong> <strong>.<\/strong>: \u1ee8c ch\u1ebf protein peroxy h\u00f3a lipid <strong>nh\u00e3n c\u1ea7u<\/strong> <strong>.<\/strong> <strong>.<\/strong><br \/>\n\ud83e\uddc3 <strong>.<\/strong> <strong>.<\/strong> <strong>.<\/strong><strong> . <\/strong><strong>\u0110\u00e1i d\u1ea7m<\/strong> <strong>.<\/strong>: C\u1ea3i thi\u1ec7n t\u1ef7 l\u1ec7 l\u1ecdc c\u1ea7u th\u1eadn \u2192 C\u1ea3i thi\u1ec7n t\u00ecnh tr\u1ea1ng protein ni\u1ec7u v\u00e0 kh\u00f3 ch\u1ecbu khi \u0111i ti\u1ec3u<br \/>\n\u2764\ufe0f <strong>Tim m\u1ea1ch<\/strong> <strong>.<\/strong> <strong>h\u1ed7 tr\u1ee3<\/strong>: Gi\u1ea3m cholesterol LDL v\u00e0 triglyceride<\/p>\n<h3>\ud83c\udfc6 \u0110i\u1ec3m kh\u00e1c bi\u1ec7t c\u1ee7a Insuligen<\/h3>\n<p>\u2714\ufe0f <strong>Th\u1ef1c ph\u1ea9m ch\u1ee9c n\u0103ng \u0111\u0103ng k\u00ed FDA <\/strong><strong>.<\/strong><strong> Kh\u00f4ng c\u1ea7n k\u00ea \u0111\u01a1n <\/strong><strong>S\u1ea3n ph\u1ea9m<\/strong><strong> (80353-451-01)<\/strong><br \/>\n\u2714\ufe0f <strong>100% <\/strong><strong>.<\/strong> <strong>.<\/strong>, v\u1edbi t\u00e1c d\u1ee5ng ph\u1ee5 th\u1ea5p <strong>Th\u1eddi gian d\u00e0i<\/strong> <strong>c\u00f3 th\u1ec3 s\u1eed d\u1ee5ng<\/strong> <strong>s\u1ef1 an to\u00e0n<\/strong><br \/>\n\u2714\ufe0f <strong>\u0110\u01b0\u1eddng huy\u1ebft<\/strong><strong> + <\/strong><strong>Bi\u1ebfn ch\u1ee9ng<\/strong><strong> + <\/strong><strong>s\u1ee9c s\u1ed1ng<\/strong> Gi\u1ea3i ph\u00e1p qu\u1ea3n l\u00fd t\u00edch h\u1ee3p ba<br \/>\n\u2714\ufe0f <strong>.<\/strong> <strong>.<\/strong> <strong>Ph\u1ee5 tr\u1ee3<\/strong><strong>(<\/strong><strong>Ch\u0103m s\u00f3c th\u1eadn<\/strong><strong>)<\/strong><strong>.<\/strong> <strong>S\u1ef1 t\u01b0\u01a1ng t\u00e1c<\/strong> <strong>Ho\u1ea1t \u0111\u1ed9ng<\/strong> <strong>\u0111i<\/strong><strong>Kh\u1ea3 n\u0103ng<\/strong><\/p>\n<h3>\u26a0\ufe0f Vui l\u00f2ng ki\u1ec3m tra tr\u01b0\u1edbc khi s\u1eed d\u1ee5ng<\/h3>\n<ul>\n<li><strong>Tham kh\u1ea3o t\u01b0 v\u1ea5n t\u1eeb chuy\u00ean gia<\/strong> <strong>khi<\/strong> <strong>s\u1eed d\u1ee5ng<\/strong>: Ph\u1ee5 n\u1eef mang thai, ng\u01b0\u1eddi cao tu\u1ed5i v\u00e0 ng\u01b0\u1eddi m\u1eafc b\u1ec7nh m\u00e3n t\u00ednh<\/li>\n<\/ul>\n<\/section>\n<\/div>","protected":false},"excerpt":{"rendered":"<div class=\"product-box\">\n<div id=\"summary\" class=\"tab-content active\">\n<section class=\"product-section\">\n<h2><span class=\"highlight\">T\u00f3m t\u1eaft s\u1ea3n ph\u1ea9m<\/span><\/h2>\n<p><span class=\"highlight\">\ub2f9\ub1e8\ubcd1 \uad00\ub9ac\uc640 \ud569\ubcd1\uc99d &#8230; <\/p>","protected":false},"featured_media":2117,"comment_status":"closed","ping_status":"closed","template":"","meta":[],"product_brand":[],"product_cat":[159],"product_tag":[],"class_list":{"0":"post-2116","1":"product","2":"type-product","3":"status-publish","4":"has-post-thumbnail","6":"product_cat-diabetes","8":"first","9":"instock","10":"featured","11":"shipping-taxable","12":"purchasable","13":"product-type-simple"},"_links":{"self":[{"href":"https:\/\/doori.shop\/vi\/wp-json\/wp\/v2\/product\/2116","targetHints":{"allow":["GET"]}}],"collection":[{"href":"https:\/\/doori.shop\/vi\/wp-json\/wp\/v2\/product"}],"about":[{"href":"https:\/\/doori.shop\/vi\/wp-json\/wp\/v2\/types\/product"}],"replies":[{"embeddable":true,"href":"https:\/\/doori.shop\/vi\/wp-json\/wp\/v2\/comments?post=2116"}],"version-history":[{"count":0,"href":"https:\/\/doori.shop\/vi\/wp-json\/wp\/v2\/product\/2116\/revisions"}],"wp:featuredmedia":[{"embeddable":true,"href":"https:\/\/doori.shop\/vi\/wp-json\/wp\/v2\/media\/2117"}],"wp:attachment":[{"href":"https:\/\/doori.shop\/vi\/wp-json\/wp\/v2\/media?parent=2116"}],"wp:term":[{"taxonomy":"product_brand","embeddable":true,"href":"https:\/\/doori.shop\/vi\/wp-json\/wp\/v2\/product_brand?post=2116"},{"taxonomy":"product_cat","embeddable":true,"href":"https:\/\/doori.shop\/vi\/wp-json\/wp\/v2\/product_cat?post=2116"},{"taxonomy":"product_tag","embeddable":true,"href":"https:\/\/doori.shop\/vi\/wp-json\/wp\/v2\/product_tag?post=2116"}],"curies":[{"name":"wp","href":"https:\/\/api.w.org\/{rel}","templated":true}]}}