{"id":2100,"date":"2024-12-28T23:33:04","date_gmt":"2024-12-28T23:33:04","guid":{"rendered":"https:\/\/doori.shop\/product\/dgt-o1\/"},"modified":"2025-07-10T04:20:01","modified_gmt":"2025-07-09T19:20:01","slug":"dgt-o1","status":"publish","type":"product","link":"https:\/\/doori.shop\/vi\/san-pham\/dgt-o1\/","title":{"rendered":"DIGESTER"},"content":{"rendered":"<div class=\"product-box\">\n<p><!-- 1. \uc81c\ud488 \uc18c\uac1c --><\/p>\n<section id=\"digester-introduction\" class=\"product-section\">\n<h3>\ud83c\udf43 <strong>DIGESTER <\/strong><strong>.<\/strong><strong>:<\/strong><\/h3>\n<p><strong>H\u1ed3i ph\u1ee5c ch\u1ee9c n\u0103ng s\u1ee9c kh\u1ecfe x\u01b0\u01a1ng kh\u1edbp \u0111\u01b0\u1ee3c l\u00e0m t\u1eeb th\u1ea3o d\u01b0\u1ee3c t\u1ef1 nhi\u00ean.<\/strong> <strong>DIGESTER<\/strong><strong> \u00b7 <\/strong><strong>.<\/strong> <strong>.<\/strong><strong> . <\/strong><strong>.<\/strong> <strong>.<\/strong> <strong>.<\/strong><strong><br \/>\n<\/strong><em>25<\/em><em>V\u1edbi 25 n\u0103m nghi\u00ean c\u1ee9u v\u00e0 ph\u01b0\u01a1ng ph\u00e1p chi\u1ebft xu\u1ea5t \u1edf nhi\u1ec7t \u0111\u1ed9 th\u1ea5p.<\/em> <em>.<\/em> <em>.<\/em> <em>.<\/em> <em>.<\/em> <em>.<\/em> <em>.<\/em><em>.<\/em><\/p>\n<h3>\u2705 Khuy\u00ean d\u00f9ng s\u1ea3n ph\u1ea9m cho<\/h3>\n<p>\ud83d\udfe2 Nh\u1eefng ng\u01b0\u1eddi th\u01b0\u1eddng xuy\u00ean g\u1eb7p c\u00e1c v\u1ea5n \u0111\u1ec1 v\u1ec1 d\u1ea1 d\u00e0y nh\u01b0 vi\u00eam d\u1ea1 d\u00e0y, t\u0103ng axit d\u1ea1 d\u00e0y v\u00e0 \u1ee3 chua<br \/>\n\ud83d\udfe2 Nh\u1eefng ng\u01b0\u1eddi th\u01b0\u1eddng xuy\u00ean g\u1eb7p kh\u00f3 kh\u0103n v\u00e0o bu\u1ed5i s\u00e1ng do t\u00ecnh tr\u1ea1ng n\u00f4n nao sau khi u\u1ed1ng r\u01b0\u1ee3u<br \/>\n\ud83d\udfe2 Ng\u01b0\u1eddi b\u1ecb m\u1ec7t m\u1ecfi nghi\u00eam tr\u1ecdng do suy gi\u1ea3m ch\u1ee9c n\u0103ng gan<br \/>\n\ud83d\udfe2 Nh\u1eefng ng\u01b0\u1eddi mu\u1ed1n gi\u1ea3m c\u00e1c b\u1ec7nh m\u00e3n t\u00ednh v\u1ec1 \u0111\u01b0\u1eddng ti\u00eau h\u00f3a nh\u01b0 vi\u00eam th\u1ef1c qu\u1ea3n tr\u00e0o ng\u01b0\u1ee3c v\u00e0 vi\u00eam d\u1ea1 d\u00e0y<\/p>\n<h3>\ud83c\udf3f Gi\u1edbi thi\u1ec7u s\u1ea3n ph\u1ea9m<\/h3>\n<p>DIGESTER l\u00e0 s\u1ea3n ph\u1ea9m<br \/>\nD\u1ef1a tr\u00ean c\u00e1c lo\u1ea1i th\u1ea3o d\u01b0\u1ee3c t\u1ef1 nhi\u00ean nh\u01b0 c\u00e2y \u00f3c ch\u00f3 v\u00e0 c\u00e2y alder <strong>DIGESTER<\/strong><strong> . <\/strong><strong>.<\/strong> <strong>.<\/strong> <strong>.<\/strong> <strong>.<\/strong>.<br \/>\nV\u1edbi 25 n\u0103m nghi\u00ean c\u1ee9u v\u00e0 ph\u01b0\u01a1ng ph\u00e1p chi\u1ebft xu\u1ea5t \u1edf nhi\u1ec7t \u0111\u1ed9 th\u1ea5p, <strong>Gi\u00fap c\u00e2n b\u1eb1ng Axit d\u1ea1 d\u00e0y, ti\u00eau h\u00f3a t\u1ed1t h\u01a1n.<\/strong> <strong>.<\/strong> <strong>.<\/strong><strong>, <\/strong><strong>.<\/strong> <strong>.<\/strong> <strong>.<\/strong><strong>, <\/strong><strong>.<\/strong> <strong>.<\/strong>.<br \/>\n<strong>S\u1ea3n ph\u1ea9m s\u1ea3n xu\u1ea5t theo ti\u00eau chu\u1ea9n GMP <\/strong><strong>.<\/strong> <strong>:<\/strong>Mang \u0111\u1ebfn \u0111\u1ea3m b\u1ea3o ch\u1ea5t l\u01b0\u1ee3ng an to\u00e0n.<\/p>\n<h3>\ud83d\udc8a Li\u1ec1u l\u01b0\u1ee3ng v\u00e0 C\u00e1ch d\u00f9ng<\/h3>\n<p>\ud83d\udccd <strong>DIGESTER<\/strong> <strong>.<\/strong> <strong>ch\u0103m s\u00f3c<\/strong><br \/>\n\u2013 <strong>- N\u1ebfu c\u1ea3m th\u1ea5y kh\u00f3 ch\u1ecbu \u1edf b\u1ee5ng. Th\u00eam 1 vi\u00ean n\u1ebfu c\u1ea7n.<\/strong> <strong>.<\/strong> <strong>.<\/strong><strong> 1<\/strong><strong>vi\u00ean nang<\/strong>.<br \/>\n\ud83d\udccd <strong>.<\/strong> <strong>Ph\u00f2ng tr\u01b0\u1eddng h\u1ee3p kh\u1ea9n c\u1ea5p:<\/strong><br \/>\n\u2013 <strong>- C\u00f3 th\u1ec3 u\u1ed1ng ngay sau \u0111\u00f3<\/strong> <strong>.<\/strong><strong>\u00b7<\/strong><strong>.<\/strong> <strong>.<\/strong> <strong>. Ng\u00e0y h\u00f4m sau v\u00e0o bu\u1ed5i s\u00e1ng u\u1ed1ng<\/strong> <strong>.<\/strong> m\u1ed7i l\u1ea7n 1 vi\u00ean, t\u1ed5ng c\u1ed9ng 3 l\u1ea7n<br \/>\n\u2714\ufe0f<strong>\u0110\u00f3ng g\u00f3i:<\/strong> 60 vi\u00ean nang m\u1ed7i l\u1ecd<br \/>\n\ud83d\udce6 <strong>.<\/strong> <strong>.<\/strong> <strong>.<\/strong> <strong>.<\/strong> <strong>.<\/strong><br \/>\n\u2013 T\u0103ng hi\u1ec7u qu\u1ea3 c\u1ea3i thi\u1ec7n t\u00ecnh tr\u1ea1ng vi\u00eam th\u1ef1c qu\u1ea3n tr\u00e0o ng\u01b0\u1ee3c<\/p>\n<h3>\ud83d\udcaa T\u00f3m t\u1eaft c\u00e1c t\u00e1c d\u1ee5ng ch\u00ednh<\/h3>\n<table>\n<thead>\n<tr>\n<td><strong>\ud83d\udca1 <\/strong><strong>c\u00f4ng d\u1ee5ng<\/strong><\/td>\n<td><strong>L\u1eddi gi\u1ea3i th\u00edch<\/strong><\/td>\n<\/tr>\n<\/thead>\n<tbody>\n<tr>\n<td><strong>DIGESTER<\/strong> <strong>.<\/strong> <strong>.<\/strong><\/td>\n<td>Gi\u1ea3m ch\u1ee9ng \u1ee3 chua, vi\u00eam d\u1ea1 d\u00e0y v\u00e0 lo\u00e9t d\u1ea1 d\u00e0y b\u1eb1ng c\u00e1ch \u0111i\u1ec1u ch\u1ec9nh axit d\u1ea1 d\u00e0y<\/td>\n<\/tr>\n<tr>\n<td><strong>.<\/strong> <strong>.<\/strong><\/td>\n<td>Th\u00fac \u0111\u1ea9y qu\u00e1 tr\u00ecnh ph\u00e2n h\u1ee7y r\u01b0\u1ee3u v\u00e0 t\u0103ng c\u01b0\u1eddng gi\u1ea3i \u0111\u1ed9c gan<\/td>\n<\/tr>\n<tr>\n<td><strong>.<\/strong> <strong>.<\/strong> <strong>.<\/strong><\/td>\n<td>Ng\u0103n ng\u1eeba gan nhi\u1ec5m m\u1ee1, gi\u1ea3m m\u1ec7t m\u1ecfi gan<\/td>\n<\/tr>\n<tr>\n<td><strong>Vi\u00eam tr\u00e0o ng\u01b0\u1ee3c Th\u1ef1c qu\u1ea3n<\/strong> <strong>.<\/strong> <strong>.<\/strong><\/td>\n<td>Hi\u1ec7u \u1ee9ng t\u1ed1t h\u01a1n khi s\u1eed d\u1ee5ng c\u00f9ng v\u1edbi c\u00e1c s\u1ea3n ph\u1ea9m probiotic<\/td>\n<\/tr>\n<\/tbody>\n<\/table>\n<h3>\ud83d\udd2c Th\u00e0nh ph\u1ea7n ch\u00ednh v\u00e0 c\u00f4ng ngh\u1ec7<\/h3>\n<p>\ud83c\udf3f <strong>7<\/strong><strong>Th\u00e0nh ph\u1ea7n ch\u00ednh:<\/strong> <strong>.<\/strong> <strong>:<\/strong><strong><br \/>\n<\/strong>\u2013 <strong>C\u00e2y \u00f3c ch\u00f3<\/strong><strong>, <\/strong><strong>V\u1ecf qu\u00fdt<\/strong><strong>, <\/strong><strong>m\u1ea1ch nha<\/strong><strong>, <\/strong><strong>g\u1eebng<\/strong><strong>, <\/strong><strong>,<\/strong><strong>, <\/strong><strong>cam th\u1ea3o<\/strong><strong>, <\/strong><strong>,<\/strong><strong>, <\/strong><strong>qu\u1ebf<\/strong><br \/>\n\ud83c\udf21\ufe0f <strong>.<\/strong> <strong>.<\/strong> <strong>X\u00e2y d\u1ef1ng c\u00f4ng th\u1ee9c<\/strong> <strong>.<\/strong><br \/>\n\u2013 T\u1ed1i \u0111a h\u00f3a t\u00ednh an to\u00e0n v\u00e0 hi\u1ec7u qu\u1ea3 m\u00e0 kh\u00f4ng ph\u00e1 h\u1ee7y c\u00e1c th\u00e0nh ph\u1ea7n ho\u1ea1t t\u00ednh<\/p>\n<h3>\ud83c\udfc6\u0110i\u1ec3m kh\u00e1c bi\u1ec7t c\u1ee7a Digester<\/h3>\n<p>\u2714\ufe0f <strong>DIGESTER<\/strong><strong>\u00b7<\/strong><strong>.<\/strong><strong>\u00b7<\/strong><strong>.<\/strong><strong>\u00b7<\/strong><strong>Vi\u00eam tr\u00e0o ng\u01b0\u1ee3c Th\u1ef1c qu\u1ea3n<\/strong> <strong>.<\/strong>Ch\u0103m s\u00f3c to\u00e0n di\u1ec7n.<br \/>\n\u2714\ufe0f <strong>100% <\/strong><strong>C\u00e1c th\u00e0nh ph\u1ea7n th\u00edch h\u1ee3p.<\/strong> <strong>.<\/strong> <strong>:<\/strong> \u2013 An to\u00e0n ngay c\u1ea3 khi s\u1eed d\u1ee5ng l\u00e2u d\u00e0i<br \/>\n\u2714\ufe0f <strong>Trong n\u01b0\u1edbc v\u00e0 qu\u1ed1c t\u1ebf \u0111\u1ec1u tu\u00e2n th\u1ee7 ti\u00eau chu\u1ea9n c\u1ee7a<\/strong> <strong>B\u1ed9 An to\u00e0n Th\u1ef1c ph\u1ea9m v\u00e0 D\u01b0\u1ee3c ph\u1ea9m<\/strong> <strong>,<\/strong><strong> &amp; \u0111\u00e1p \u1ee9ng ti\u00eau chu\u1ea9n GMP <\/strong><strong>.<\/strong> <strong>:<\/strong><br \/>\n\u2714\ufe0f <strong>C\u00f3 th\u1ec3 k\u1ebft h\u1ee3p d\u00f9ng s\u1ea3n ph\u1ea9m n\u00e0y \u0111\u1ec3 \u0111\u1ea1t hi\u1ec7u qu\u1ea3<\/strong> <strong>L\u01b0\u1ee3ng ti\u00eau th\u1ee5<\/strong> <strong>:<\/strong> \u2013 C\u00f3 th\u1ec3 s\u1eed d\u1ee5ng v\u1edbi c\u00e1c s\u1ea3n ph\u1ea9m men vi sinh<\/p>\n<h3>\u26a0\ufe0f Vui l\u00f2ng ki\u1ec3m tra tr\u01b0\u1edbc khi s\u1eed d\u1ee5ng<\/h3>\n<ul>\n<li><strong>Ng\u01b0\u1eddi nh\u1ea1y c\u1ea3m hay d\u1ecb \u1ee9ng<\/strong> <strong>:<\/strong>: N\u1ebfu b\u1ea1n nh\u1ea1y c\u1ea3m v\u1edbi m\u1ed9t s\u1ed1 th\u00e0nh ph\u1ea7n nh\u1ea5t \u0111\u1ecbnh, ch\u00fang t\u00f4i khuy\u00ean b\u1ea1n n\u00ean tham kh\u1ea3o \u00fd ki\u1ebfn chuy\u00ean gia.<\/li>\n<li><strong>C\u00f3 th\u1ec3 s\u1eed d\u1ee5ng \u0111\u1ed3ng th\u1eddi c\u00e1c s\u1ea3n ph\u1ea9m kh\u00e1c nh\u01b0ng l\u01b0u \u00fd:<\/strong> <strong>.<\/strong> <strong>.<\/strong> <strong>:<\/strong>:N\u1ebfu b\u1ea1n \u0111ang d\u00f9ng thu\u1ed1c d\u1ea1 d\u00e0y ho\u1eb7c thu\u1ed1c c\u1ea3i thi\u1ec7n ch\u1ee9c n\u0103ng gan, h\u00e3y \u0111\u1ea3m b\u1ea3o u\u1ed1ng thu\u1ed1c \u0111\u1ec1u \u0111\u1eb7n.<\/li>\n<\/ul>\n<\/section>\n<\/div>","protected":false},"excerpt":{"rendered":"<div class=\"product-box\">\n<div id=\"summary\" class=\"tab-content active\">\n<section class=\"product-section\">\n<h2><span class=\"highlight\">T\u00f3m t\u1eaft s\u1ea3n ph\u1ea9m<\/span><\/h2>\n<p><strong>DIGESTER<\/strong>.<br \/>\n<span class=\"highlight\">\uc18c\ud654 \uae30\ub2a5\uc744 &#8230; <\/p>","protected":false},"featured_media":2104,"comment_status":"open","ping_status":"closed","template":"","meta":[],"product_brand":[],"product_cat":[156,158],"product_tag":[],"class_list":{"0":"post-2100","1":"product","2":"type-product","3":"status-publish","4":"has-post-thumbnail","6":"product_cat-probiotics","7":"product_cat-stomach","9":"first","10":"instock","11":"featured","12":"shipping-taxable","13":"purchasable","14":"product-type-simple"},"_links":{"self":[{"href":"https:\/\/doori.shop\/vi\/wp-json\/wp\/v2\/product\/2100","targetHints":{"allow":["GET"]}}],"collection":[{"href":"https:\/\/doori.shop\/vi\/wp-json\/wp\/v2\/product"}],"about":[{"href":"https:\/\/doori.shop\/vi\/wp-json\/wp\/v2\/types\/product"}],"replies":[{"embeddable":true,"href":"https:\/\/doori.shop\/vi\/wp-json\/wp\/v2\/comments?post=2100"}],"version-history":[{"count":0,"href":"https:\/\/doori.shop\/vi\/wp-json\/wp\/v2\/product\/2100\/revisions"}],"wp:featuredmedia":[{"embeddable":true,"href":"https:\/\/doori.shop\/vi\/wp-json\/wp\/v2\/media\/2104"}],"wp:attachment":[{"href":"https:\/\/doori.shop\/vi\/wp-json\/wp\/v2\/media?parent=2100"}],"wp:term":[{"taxonomy":"product_brand","embeddable":true,"href":"https:\/\/doori.shop\/vi\/wp-json\/wp\/v2\/product_brand?post=2100"},{"taxonomy":"product_cat","embeddable":true,"href":"https:\/\/doori.shop\/vi\/wp-json\/wp\/v2\/product_cat?post=2100"},{"taxonomy":"product_tag","embeddable":true,"href":"https:\/\/doori.shop\/vi\/wp-json\/wp\/v2\/product_tag?post=2100"}],"curies":[{"name":"wp","href":"https:\/\/api.w.org\/{rel}","templated":true}]}}