{"id":2098,"date":"2024-06-01T23:34:43","date_gmt":"2024-06-01T23:34:43","guid":{"rendered":"https:\/\/doori.shop\/product\/drops-ss\/"},"modified":"2025-05-16T00:51:46","modified_gmt":"2025-05-16T00:51:46","slug":"drops-ss","status":"publish","type":"product","link":"https:\/\/doori.shop\/vi\/san-pham\/drops-ss\/","title":{"rendered":"\uc774\ubba4\ub2c8\uc988 \ub4dc\ub78d\uc2a4 (\uc138\ud2b8)"},"content":{"rendered":"<p><strong style=\"font-size: 115%; color: #333333;\">Gi\u1edbi thi\u1ec7u s\u1ea3n ph\u1ea9m<\/strong><\/p>\n<div id=\"tabs\" class=\"tabs\">\n<div class=\"tab\" data-tab=\"functions\"><span class=\"highlight\" style=\"font-size: 115%;\"><strong>T\u00e1c d\u1ee5ng ch\u00ednh<\/strong><\/span><\/div>\n<div class=\"tab\" data-tab=\"mechanism\"><span class=\"highlight\" style=\"font-size: 115%;\"><strong>N\u00f3 ho\u1ea1t \u0111\u1ed9ng nh\u01b0 th\u1ebf n\u00e0o<\/strong><\/span><\/div>\n<div class=\"tab\" data-tab=\"usage\"><span class=\"highlight\" style=\"font-size: 115%;\"><strong>C\u00e1ch s\u1eed d\u1ee5ng<\/strong><\/span><\/div>\n<div class=\"tab\" data-tab=\"highlights\"><span class=\"highlight\" style=\"font-size: 115%;\"><strong>\u0110i\u1ec3m kh\u00e1c bi\u1ec7t<\/strong><\/span><\/div>\n<\/div>\n<div id=\"introduction\" class=\"tab-content active\">\n<h2>Gi\u1edbi thi\u1ec7u s\u1ea3n ph\u1ea9m<\/h2>\n<p><strong>\uc774\ubba4\ub2c8\uc2a4 \ub4dc\ub86d\uc2a4 (IMMUNIES DROPS)<\/strong>\ub294 \ubbf8\uad6d FDA \uc77c\ubc18 \uc758\uc57d\ud488(OTC)\uc73c\ub85c \ub4f1\ub85d\ub41c \uba74\uc5ed\ub825 \uac15\ud654 \uc81c\ud488\uc785\ub2c8\ub2e4.<br \/>\n\uad6c\uac15 \uc810\ub9c9\uc744 \ud1b5\ud574 \ube60\ub974\uac8c \ud761\uc218\ub418\uc5b4 \uc12d\ucde8 \ud6c4 3\ubd84 \uc774\ub0b4\uc5d0 \uccb4\uc628 \uc0c1\uc2b9 \ubc0f \uba74\uc5ed \uccb4\uacc4\ub97c \uc989\uac01\uc801\uc73c\ub85c \ud65c\uc131\ud654\ud569\ub2c8\ub2e4.<br \/>\n\ube44\uc5fc, \uac10\uae30 \ucd08\uae30 \uc99d\uc0c1, \uae30\uad00\uc9c0 \ubb38\uc81c \ub4f1 \ub2e4\uc591\ud55c \uac74\uac15 \ubb38\uc81c\ub97c \ud574\uacb0\ud558\uba70, \ucc9c\uc5f0 \uc131\ubd84\uc73c\ub85c \uc548\uc804\ud558\uac8c \uc7a5\uae30 \ubcf5\uc6a9 \uac00\ub2a5\ud569\ub2c8\ub2e4.<\/p>\n<\/div>\n<div id=\"functions\" class=\"tab-content\">\n<h2>T\u00e1c d\u1ee5ng ch\u00ednh<\/h2>\n<ul>\n<li><strong>T\u0103ng c\u01b0\u1eddng h\u1ec7 th\u1ed1ng mi\u1ec5n d\u1ecbch c\u1ee7a b\u1ea1n:<\/strong> \uccb4\uc628\uc744 1\ub3c4 \uc0c1\uc2b9\uc2dc\ucf1c \uba74\uc5ed\ub825\uc744 \uc57d 5\ubc30 \uc99d\ub300, \uac01\uc885 \ubc14\uc774\ub7ec\uc2a4 \ubc29\uc5b4.<\/li>\n<li><strong>C\u1ea3i thi\u1ec7n s\u1ee9c kh\u1ecfe h\u00f4 h\u1ea5p:<\/strong> \ube44\uc5fc \uc99d\uc0c1(\ucf67\ubb3c, \uc7ac\ucc44\uae30, \ucf54\ub9c9\ud798) \uc644\ud654, \uae30\uce68 \ubc0f \ucc9c\uc2dd \ucd08\uae30 \uc99d\uc0c1 \uac1c\uc120.<\/li>\n<li><strong>Ph\u1ee5c h\u1ed3i m\u1ec7t m\u1ecfi:<\/strong> \ub208\uc758 \ud53c\ub85c \ud574\uc18c \ubc0f \ubb34\uae30\ub825\uc99d \uac1c\uc120\uc73c\ub85c \ud65c\ub825 \uc99d\ub300.<\/li>\n<li><strong>C\u1ea3i thi\u1ec7n ch\u1ee9ng kh\u00f3 ti\u00eau:<\/strong> \uc704\uc7a5 \ubd88\ud3b8\ud568\uc744 \ube60\ub974\uac8c \uc644\ud654\ud558\uace0 \uc18c\ud654 \uac74\uac15 \uad00\ub9ac.<\/li>\n<li><strong>S\u1ee9c kh\u1ecfe l\u00e0n da:<\/strong> \uc544\ud1a0\ud53c\ub85c \uc778\ud55c \uac00\ub824\uc6c0\uc99d \ubc0f \uc5fc\uc99d \ubc18\uc751 \uc5b5\uc81c.<\/li>\n<li><strong>\uc548\uad6c\uac74\uc870 \uc99d\uc0c1 \uc644\ud654:<\/strong> \ub208\uc758 \uac74\uc870\ud568\uacfc \ud53c\ub85c \ud574\uc18c, \ucd09\ucd09\ud55c \uac10\uac01 \uc81c\uacf5.<\/li>\n<\/ul>\n<\/div>\n<div id=\"mechanism\" class=\"tab-content\">\n<h2>N\u00f3 ho\u1ea1t \u0111\u1ed9ng nh\u01b0 th\u1ebf n\u00e0o<\/h2>\n<ul>\n<li><strong>S\u1ef1 h\u1ea5p thu qua ni\u00eam m\u1ea1c mi\u1ec7ng:<\/strong> \uc720\ud6a8 \uc131\ubd84\uc774 \uc785\uc548\uc758 \uc810\ub9c9\uc744 \ud1b5\ud574 \ube60\ub974\uac8c \ud761\uc218, \uccb4\uc628 \uc0c1\uc2b9 \ubc0f \uba74\uc5ed \uccb4\uacc4 \ud65c\uc131\ud654.<\/li>\n<li><strong>T\u00e1c d\u1ee5ng kh\u00e1ng vi-r\u00fat:<\/strong> \uba74\uc5ed \uc138\ud3ec\ub97c \ud65c\uc131\ud654\ud558\uc5ec \ubc14\uc774\ub7ec\uc2a4 \ubc0f \uc720\ud574 \ubbf8\uc0dd\ubb3c\uc744 \ubc29\uc5b4.<\/li>\n<li><strong>D\u1ef1a tr\u00ean c\u00e1c th\u00e0nh ph\u1ea7n t\u1ef1 nhi\u00ean:<\/strong> \uc2e0\uccb4\uc5d0 \uc548\uc804\ud558\uac8c \uc791\uc6a9\ud558\uc5ec \uc7a5\uae30 \ubcf5\uc6a9\uc5d0 \uc801\ud569.<\/li>\n<\/ul>\n<\/div>\n<div id=\"usage\" class=\"tab-content\">\n<h2>C\u00e1ch s\u1eed d\u1ee5ng<\/h2>\n<ul>\n<li><strong>\uae30\ubcf8 \ubcf5\uc6a9:<\/strong> \ud558\ub8e8 3~5\ud68c, 1\ud68c 1\uac1c\ub97c \uad6c\uac15 \ub0b4 \uba38\uae08\uace0 \ucc9c\ucc9c\ud788 \ub179\uc774\uc138\uc694.<\/li>\n<li><strong>Ch\u0103m s\u00f3c \u0111\u1eb7c bi\u1ec7t:<\/strong> \uac10\uae30 \ucd08\uae30\ub098 \ube44\uc5fc \uc99d\uc0c1 \uc545\ud654 \uc2dc \uc5f0\uc18d\uc73c\ub85c 2~3\uac1c \uc12d\ucde8.<\/li>\n<\/ul>\n<\/div>\n<div id=\"highlights\" class=\"tab-content\">\n<h2>\u0110i\u1ec3m kh\u00e1c bi\u1ec7t<\/h2>\n<ul>\n<li><strong>\uc989\uac01\uc801\uc778 \uba74\uc5ed\ub825 \uac15\ud654:<\/strong> \uad6c\uac15 \uc810\ub9c9\uc744 \ud1b5\ud55c \ube60\ub978 \ud761\uc218\uc640 \uccb4\uc628 \uc0c1\uc2b9.<\/li>\n<li><strong>\ub2e4\ubaa9\uc801 \ud6a8\uacfc:<\/strong> \uba74\uc5ed \uc99d\uac15, \uc5fc\uc99d \uc644\ud654, \ud638\ud761\uae30 \uac74\uac15, \uc18c\ud654 \ubc0f \ud53c\ubd80 \ubb38\uc81c \uac1c\uc120.<\/li>\n<li><strong>\ucc9c\uc5f0 \uc131\ubd84:<\/strong> \ubd80\uc791\uc6a9 \uac71\uc815 \uc5c6\uc774 \uc7a5\uae30 \ubcf5\uc6a9 \uac00\ub2a5.<\/li>\n<li><strong>\uacfc\ud559\uc801 \uc778\uc99d:<\/strong> \ubbf8\uad6d FDA \ub4f1\ub85d \ubc0f \uc548\uc804\uc131 \uac80\uc99d.<\/li>\n<\/ul>\n<\/div>\n<p><script>\n    document.addEventListener('DOMContentLoaded', function () {\n        const tabs = document.querySelectorAll('.tab');\n        const contents = document.querySelectorAll('.tab-content');<\/p>\n<p>        tabs.forEach((tab, index) => {\n            tab.addEventListener('click', () => {\n                tabs.forEach(t => t.classList.remove('active'));\n                contents.forEach(c => c.classList.remove('active'));<\/p>\n<p>                tab.classList.add('active');\n                contents[index].classList.add('active');\n            });\n        });<\/p>\n<p>        \/\/ Initialize first parent and child tabs as active\n        tabs[0].classList.add('active');\n        contents[0].classList.add('active');\n    });\n<\/script><\/p>","protected":false},"excerpt":{"rendered":"<div id=\"tabs\" class=\"tabs\">\n<div class=\"tab active\" style=\"text-align: left;\" data-tab=\"summary\"><span class=\"highlight\" style=\"font-size: 115%;\"><strong>\uc81c\ud488 &#8230; <\/p>","protected":false},"featured_media":2099,"comment_status":"open","ping_status":"closed","template":"","meta":[],"product_brand":[],"product_cat":[15],"product_tag":[],"class_list":{"0":"post-2098","1":"product","2":"type-product","3":"status-publish","4":"has-post-thumbnail","6":"product_cat-15","8":"first","9":"instock","10":"shipping-taxable","11":"purchasable","12":"product-type-simple"},"_links":{"self":[{"href":"https:\/\/doori.shop\/vi\/wp-json\/wp\/v2\/product\/2098","targetHints":{"allow":["GET"]}}],"collection":[{"href":"https:\/\/doori.shop\/vi\/wp-json\/wp\/v2\/product"}],"about":[{"href":"https:\/\/doori.shop\/vi\/wp-json\/wp\/v2\/types\/product"}],"replies":[{"embeddable":true,"href":"https:\/\/doori.shop\/vi\/wp-json\/wp\/v2\/comments?post=2098"}],"version-history":[{"count":0,"href":"https:\/\/doori.shop\/vi\/wp-json\/wp\/v2\/product\/2098\/revisions"}],"wp:featuredmedia":[{"embeddable":true,"href":"https:\/\/doori.shop\/vi\/wp-json\/wp\/v2\/media\/2099"}],"wp:attachment":[{"href":"https:\/\/doori.shop\/vi\/wp-json\/wp\/v2\/media?parent=2098"}],"wp:term":[{"taxonomy":"product_brand","embeddable":true,"href":"https:\/\/doori.shop\/vi\/wp-json\/wp\/v2\/product_brand?post=2098"},{"taxonomy":"product_cat","embeddable":true,"href":"https:\/\/doori.shop\/vi\/wp-json\/wp\/v2\/product_cat?post=2098"},{"taxonomy":"product_tag","embeddable":true,"href":"https:\/\/doori.shop\/vi\/wp-json\/wp\/v2\/product_tag?post=2098"}],"curies":[{"name":"wp","href":"https:\/\/api.w.org\/{rel}","templated":true}]}}