{"id":2096,"date":"2024-09-01T19:47:53","date_gmt":"2024-09-01T19:47:53","guid":{"rendered":"https:\/\/doori.shop\/product\/imd-o1\/"},"modified":"2025-07-10T04:20:02","modified_gmt":"2025-07-09T19:20:02","slug":"imd-o1","status":"publish","type":"product","link":"https:\/\/doori.shop\/vi\/san-pham\/imd-o1\/","title":{"rendered":"Mi\u1ec5n d\u1ecbch h\u00f4 h\u1ea5p"},"content":{"rendered":"<div class=\"product-box\">\n<p>  <!-- 1. \uc81c\ud488 \uc18c\uac1c --><\/p>\n<section id=\"immuniesdrops-introduction\" class=\"product-section\">\n<h2><span class=\"highlight\">Gi\u1edbi thi\u1ec7u s\u1ea3n ph\u1ea9m<\/span><\/h2>\n<p>\n      <strong><span class=\"highlight\">GI\u1eccT MI\u1ec4N D\u1ecaCH<\/span><\/strong>.<br \/>\n      <span class=\"highlight\">Thu\u1ed1c nh\u1ecf m\u0169i t\u1ef1 nhi\u00ean h\u01b0\u01a1ng th\u1ea3o m\u1ed9c kh\u00f4ng \u0111\u01b0\u1eddng<\/span>B\u1eb0NG,<br \/>\n      Ch\u1ee9a Immunies, m\u1ed9t ch\u1ea5t \u0111i\u1ec1u h\u00f2a mi\u1ec5n d\u1ecbch \u0111\u01b0\u1ee3c FDA Hoa K\u1ef3 \u0111\u0103ng k\u00fd l\u00e0 thu\u1ed1c kh\u00f4ng k\u00ea \u0111\u01a1n (OTC).<br \/>\n      Thu\u1ed1c \u0111\u01b0\u1ee3c h\u1ea5p thu nhanh qua ni\u00eam m\u1ea1c mi\u1ec7ng.<br \/>\n      <span class=\"highlight\">T\u0103ng nhi\u1ec7t \u0111\u1ed9 c\u01a1 th\u1ec3 v\u00e0 k\u00edch ho\u1ea1t h\u1ec7 th\u1ed1ng mi\u1ec5n d\u1ecbch trong v\u00f2ng 3 ph\u00fat sau khi u\u1ed1ng<\/span>. V\u00e0<br \/>\n      N\u00f3 gi\u00fap gi\u1ea3i quy\u1ebft nhi\u1ec1u v\u1ea5n \u0111\u1ec1 s\u1ee9c kh\u1ecfe kh\u00e1c nhau nh\u01b0 vi\u00eam m\u0169i, c\u00e1c tri\u1ec7u ch\u1ee9ng ban \u0111\u1ea7u c\u1ee7a c\u1ea3m l\u1ea1nh v\u00e0 c\u00e1c v\u1ea5n \u0111\u1ec1 v\u1ec1 ph\u1ebf qu\u1ea3n.\n    <\/p>\n<\/section>\n<p>  <!-- 2. \uc8fc\uc694 \ud6a8\uacfc --><\/p>\n<section id=\"immuniesdrops-effects\" class=\"product-section\">\n<h2><span class=\"highlight\">T\u00e1c d\u1ee5ng ch\u00ednh<\/span><\/h2>\n<p><strong>T\u0103ng c\u01b0\u1eddng h\u1ec7 th\u1ed1ng mi\u1ec5n d\u1ecbch c\u1ee7a b\u1ea1n:<\/strong> N\u00f3 l\u00e0m t\u0103ng nhi\u1ec7t \u0111\u1ed9 c\u01a1 th\u1ec3 l\u00ean 1 \u0111\u1ed9 v\u00e0 t\u0103ng kh\u1ea3 n\u0103ng mi\u1ec5n d\u1ecbch l\u00ean kho\u1ea3ng 5 l\u1ea7n, v\u00e0 nhi\u1ec1u <span class=\"highlight\">Ph\u00f2ng ng\u1eeba vi-r\u00fat<\/span>H\u1ed7 tr\u1ee3 .<\/p>\n<p><strong>C\u1ea3i thi\u1ec7n s\u1ee9c kh\u1ecfe h\u00f4 h\u1ea5p:<\/strong> N\u00f3 l\u00e0m gi\u1ea3m c\u00e1c tri\u1ec7u ch\u1ee9ng vi\u00eam m\u0169i (ch\u1ea3y n\u01b0\u1edbc m\u0169i, h\u1eaft h\u01a1i, ngh\u1eb9t m\u0169i) v\u00e0 c\u1ea3i thi\u1ec7n c\u00e1c tri\u1ec7u ch\u1ee9ng ho v\u00e0 hen suy\u1ec5n giai \u0111o\u1ea1n \u0111\u1ea7u.<\/p>\n<p><span class=\"highlight\">Ph\u1ee5c h\u1ed3i m\u1ec7t m\u1ecfi:<\/span> T\u0103ng c\u01b0\u1eddng sinh l\u1ef1c b\u1eb1ng c\u00e1ch l\u00e0m gi\u1ea3m t\u00ecnh tr\u1ea1ng m\u1ecfi m\u1eaft v\u00e0 c\u1ea3i thi\u1ec7n t\u00ecnh tr\u1ea1ng l\u1edd \u0111\u1edd.<\/p>\n<p><strong>C\u1ea3i thi\u1ec7n ch\u1ee9ng kh\u00f3 ti\u00eau:<\/strong> Duy tr\u00ec s\u1ee9c kh\u1ecfe ti\u00eau h\u00f3a b\u1eb1ng c\u00e1ch nhanh ch\u00f3ng l\u00e0m gi\u1ea3m t\u00ecnh tr\u1ea1ng kh\u00f3 ch\u1ecbu \u1edf d\u1ea1 d\u00e0y.<\/p>\n<p><strong>S\u1ee9c kh\u1ecfe l\u00e0n da:<\/strong> <span class=\"highlight\">Vi\u00eam da d\u1ecb \u1ee9ng, ng\u1ee9a v\u00e0 gi\u1ea3m vi\u00eam<\/span>H\u1ed7 tr\u1ee3 .<\/p>\n<p><strong>Gi\u1ea3m t\u00ecnh tr\u1ea1ng kh\u00f4 m\u1eaft:<\/strong> S\u1ea3n ph\u1ea9m gi\u00fap l\u00e0m gi\u1ea3m t\u00ecnh tr\u1ea1ng kh\u00f4 v\u00e0 m\u1ecfi m\u1eaft, \u0111\u1ed3ng th\u1eddi mang l\u1ea1i c\u1ea3m gi\u00e1c \u1ea9m m\u01b0\u1ee3t.<\/p>\n<p><strong>Ch\u1ea5t ch\u1ed1ng oxy h\u00f3a v\u00e0 gi\u1ea3i \u0111\u1ed9c:<\/strong> N\u00f3 gi\u00fap ph\u00e2n h\u1ee7y \u0111\u1ed9c t\u1ed1 v\u00e0 lo\u1ea1i b\u1ecf ch\u1ea5t th\u1ea3i ra kh\u1ecfi c\u01a1 th\u1ec3 v\u00e0 l\u00e0m s\u1ea1ch m\u1ea1ch m\u00e1u.<\/p>\n<\/section>\n<p>  <!-- 3. \uc791\uc6a9 \uc6d0\ub9ac --><\/p>\n<section id=\"immuniesdrops-mechanism\" class=\"product-section\">\n<h2><span class=\"highlight\">N\u00f3 ho\u1ea1t \u0111\u1ed9ng nh\u01b0 th\u1ebf n\u00e0o<\/span><\/h2>\n<p><strong>S\u1ef1 h\u1ea5p thu qua ni\u00eam m\u1ea1c mi\u1ec7ng:<\/strong> <span class=\"highlight\">C\u00e1c th\u00e0nh ph\u1ea7n ho\u1ea1t t\u00ednh \u0111\u01b0\u1ee3c h\u1ea5p th\u1ee5 nhanh ch\u00f3ng qua ni\u00eam m\u1ea1c mi\u1ec7ng<\/span>N\u00f3 l\u00e0m t\u0103ng nhi\u1ec7t \u0111\u1ed9 c\u01a1 th\u1ec3 l\u00ean 1 \u0111\u1ed9 v\u00e0 k\u00edch ho\u1ea1t h\u1ec7 th\u1ed1ng mi\u1ec5n d\u1ecbch.<\/p>\n<p><span class=\"highlight\">T\u00e1c d\u1ee5ng kh\u00e1ng vi-r\u00fat:<\/span> K\u00edch ho\u1ea1t t\u1ebf b\u00e0o mi\u1ec5n d\u1ecbch \u0111\u1ec3 ch\u1ed1ng l\u1ea1i vi-r\u00fat.<\/p>\n<p><strong>D\u1ef1a tr\u00ean c\u00e1c th\u00e0nh ph\u1ea7n t\u1ef1 nhi\u00ean:<\/strong> An to\u00e0n cho c\u01a1 th\u1ec3 v\u00e0 th\u00edch h\u1ee3p \u0111\u1ec3 s\u1eed d\u1ee5ng l\u00e2u d\u00e0i.<\/p>\n<\/section>\n<p>  <!-- 4. \uc12d\ucde8 \ubc29\ubc95 --><\/p>\n<section id=\"immuniesdrops-usage\" class=\"product-section\">\n<h2><span class=\"highlight\">C\u00e1ch s\u1eed d\u1ee5ng<\/span><\/h2>\n<p><strong>Li\u1ec1u d\u00f9ng c\u01a1 b\u1ea3n:<\/strong> B\u1ea5t c\u1ee9 khi n\u00e0o b\u1ea1n c\u00f3 tri\u1ec7u ch\u1ee9ng vi\u00eam m\u0169i, h\u00e3y ng\u1eadm thu\u1ed1c trong mi\u1ec7ng v\u00e0 \u0111\u1ec3 thu\u1ed1c tan t\u1eeb t\u1eeb.<\/p>\n<p><strong>Ch\u0103m s\u00f3c \u0111\u1eb7c bi\u1ec7t:<\/strong> Trong giai \u0111o\u1ea1n \u0111\u1ea7u c\u1ee7a c\u1ea3m l\u1ea1nh ho\u1eb7c khi vi\u00eam m\u0169i tr\u1edf n\u00ean tr\u1ea7m tr\u1ecdng h\u01a1n <span class=\"highlight\">2~3 li\u00ean ti\u1ebfp<\/span>N\u00ean s\u1eed d\u1ee5ng.<\/p>\n<p><strong>S\u00fac mi\u1ec7ng song song:<\/strong> Khi c\u1ea7n thi\u1ebft, h\u00e3y pha lo\u00e3ng v\u1edbi n\u01b0\u1edbc v\u00e0 d\u00f9ng \u0111\u1ec3 s\u00fac mi\u1ec7ng \u0111\u1ec3 gi\u00fap gi\u1eef s\u1ea1ch mi\u1ec7ng.<\/p>\n<\/section>\n<p>  <!-- 5. \uc548\uc804\uc131 \ubc0f \uc8fc\uc758\uc0ac\ud56d --><\/p>\n<section id=\"immuniesdrops-safety\" class=\"product-section\">\n<h2><span class=\"highlight\">An to\u00e0n v\u00e0 Ph\u00f2ng ng\u1eeba<\/span><\/h2>\n<p><strong>Danh m\u1ee5c s\u1ea3n ph\u1ea9m kh\u00f4ng ph\u1ea3i thu\u1ed1c\/th\u1ef1c ph\u1ea9m b\u1ed5 sung s\u1ee9c kh\u1ecfe:<\/strong> Vui l\u00f2ng ki\u1ec3m tra h\u01b0\u1edbng d\u1eabn c\u1ee7a B\u1ed9 An to\u00e0n Th\u1ef1c ph\u1ea9m v\u00e0 D\u01b0\u1ee3c ph\u1ea9m ho\u1eb7c FDA v\u00ec ph\u00e2n lo\u1ea1i ph\u00e1p l\u00fd trong n\u01b0\u1edbc v\u00e0 qu\u1ed1c t\u1ebf c\u00f3 th\u1ec3 kh\u00e1c nhau.<\/p>\n<p><strong>N\u00ean tham kh\u1ea3o \u00fd ki\u1ebfn chuy\u00ean gia:<\/strong> N\u1ebfu b\u1ea1n c\u00f3 t\u00ecnh tr\u1ea1ng b\u1ec7nh l\u00fd ho\u1eb7c d\u1ecb \u1ee9ng c\u1ee5 th\u1ec3, vui l\u00f2ng tham kh\u1ea3o \u00fd ki\u1ebfn chuy\u00ean gia tr\u01b0\u1edbc khi s\u1eed d\u1ee5ng.<\/p>\n<\/section>\n<\/div>","protected":false},"excerpt":{"rendered":"<div class=\"product-box\">\n<p><!-- \ud0ed \ub0b4\uc6a9: \uc81c\ud488 \uc694\uc57d --><\/p>\n<div id=\"summary\" class=\"tab-content active\">\n<section class=\"product-section\">\n<h2><span ... \n<\/p>","protected":false},"featured_media":2097,"comment_status":"open","ping_status":"closed","template":"","meta":[],"product_brand":[],"product_cat":[153,155],"product_tag":[],"class_list":{"0":"post-2096","1":"product","2":"type-product","3":"status-publish","4":"has-post-thumbnail","6":"product_cat-immune","7":"product_cat-allergic","9":"first","10":"instock","11":"featured","12":"shipping-taxable","13":"purchasable","14":"product-type-simple"},"_links":{"self":[{"href":"https:\/\/doori.shop\/vi\/wp-json\/wp\/v2\/product\/2096","targetHints":{"allow":["GET"]}}],"collection":[{"href":"https:\/\/doori.shop\/vi\/wp-json\/wp\/v2\/product"}],"about":[{"href":"https:\/\/doori.shop\/vi\/wp-json\/wp\/v2\/types\/product"}],"replies":[{"embeddable":true,"href":"https:\/\/doori.shop\/vi\/wp-json\/wp\/v2\/comments?post=2096"}],"version-history":[{"count":0,"href":"https:\/\/doori.shop\/vi\/wp-json\/wp\/v2\/product\/2096\/revisions"}],"wp:featuredmedia":[{"embeddable":true,"href":"https:\/\/doori.shop\/vi\/wp-json\/wp\/v2\/media\/2097"}],"wp:attachment":[{"href":"https:\/\/doori.shop\/vi\/wp-json\/wp\/v2\/media?parent=2096"}],"wp:term":[{"taxonomy":"product_brand","embeddable":true,"href":"https:\/\/doori.shop\/vi\/wp-json\/wp\/v2\/product_brand?post=2096"},{"taxonomy":"product_cat","embeddable":true,"href":"https:\/\/doori.shop\/vi\/wp-json\/wp\/v2\/product_cat?post=2096"},{"taxonomy":"product_tag","embeddable":true,"href":"https:\/\/doori.shop\/vi\/wp-json\/wp\/v2\/product_tag?post=2096"}],"curies":[{"name":"wp","href":"https:\/\/api.w.org\/{rel}","templated":true}]}}