{"id":2087,"date":"2024-12-28T19:44:11","date_gmt":"2024-12-28T19:44:11","guid":{"rendered":"https:\/\/doori.shop\/product\/rhin-o1\/"},"modified":"2025-07-20T20:14:42","modified_gmt":"2025-07-20T11:14:42","slug":"rhin-ss","status":"publish","type":"product","link":"https:\/\/doori.shop\/vi\/san-pham\/rhin-ss\/","title":{"rendered":"Vi\u00eam m\u0169i"},"content":{"rendered":"<div class=\"product-box\">\n<p><!-- 2. \uc81c\ud488 \uc18c\uac1c --><\/p>\n<section id=\"rhinico-introduction\" class=\"product-section\"><strong>\ud83c\udf2c<\/strong><strong> RHINICO <\/strong><strong>.<\/strong><\/p>\n<p><strong>Ph\u00f2ng ng\u1eeba s\u1ef1 t\u00e1i ph\u00e1t c\u00e1c tri\u1ec7u ch\u1ee9ng li\u00ean quan \u0111\u1ebfn vi\u00eam m\u0169i. <\/strong><strong>. <\/strong><strong>. <\/strong><strong>. <\/strong><strong>. <\/strong><strong>.<\/strong><br \/>\n<em>. <\/em><em>T\u1eeb vi\u00eam nhi\u1ec5m b\u00ean trong m\u0169i \u0111\u1ebfn H\u1ec7 h\u00f4 h\u1ea5p v\u00e0 th\u1eadm ch\u00ed l\u00e0 h\u1ec7 mi\u1ec5n d\u1ecbch. <\/em><em>. <\/em><em>. <\/em><em>. <\/em><em>. <\/em><em>. <\/em><em>.<\/em><\/p>\n<p><strong>\u2705<\/strong> <strong>T\u00f4i khuy\u00ean<\/strong> <strong>b\u1ea1n<\/strong> <strong>n\u00ean d\u00f9ng s\u1ea3n ph\u1ea9m n\u00e0y<\/strong><\/p>\n<p>\ud83d\udfe2 Nh\u1eefng ng\u01b0\u1eddi \u0111ang b\u1ecb c\u00e1c tri\u1ec7u ch\u1ee9ng <strong>ch\u1ea3y n\u01b0\u1edbc m\u0169i, h\u1eaft h\u01a1i, ngh\u1eb9t m\u0169i. <\/strong><strong>. <\/strong><strong>.<\/strong> .<br \/>\n\ud83d\udfe2 Nh\u1eefng ng\u01b0\u1eddi c\u1ea3m th\u1ea5y b\u1ea5t ti\u1ec7n trong cu\u1ed9c s\u1ed1ng h\u00e0ng ng\u00e0y do vi\u00eam m\u0169i d\u1ecb \u1ee9ng ho\u1eb7c vi\u00eam m\u0169i m\u00e3n t\u00ednh<br \/>\n\ud83d\udfe2 <strong>B\u1ec7nh hen suy\u1ec5n ho\u1eb7c <\/strong><strong>. <\/strong><strong>\u0111i k\u00e8m v\u1edbi qu\u00e1 m\u1eabn c\u1ea3m<\/strong>.<br \/>\n\ud83d\udfe2 <strong>Ng\u01b0\u1eddi Mi\u1ec5n d\u1ecbch y\u1ebfu th\u01b0\u1eddng g\u00e2y Vi\u00eam m\u0169i <\/strong><strong>. <\/strong><strong>. <\/strong><strong>. <\/strong><strong>.<\/strong>.<\/p>\n<p><strong>\ud83c\udf3f<\/strong> <strong>S\u1ea3n ph\u1ea9m<\/strong> <strong>Gi\u1edbi thi\u1ec7u<\/strong><\/p>\n<p>RHINICO \u0111\u01b0\u1ee3c l\u00e0m t\u1eeb:<br \/>\nTh\u00e0nh ph\u1ea7n th\u1ea3o d\u01b0\u1ee3c thi\u00ean nhi\u00ean c\u00f3 t\u00e1c d\u1ee5ng \u1ee9c ch\u1ebf t\u00ecnh tr\u1ea1ng vi\u00eam ni\u00eam m\u1ea1c m\u0169i,<br \/>\n<strong>Vi\u00eam m\u0169i <\/strong><strong>. <\/strong><strong>+ <\/strong><strong>. <\/strong><strong>C\u1ea3i thi\u1ec7n + <\/strong><strong>hen suy\u1ec5n <\/strong><strong>.<\/strong>H\u1ed7 tr\u1ee3 b\u1ec7nh vi\u00eam m\u0169i t\u1eeb nh\u1eb9<br \/>\n<strong>C\u01a1 b\u1ea3n <\/strong><strong>Vi\u00eam m\u0169i <\/strong><strong>Gi\u1ea3i ph\u00e1p <\/strong><strong>.\u0110\u00e2y l\u00e0 Th\u1ef1c ph\u1ea9m b\u1ed5 tr\u1ee3 cho s\u1ee9c kh\u1ecfe<\/strong>.<\/p>\n<p>Th\u00e0nh ph\u1ea7n ch\u00ednh nh\u01b0 Platycodon grandiflorum, m\u1ed9c lan tr\u1eafng, qu\u1ebf, m\u1eabu \u0111\u01a1n tr\u1eafng, g\u1eebng, t\u00e1o t\u00e0u kh\u00f4, cnidium, v.v.<br \/>\n<strong>7<\/strong><strong>Th\u00e0nh ph\u1ea7n ch\u00ednh: <\/strong><strong>. <\/strong><strong>:<\/strong>S\u1ef1 k\u1ebft h\u1ee3p n\u00e0y \u0111\u00e3 gi\u00fap cho c\u1ea3i thi\u1ec7n b\u1ec7nh vi\u00eam m\u0169i to\u00e0n di\u1ec7n. <strong>gi\u1ea3m g\u00e2y ti\u1ebft m\u00e0ng nh\u1ea7y trong m\u0169i. <\/strong><strong>. <\/strong><strong>s\u1ef1 l\u00fan<\/strong>.<br \/>\n<strong>. <\/strong><strong>. <\/strong><strong>.<\/strong>.<\/p>\n<p><strong>\ud83d\udc8a<\/strong> <strong>L\u01b0\u1ee3ng ti\u00eau th\u1ee5<\/strong> <strong>Ph\u01b0\u01a1ng ph\u00e1p v\u00e0 li\u1ec1u d\u00f9ng<\/strong><\/p>\n<p>\ud83d\udccd <strong>Ng\u01b0\u1eddi l\u1edbn<\/strong>: B\u1ea5t c\u1ee9 khi n\u00e0o c\u00f3 tri\u1ec7u ch\u1ee9ng vi\u00eam m\u0169i d\u00f9ng 2 vi\u00ean 1 l\u1ea7n. <strong>2<\/strong><strong>vi\u00ean nang <\/strong><strong>L\u01b0\u1ee3ng ti\u00eau th\u1ee5<\/strong><br \/>\n\ud83d\udccd <strong>13<\/strong><strong>tu\u1ed5i d\u01b0\u1edbi: <\/strong><strong>. <\/strong><strong>Tr\u1ebb em<\/strong>: B\u1ea5t c\u1ee9 khi n\u00e0o b\u1ea1n c\u00f3 tri\u1ec7u ch\u1ee9ng d\u00f9ng 1 vi\u00ean m\u1ed7i l\u1ea7n. <strong>1<\/strong><strong>vi\u00ean nang <\/strong><strong>L\u01b0\u1ee3ng ti\u00eau th\u1ee5<\/strong><br \/>\n\ud83d\udca7 <strong>N\u01b0\u1edbc <\/strong><strong>L\u01b0\u1ee3ng ti\u00eau th\u1ee5 <\/strong><strong>s\u1eed d\u1ee5ng<\/strong>: u\u1ed1ng nhi\u1ec1u h\u01a1n b\u00ecnh th\u01b0\u1eddng <strong>1.5<\/strong><strong>l\u00edt <\/strong><strong>. <\/strong><strong>N\u01b0\u1edbc<\/strong>k\u1ebft h\u1ee3p c\u00f9ng s\u1ea3n ph\u1ea9m - gi\u1ea3m tri\u1ec7u ch\u1ee9ng nhanh ch\u00f3ng<br \/>\n\u2714\ufe0f<strong>\u0110\u00f3ng g\u00f3i:<\/strong> 60 vi\u00ean nang m\u1ed7i l\u1ecd<br \/>\n\ud83d\udccd<strong>L\u01b0\u1ee3ng ti\u00eau th\u1ee5 <\/strong><strong>s\u1eed d\u1ee5ng <\/strong><strong>:<\/strong>: Khuy\u1ebfn c\u00e1o s\u1eed d\u1ee5ng li\u00ean t\u1ee5c trong \u00edt nh\u1ea5t 6 th\u00e1ng<\/p>\n<p>&nbsp;<\/p>\n<p><strong>\ud83d\udcaa<\/strong> <strong>.<\/strong> <strong>c\u00f4ng d\u1ee5ng<\/strong> <strong>ch\u00ednh<\/strong><\/p>\n<table>\n<thead>\n<tr>\n<td><strong>\ud83d\udca1 <\/strong><strong>c\u00f4ng d\u1ee5ng<\/strong><\/td>\n<td><strong>L\u1eddi gi\u1ea3i th\u00edch<\/strong><\/td>\n<\/tr>\n<\/thead>\n<tbody>\n<tr>\n<td><strong>. C\u1ea3i thi\u1ec7n vi\u00eam m\u0169i m\u00e3n t\u00ednh. <\/strong><strong>Vi\u00eam m\u0169i <\/strong><strong>.<\/strong><\/td>\n<td>C\u1ea3i thi\u1ec7n c\u01a1 b\u1ea3n c\u00e1c tri\u1ec7u ch\u1ee9ng nh\u01b0 s\u1ed5 m\u0169i, h\u1eaft h\u01a1i, ngh\u1eb9t m\u0169i<\/td>\n<\/tr>\n<tr>\n<td><strong>. <\/strong><strong>M\u00e0ng nh\u1ea7y <\/strong><strong>Ch\u1ed1ng vi\u00eam <\/strong><strong>Ho\u1ea1t \u0111\u1ed9ng<\/strong><\/td>\n<td>Gi\u1ea3m s\u01b0ng v\u00e0 t\u1eafc ngh\u1ebdn \u2192 Th\u1edf d\u1ec5 d\u00e0ng h\u01a1n<\/td>\n<\/tr>\n<tr>\n<td><strong>C\u00e1c th\u00e0nh ph\u1ea7n th\u00edch h\u1ee3p. <\/strong><strong>Thu\u1ed1c kh\u00e1ng histamin <\/strong><strong>c\u00f4ng d\u1ee5ng<\/strong><\/td>\n<td>Gi\u1ea3m c\u00e1c ph\u1ea3n \u1ee9ng d\u1ecb \u1ee9ng \u2192 C\u1ea3i thi\u1ec7n t\u00ecnh tr\u1ea1ng ngh\u1eb9t m\u0169i v\u00e0 ch\u1ea3y n\u01b0\u1edbc m\u0169i<\/td>\n<\/tr>\n<tr>\n<td><strong>. <\/strong><strong>.<\/strong><\/td>\n<td>K\u00edch ho\u1ea1t t\u1ebf b\u00e0o mi\u1ec5n d\u1ecbch \u2192 Ph\u00f2ng ng\u1eeba t\u00e1i ph\u00e1t &amp; c\u1ea3i thi\u1ec7n s\u1ee9c kh\u1ecfe h\u00f4 h\u1ea5p<\/td>\n<\/tr>\n<\/tbody>\n<\/table>\n<p><strong>\ud83d\udd2c<\/strong> <strong>T\u00f3m T\u1eaft C\u00f4ng D\u1ee5ng<\/strong> <strong>:<\/strong> <strong>.<\/strong> <strong>Ho\u1ea1t \u0111\u1ed9ng<\/strong> <strong>C\u01a1 ch\u1ebf<\/strong><\/p>\n<p>\ud83c\udf3f <strong>7<\/strong><strong>Th\u00e0nh ph\u1ea7n ch\u00ednh: <\/strong><strong>. <\/strong><strong>: <\/strong><strong>.<\/strong><br \/>\n\u2013 <strong>hoa b\u00f3ng bay, <\/strong><strong>Hoa m\u1ed9c lan tr\u1eafng, <\/strong><strong>qu\u1ebf, <\/strong><strong>Hoa m\u1eabu \u0111\u01a1n, <\/strong><strong>g\u1eebng, <\/strong><strong>t\u00e1o t\u00e0u, <\/strong><strong>Cung \u0111i\u1ec7n thi\u00ean \u0111\u01b0\u1eddng<\/strong><br \/>\n\u2192 L\u00e0m d\u1ecbu ni\u00eam m\u1ea1c + T\u00e1c d\u1ee5ng ch\u1ed1ng vi\u00eam\/kh\u00e1ng histamin + T\u0103ng c\u01b0\u1eddng kh\u1ea3 n\u0103ng mi\u1ec5n d\u1ecbch<\/p>\n<p><strong>\ud83c\udfc6<\/strong> <strong>RHINICO<\/strong> <strong>S\u1ef1 kh\u00e1c bi\u1ec7t<\/strong> <strong>:<\/strong><\/p>\n<p>\u2714\ufe0f <strong>Vi\u00eam m\u0169i,<\/strong><strong>hen suy\u1ec5n\u00b7<\/strong><strong>. <\/strong><strong>.<\/strong>C\u00f4ng d\u1ee5ng h\u01a1n g\u1ea5p 3 l\u1ea7n<br \/>\n\u2714\ufe0f <strong>100% <\/strong><strong>C\u00e1c th\u00e0nh ph\u1ea7n th\u00edch h\u1ee3p. <\/strong><strong>. <\/strong><strong>:<\/strong> \u2013 An to\u00e0n ngay c\u1ea3 khi s\u1eed d\u1ee5ng l\u00e2u d\u00e0i<br \/>\n\u2714\ufe0f <strong>. <\/strong><strong>D\u1ea1ng b\u00e0o ch\u1ebf <\/strong><strong>vi\u00ean nang<\/strong> \u2013 D\u1ec5 d\u00e0ng s\u1eed d\u1ee5ng khi c\u00f3 tri\u1ec7u ch\u1ee9ng<br \/>\n\u2714\ufe0f <strong>Tr\u1ebb em <\/strong><strong>c\u00f3 th\u1ec3 s\u1eed d\u1ee5ng <\/strong><strong>:<\/strong> \u2013 S\u1ef1 l\u1ef1a ch\u1ecdn cho s\u1ee9c kh\u1ecfe h\u00f4 h\u1ea5p c\u1ee7a c\u1ea3 gia \u0111\u00ecnh<\/p>\n<p><strong>\u26a0\ufe0f<\/strong> <strong>L\u01b0\u1ee3ng ti\u00eau th\u1ee5<\/strong> <strong>.<\/strong> <strong>Xin vui l\u00f2ng<\/strong> <strong>ki\u1ec3m tra<\/strong><\/p>\n<ul>\n<li><strong>Tham kh\u1ea3o t\u01b0 v\u1ea5n t\u1eeb chuy\u00ean gia <\/strong><strong>khi <\/strong><strong>s\u1eed d\u1ee5ng<\/strong>: Vi\u00eam m\u0169i m\u00e3n t\u00ednh, hen suy\u1ec5n, c\u00e1c b\u1ec7nh d\u1ecb \u1ee9ng, ph\u1ee5 n\u1eef c\u00f3 thai v\u00e0 ng\u01b0\u1eddi cao tu\u1ed5i<\/li>\n<li><strong>M\u1ed9t s\u1ed1 l\u01b0\u1ee3ng r\u1ea5t l\u1edbn <\/strong><strong>c\u00f3 th\u1ec3 s\u1eed d\u1ee5ng <\/strong><strong>.<\/strong>:Ngay c\u1ea3 khi \u0111\u00f3 l\u00e0 th\u00e0nh ph\u1ea7n t\u1ef1 nhi\u00ean, b\u1ea1n c\u0169ng kh\u00f4ng n\u00ean v\u01b0\u1ee3t qu\u00e1 l\u01b0\u1ee3ng khuy\u1ebfn ngh\u1ecb.<\/li>\n<\/ul>\n<\/section>\n<\/div>","protected":false},"excerpt":{"rendered":"<div class=\"product-box\">\n<p><!-- \ud0ed \ub0b4\uc6a9 --><\/p>\n<div id=\"summary\" class=\"tab-content active\">\n<section class=\"product-section\">\n<h2><span class=\"highlight\">T\u00f3m t\u1eaft s\u1ea3n ph\u1ea9m<\/span><\/h2>\n<p><strong>\u2705 &#8230; <\/p>","protected":false},"featured_media":2089,"comment_status":"open","ping_status":"closed","template":"","meta":[],"product_brand":[],"product_cat":[155,156],"product_tag":[],"class_list":{"0":"post-2087","1":"product","2":"type-product","3":"status-publish","4":"has-post-thumbnail","6":"product_cat-allergic","7":"product_cat-probiotics","9":"first","10":"instock","11":"featured","12":"shipping-taxable","13":"purchasable","14":"product-type-simple"},"_links":{"self":[{"href":"https:\/\/doori.shop\/vi\/wp-json\/wp\/v2\/product\/2087","targetHints":{"allow":["GET"]}}],"collection":[{"href":"https:\/\/doori.shop\/vi\/wp-json\/wp\/v2\/product"}],"about":[{"href":"https:\/\/doori.shop\/vi\/wp-json\/wp\/v2\/types\/product"}],"replies":[{"embeddable":true,"href":"https:\/\/doori.shop\/vi\/wp-json\/wp\/v2\/comments?post=2087"}],"version-history":[{"count":0,"href":"https:\/\/doori.shop\/vi\/wp-json\/wp\/v2\/product\/2087\/revisions"}],"wp:featuredmedia":[{"embeddable":true,"href":"https:\/\/doori.shop\/vi\/wp-json\/wp\/v2\/media\/2089"}],"wp:attachment":[{"href":"https:\/\/doori.shop\/vi\/wp-json\/wp\/v2\/media?parent=2087"}],"wp:term":[{"taxonomy":"product_brand","embeddable":true,"href":"https:\/\/doori.shop\/vi\/wp-json\/wp\/v2\/product_brand?post=2087"},{"taxonomy":"product_cat","embeddable":true,"href":"https:\/\/doori.shop\/vi\/wp-json\/wp\/v2\/product_cat?post=2087"},{"taxonomy":"product_tag","embeddable":true,"href":"https:\/\/doori.shop\/vi\/wp-json\/wp\/v2\/product_tag?post=2087"}],"curies":[{"name":"wp","href":"https:\/\/api.w.org\/{rel}","templated":true}]}}