{"id":2079,"date":"2024-01-07T19:39:38","date_gmt":"2024-01-07T19:39:38","guid":{"rendered":"https:\/\/doori.shop\/product\/urs-o1\/"},"modified":"2025-07-10T04:20:02","modified_gmt":"2025-07-09T19:20:02","slug":"urs-o1","status":"publish","type":"product","link":"https:\/\/doori.shop\/vi\/san-pham\/urs-o1\/","title":{"rendered":"URISPHIN"},"content":{"rendered":"<div class=\"product-box\">\n<p>  <!-- 1. \uc81c\ud488 \uc18c\uac1c --><\/p>\n<section id=\"urisphin-introduction\" class=\"product-section\">\n<h2><span class=\"highlight\">Gi\u1edbi thi\u1ec7u s\u1ea3n ph\u1ea9m<\/span><\/h2>\n<p>    <strong><span class=\"highlight\">URISPHIN<\/span><\/strong>\u0111\u01b0\u1ee3c s\u1ea3n xu\u1ea5t t\u1eeb th\u00e0nh ph\u1ea7n t\u1ef1 nhi\u00ean gi\u00fap cho s\u1ee9c kh\u1ecfe x\u01b0\u01a1ng kh\u1edbp. <span class=\"highlight\">100% Th\u00e0nh ph\u1ea7n th\u1ea3o d\u01b0\u1ee3c<\/span>. <span class=\"highlight\">S\u1ea3n ph\u1ea9m \u0111i\u1ec1u tr\u1ecb ch\u1ee9ng ti\u1ec3u kh\u00f4ng t\u1ef1 ch\u1ee7.<\/span>.<br \/>\n    B\u1eb1ng c\u00e1ch ti\u1ebfp c\u1eadn s\u1ef1 suy y\u1ebfu c\u1ee7a b\u00e0ng quang, ni\u1ec7u \u0111\u1ea1o v\u00e0 c\u00e1c c\u01a1 s\u00e0n ch\u1eadu t\u1eeb nhi\u1ec1u g\u00f3c \u0111\u1ed9 kh\u00e1c nhau, s\u1ea3n ph\u1ea9m n\u00e0y c\u1ea3i thi\u1ec7n \u0111\u00e1ng k\u1ec3 c\u00e1c tri\u1ec7u ch\u1ee9ng c\u1ee7a r\u1ed1i lo\u1ea1n ti\u1ebft ni\u1ec7u nh\u01b0 r\u00f2 r\u1ec9 n\u01b0\u1edbc ti\u1ec3u, c\u1ea3m gi\u00e1c n\u01b0\u1edbc ti\u1ec3u c\u00f2n s\u00f3t l\u1ea1i v\u00e0 \u0111i ti\u1ec3u th\u01b0\u1eddng xuy\u00ean.<br \/>\n    B\u1eb1ng c\u00e1ch t\u0103ng c\u01b0\u1eddng c\u01a1 s\u00e0n ch\u1eadu, c\u1ea3i thi\u1ec7n ch\u1ee9c n\u0103ng b\u00e0ng quang v\u00e0 t\u0103ng c\u01b0\u1eddng c\u01a1 th\u1eaft ni\u1ec7u \u0111\u1ea1o. <span class=\"highlight\">An to\u00e0n v\u00e0 kh\u00f4ng c\u00f3 t\u00e1c d\u1ee5ng ph\u1ee5<\/span> .S\u1ea3n ph\u1ea9m n\u00e0y c\u00f3 t\u00e1c d\u1ee5ng l\u00e0m gi\u1ea3m ch\u1ee9ng ti\u1ec3u kh\u00f4ng t\u1ef1 ch\u1ee7 v\u00e0 kh\u00f4ng g\u00e2y h\u1ea1i cho c\u01a1 th\u1ec3 ngay c\u1ea3 khi d\u00f9ng trong th\u1eddi gian d\u00e0i.<br \/>\n  <\/section>\n<p>  <!-- 2. \uc694\uc2e4\uae08 \uac1c\ub150 \ubc0f \uc6d0\uc778\/\uc885\ub958\/\uc99d\uc0c1 --><\/p>\n<section id=\"urisphin-concept\" class=\"product-section\">\n<h2><span class=\"highlight\">Ti\u1ec3u kh\u00f4ng t\u1ef1 ch\u1ee7 l\u00e0 g\u00ec?<\/span><\/h2>\n<p>Ti\u1ec3u kh\u00f4ng t\u1ef1 ch\u1ee7 l\u00e0 g\u00ec? <span class=\"highlight\">T\u00f4i kh\u00f4ng c\u1ed1 g\u1eafng \u0111i ti\u1ec3u<\/span> \u0110\u00e2y l\u00e0 t\u00ecnh tr\u1ea1ng n\u01b0\u1edbc ti\u1ec3u r\u00f2 r\u1ec9 ra ngo\u00e0i. N\u00f3 g\u00e2y kh\u00f3 ch\u1ecbu v\u00e0 m\u1ea5t t\u1ef1 tin trong cu\u1ed9c s\u1ed1ng h\u00e0ng ng\u00e0y v\u00e0 c\u00e1c ho\u1ea1t \u0111\u1ed9ng x\u00e3 h\u1ed9i, v\u00ec v\u1eady vi\u1ec7c c\u1ea3i thi\u1ec7n l\u00e0 ho\u00e0n to\u00e0n c\u1ea7n thi\u1ebft.<\/p>\n<h3>Nguy\u00ean nh\u00e2n g\u00e2y ra ch\u1ee9ng ti\u1ec3u kh\u00f4ng t\u1ef1 ch\u1ee7<\/h3>\n<ul>\n<li><strong>Y\u1ebfu c\u01a1 s\u00e0n ch\u1eadu\/t\u1ed5n th\u01b0\u01a1ng th\u1ea7n kinh:<\/strong> R\u00f2 r\u1ec9 n\u01b0\u1edbc ti\u1ec3u c\u00f3 th\u1ec3 x\u1ea3y ra do ch\u1ee9c n\u0103ng c\u01a1 th\u1eaft ni\u1ec7u \u0111\u1ea1o suy gi\u1ea3m v\u00e0 vi\u1ec7c ki\u1ec3m so\u00e1t vi\u1ec7c \u0111i ti\u1ec3u c\u00f3 th\u1ec3 tr\u1edf n\u00ean kh\u00f3 kh\u0103n do l\u00e3o h\u00f3a t\u1ebf b\u00e0o.<\/li>\n<li><strong>R\u1ed1i lo\u1ea1n ch\u1ee9c n\u0103ng b\u00e0ng quang:<\/strong> N\u01b0\u1edbc ti\u1ec3u tr\u00e0n v\u00e0o b\u00e0ng quang g\u00e2y tr\u00e0n, ho\u1eb7c c\u00e1c tri\u1ec7u ch\u1ee9ng c\u1ee7a b\u00e0ng quang ho\u1ea1t \u0111\u1ed9ng qu\u00e1 m\u1ee9c g\u00e2y ra c\u1ea3m gi\u00e1c n\u01b0\u1edbc ti\u1ec3u c\u00f2n s\u00f3t l\u1ea1i v\u00e0 \u0111i ti\u1ec3u th\u01b0\u1eddng xuy\u00ean.<\/li>\n<li><strong>C\u1ea5u tr\u00fac h\u1ed7 tr\u1ee3 c\u01a1 quan v\u00f9ng ch\u1eadu b\u1ecb suy y\u1ebfu:<\/strong> Sinh n\u1edf, l\u00e3o h\u00f3a, ho m\u00e3n t\u00ednh,... l\u00e0m suy y\u1ebfu c\u01a1 s\u00e0n ch\u1eadu v\u00e0 c\u01a1 ni\u1ec7u \u0111\u1ea1o, g\u00e2y ra ch\u1ee9ng ti\u1ec3u kh\u00f4ng t\u1ef1 ch\u1ee7.<\/li>\n<\/ul>\n<h3>C\u00e1c lo\u1ea1i ti\u1ec3u kh\u00f4ng t\u1ef1 ch\u1ee7<\/h3>\n<ul>\n<li><strong>Ti\u1ec3u kh\u00f4ng t\u1ef1 ch\u1ee7 do c\u0103ng th\u1eb3ng:<\/strong> Khi ho, h\u1eaft h\u01a1i ho\u1eb7c c\u01b0\u1eddi <span class=\"highlight\">D\u00f2ng n\u01b0\u1edbc ti\u1ec3u y\u1ebfu<\/span>g\u00e2y ra r\u00f2 r\u1ec9.<\/li>\n<li><strong>Ti\u1ec3u kh\u00f4ng t\u1ef1 ch\u1ee7 c\u1ea5p b\u00e1ch:<\/strong> \u0110\u00e2y l\u00e0 lo\u1ea1i n\u01b0\u1edbc ti\u1ec3u \u0111\u1ed9t nhi\u00ean ch\u1ea3y ra ngo\u00e0i khi b\u00e0ng quang \u0111\u1ea7y.<\/li>\n<li><strong>Ti\u1ec3u kh\u00f4ng t\u1ef1 ch\u1ee7 th\u1ef1c s\u1ef1:<\/strong> \u0110\u00e2y l\u00e0 lo\u1ea1i b\u1ec7nh m\u00e0 n\u01b0\u1edbc ti\u1ec3u \u0111\u01b0\u1ee3c th\u1ea3i ra m\u00e0 kh\u00f4ng c\u00f3 nguy\u00ean nh\u00e2n c\u1ee5 th\u1ec3 n\u00e0o v\u00e0 l\u00e0 do m\u1ea5t ch\u1ee9c n\u0103ng c\u01a1 th\u1eaft ni\u1ec7u \u0111\u1ea1o.<\/li>\n<\/ul>\n<h3>C\u00e1c tri\u1ec7u ch\u1ee9ng c\u1ee7a ch\u1ee9ng ti\u1ec3u kh\u00f4ng t\u1ef1 ch\u1ee7<\/h3>\n<ul>\n<li><strong>D\u00f2ng n\u01b0\u1edbc ti\u1ec3u y\u1ebfu:<\/strong> B\u1ea1n c\u00f3 th\u1ec3 ph\u1ea3i r\u1eb7n khi \u0111i ti\u1ec3u ho\u1eb7c c\u1ea3m th\u1ea5y nh\u01b0 n\u01b0\u1edbc ti\u1ec3u c\u00f2n s\u00f3t l\u1ea1i trong b\u00e0ng quang.<\/li>\n<li><strong>C\u1ea3m th\u1ea5y kh\u00f3 ch\u1ecbu sau khi \u0111i ti\u1ec3u:<\/strong> C\u1ea3m gi\u00e1c dai d\u1eb3ng c\u00f2n n\u01b0\u1edbc ti\u1ec3u \u0111\u1ecdng l\u1ea1i trong b\u00e0ng quang.<\/li>\n<li><strong>M\u1ea5t ch\u1ee9c n\u0103ng c\u01a1 th\u1eaft ni\u1ec7u \u0111\u1ea1o:<\/strong> Y\u1ebfu c\u01a1 c\u00f3 th\u1ec3 g\u00e2y r\u00f2 r\u1ec9 n\u01b0\u1edbc ti\u1ec3u.<\/li>\n<\/ul>\n<\/section>\n<p>  <!-- 3. \uc8fc\uc694 \ud6a8\uacfc --><\/p>\n<section id=\"urisphin-effects\" class=\"product-section\">\n<h2><span class=\"highlight\">T\u00e1c d\u1ee5ng ch\u00ednh<\/span><\/h2>\n<ul>\n<li><strong>C\u1ea3i thi\u1ec7n t\u00ecnh tr\u1ea1ng ti\u1ec3u kh\u00f4ng t\u1ef1 ch\u1ee7:<\/strong> V\u1ec1 c\u01a1 b\u1ea3n, n\u00f3 l\u00e0m gi\u1ea3m ti\u1ebft d\u1ecbch (r\u00f2 r\u1ec9) v\u00e0 b\u00ecnh th\u01b0\u1eddng h\u00f3a t\u1ea7n su\u1ea5t \u0111i ti\u1ec3u.<\/li>\n<li><strong>C\u1ea3i thi\u1ec7n kh\u1ea3 n\u0103ng ki\u1ec3m so\u00e1t ti\u1ec3u ti\u1ec7n:<\/strong> T\u0103ng c\u01b0\u1eddng c\u01a1 b\u00e0ng quang v\u00e0 ni\u1ec7u \u0111\u1ea1o <span class=\"highlight\">Kh\u00f4ng c\u00f3 n\u01b0\u1edbc ti\u1ec3u c\u00f2n s\u00f3t l\u1ea1i<\/span> gi\u00fap b\u00e0i ti\u1ebft t\u1ed1t.<\/li>\n<li><strong>T\u0103ng c\u01b0\u1eddng c\u01a1 s\u00e0n ch\u1eadu:<\/strong> Gi\u1ea3m r\u00f2 r\u1ec9 khi ho ho\u1eb7c h\u1eaft h\u01a1i <span class=\"highlight\">,<\/span>C\u1ea3i thi\u1ec7n c\u01a1 \u00e2m \u0111\u1ea1o .<\/li>\n<li><strong>\u1ed4n \u0111\u1ecbnh ch\u1ee9c n\u0103ng b\u00e0ng quang:<\/strong> L\u00e0m gi\u1ea3m c\u00e1c tri\u1ec7u ch\u1ee9ng c\u1ee7a b\u00e0ng quang ho\u1ea1t \u0111\u1ed9ng qu\u00e1 m\u1ee9c, gi\u1ea3m c\u1ea3m gi\u00e1c ti\u1ec3u bu\u1ed1t v\u00e0 ti\u1ec3u nhi\u1ec1u l\u1ea7n.<\/li>\n<\/ul>\n<\/section>\n<p>  <!-- 4. \uc791\uc6a9 \uc6d0\ub9ac --><\/p>\n<section id=\"urisphin-mechanism\" class=\"product-section\">\n<h2><span class=\"highlight\">N\u00f3 ho\u1ea1t \u0111\u1ed9ng nh\u01b0 th\u1ebf n\u00e0o<\/span><\/h2>\n<ul>\n<li><strong>T\u0103ng c\u01b0\u1eddng c\u01a1 s\u00e0n ch\u1eadu v\u00e0 c\u01a1 th\u1eaft ni\u1ec7u \u0111\u1ea1o:<\/strong> Th\u00e0nh ph\u1ea7n th\u1ea3o d\u01b0\u1ee3c gi\u00fap l\u01b0u th\u00f4ng m\u00e1u v\u00e0 c\u00e2n b\u1eb1ng n\u1ed9i ti\u1ebft t\u1ed1. <span class=\"highlight\">T\u0103ng \u0111\u1ed9 \u0111\u00e0n h\u1ed3i c\u01a1 b\u00e0ng quang v\u00e0 ni\u1ec7u \u0111\u1ea1o<\/span> .<\/li>\n<li><strong>Ch\u1ed1ng vi\u00eam v\u00e0 ch\u1ed1ng oxy h\u00f3a:<\/strong> \u0110\u1ec3 h\u1ed7 tr\u1ee3 ch\u1ee9c n\u0103ng th\u1eadn v\u00e0 gan <span class=\"highlight\">, gi\u1ea3m vi\u00eam<\/span>v\u00e0 \u1ee9c ch\u1ebf t\u1ed5n th\u01b0\u01a1ng t\u1ebf b\u00e0o.<\/li>\n<li><strong>K\u00edch ho\u1ea1t t\u1ebf b\u00e0o mi\u1ec5n d\u1ecbch:<\/strong> B\u1eb1ng c\u00e1ch t\u0103ng c\u01b0\u1eddng s\u1ee9c m\u1ea1nh th\u1ec3 ch\u1ea5t v\u00e0 c\u1ea3i thi\u1ec7n kh\u1ea3 n\u0103ng mi\u1ec5n d\u1ecbch. Ng\u0103n ng\u1eeba <span class=\"highlight\">S\u1ef1 t\u00e1i ph\u00e1t c\u1ee7a ch\u1ee9ng ti\u1ec3u kh\u00f4ng t\u1ef1 ch\u1ee7<\/span>.<\/li>\n<\/ul>\n<\/section>\n<p>  <!-- 5. \uc5f0\uad6c \uacb0\uacfc --><\/p>\n<section id=\"urisphin-research\" class=\"product-section\">\n<h2><span class=\"highlight\">K\u1ebft qu\u1ea3 nghi\u00ean c\u1ee9u (Th\u1eed nghi\u1ec7m phi l\u00e2m s\u00e0ng)<\/span><\/h2>\n<ul>\n<li><strong>Ki\u1ec3m tra hi\u1ec7u qu\u1ea3 1:<\/strong> Sau 3 \u0111\u1ebfn 6 th\u00e1ng s\u1eed d\u1ee5ng, gi\u1ea3m \u0111\u00e1ng k\u1ec3 c\u1ea3m gi\u00e1c ti\u1ec3u r\u1eaft v\u00e0 ti\u1ec3u nhi\u1ec1u l\u1ea7n, t\u0103ng c\u01b0\u1eddng c\u01a1 s\u00e0n ch\u1eadu v\u00e0 ch\u1ee9c n\u0103ng b\u00e0ng quang. <span class=\"highlight\">S\u1ef1 ti\u1ec7n l\u1ee3i h\u00e0ng ng\u00e0y<\/span> .<\/li>\n<li><strong>Ki\u1ec3m tra hi\u1ec7u qu\u1ea3 2:<\/strong> <strong>Gi\u1ea3m m\u1ee9c BUN<\/strong>: C\u00f3 xu h\u01b0\u1edbng gi\u1ea3m \u1ed5n \u0111\u1ecbnh sau 3 th\u00e1ng s\u1eed d\u1ee5ng.<\/li>\n<li><strong>Ki\u1ec3m tra hi\u1ec7u qu\u1ea3 3:<\/strong> <strong>Chu\u1ea9n h\u00f3a creatinin<\/strong>:Sau 3 th\u00e1ng s\u1eed d\u1ee5ng, t\u1ea5t c\u1ea3 c\u00e1c tr\u01b0\u1eddng h\u1ee3p \u0111\u1ec1u gi\u1ea3m xu\u1ed1ng m\u1ee9c b\u00ecnh th\u01b0\u1eddng.<\/li>\n<li><strong>Ki\u1ec3m tra hi\u1ec7u qu\u1ea3 4:<\/strong> <strong>S\u1ed1 UPC \u0111\u01b0\u1ee3c c\u1ea3i thi\u1ec7n<\/strong>:Sau 3 th\u00e1ng s\u1eed d\u1ee5ng, n\u1ed3ng \u0111\u1ed9 g\u1ea7n v\u1edbi m\u1ee9c b\u00ecnh th\u01b0\u1eddng v\u00e0 h\u1ed7 tr\u1ee3 c\u1ea3i thi\u1ec7n t\u00ecnh tr\u1ea1ng ti\u1ec3u kh\u00f4ng t\u1ef1 ch\u1ee7.<\/li>\n<\/ul>\n<\/section>\n<p>  <!-- 6. \uc12d\ucde8 \ubc29\ubc95 --><\/p>\n<section id=\"urisphin-usage\" class=\"product-section\">\n<h2><span class=\"highlight\">C\u00e1ch s\u1eed d\u1ee5ng<\/span><\/h2>\n<ul>\n<li><strong>Li\u1ec1u d\u00f9ng c\u01a1 b\u1ea3n:<\/strong> 1 gi\u1edd tr\u01b0\u1edbc b\u1eefa s\u00e1ng v\u00e0 b\u1eefa t\u1ed1i <span class=\"highlight\">3 vi\u00ean nang 3 l\u1ea7n m\u1ed9t ng\u00e0y (t\u1ed5ng c\u1ed9ng 9 vi\u00ean nang\/ng\u00e0y)<\/span> l\u01b0\u1ee3ng h\u1ea5p th\u1ee5.<\/li>\n<li><strong>S\u1eed d\u1ee5ng l\u00e2u d\u00e0i:<\/strong> Khi k\u1ebft h\u1ee3p v\u1edbi c\u00e1c b\u00e0i t\u1eadp Kegel <span class=\"highlight\">hi\u1ec7u \u1ee9ng l\u00e2u d\u00e0i<\/span> duy tr\u00ec.<\/li>\n<\/ul>\n<\/section>\n<p>  <!-- 7. \ucc28\ubcc4\uc810 --><\/p>\n<section id=\"urisphin-differentiation\" class=\"product-section\">\n<h2><span class=\"highlight\">\u0110i\u1ec3m kh\u00e1c bi\u1ec7t<\/span><\/h2>\n<ul>\n<li><strong>Th\u00e0nh ph\u1ea7n th\u1ea3o d\u01b0\u1ee3c 100%:<\/strong> Ngay c\u1ea3 v\u1edbi vi\u1ec7c ti\u00eau th\u1ee5 l\u00e2u d\u00e0i <span class=\"highlight\">An to\u00e0n, h\u1ea7u nh\u01b0 kh\u00f4ng c\u00f3 t\u00e1c d\u1ee5ng ph\u1ee5<\/span>.<\/li>\n<li><strong>Gi\u1ea3i ph\u00e1p to\u00e0n di\u1ec7n:<\/strong> T\u0103ng c\u01b0\u1eddng s\u1ee9c m\u1ea1nh cho b\u00e0ng quang, ni\u1ec7u \u0111\u1ea1o v\u00e0 c\u01a1 s\u00e0n ch\u1eadu <span class=\"highlight\">C\u1ea3i ti\u1ebfn c\u01a1 b\u1ea3n<\/span>.<\/li>\n<li><strong>X\u00e1c minh khoa h\u1ecdc:<\/strong> V\u1edbi nhi\u1ec1u b\u00e0i b\u00e1o v\u00e0 d\u1eef li\u1ec7u phi l\u00e2m s\u00e0ng <span class=\"highlight\">Hi\u1ec7u qu\u1ea3 \u0111\u00e3 \u0111\u01b0\u1ee3c ch\u1ee9ng minh<\/span>.<\/li>\n<li><strong>Ho\u1ea1t \u0111\u1ed9ng t\u00edch c\u1ef1c :<\/strong> Lo\u1ea1i tr\u1eeb c\u00e1c th\u00e0nh ph\u1ea7n g\u00e2y k\u00edch \u1ee9ng, <span class=\"highlight\">Gi\u1ea3m thi\u1ec3u t\u00e1c d\u1ee5ng g\u00e2y h\u1ea1i cho con ng\u01b0\u1eddi<\/span>.<\/li>\n<\/ul>\n<\/section>\n<p>  <!-- 8. \uc548\uc804\uc131 \ubc0f \uc8fc\uc758\uc0ac\ud56d --><\/p>\n<section id=\"urisphin-safety\" class=\"product-section\">\n<h2><span class=\"highlight\">An to\u00e0n v\u00e0 Ph\u00f2ng ng\u1eeba<\/span><\/h2>\n<ul>\n<li><strong>N\u00ean tham kh\u1ea3o \u00fd ki\u1ebfn chuy\u00ean gia:<\/strong> Ph\u1ee5 n\u1eef mang thai, ng\u01b0\u1eddi gi\u00e0 v\u00e0 nh\u1eefng ng\u01b0\u1eddi m\u1eafc b\u1ec7nh m\u00e3n t\u00ednh <span class=\"highlight\">Tham kh\u1ea3o t\u01b0 v\u1ea5n t\u1eeb chuy\u00ean gia<\/span>Vui l\u00f2ng tham kh\u1ea3o \u00fd ki\u1ebfn c\u1ee7a ch\u00fang t\u00f4i.<\/li>\n<li><strong>Th\u1eadn tr\u1ecdng khi s\u1eed d\u1ee5ng qu\u00e1 m\u1ee9c:<\/strong> V\u01b0\u1ee3t qu\u00e1 l\u01b0\u1ee3ng khuy\u1ebfn c\u00e1o c\u00f3 th\u1ec3 g\u00e2y ra c\u00e1c v\u1ea5n \u0111\u1ec1 v\u1ec1 ti\u00eau h\u00f3a, thay \u0111\u1ed5i huy\u1ebft \u00e1p, v.v.<\/li>\n<li><strong>Ki\u1ec3m tra ph\u00e2n lo\u1ea1i ph\u00e1p l\u00fd:<\/strong> C\u00e1c quy \u0111\u1ecbnh theo danh m\u1ee5c thu\u1ed1c kh\u00f4ng k\u00ea \u0111\u01a1n v\u00e0 th\u1ef1c ph\u1ea9m ch\u1ee9c n\u0103ng s\u1ee9c kh\u1ecfe \u0111\u01b0\u1ee3c B\u1ed9 An to\u00e0n Th\u1ef1c ph\u1ea9m v\u00e0 D\u01b0\u1ee3c ph\u1ea9m thi\u1ebft l\u1eadp ho\u1eb7c <span class=\"highlight\">Th\u1ef1c ph\u1ea9m ch\u1ee9c n\u0103ng \u0111\u0103ng k\u00ed FDA<\/span> Ki\u1ec3m tra h\u01b0\u1edbng d\u1eabn.<\/li>\n<\/ul>\n<\/section>\n<\/div>","protected":false},"excerpt":{"rendered":"<div class=\"product-box\">\n<section id=\"urisphin-summary\" class=\"product-section\">\n<h2><span class=\"highlight\">\uc81c\ud488 &#8230; <\/p>","protected":false},"featured_media":2080,"comment_status":"open","ping_status":"closed","template":"","meta":[],"product_brand":[],"product_cat":[15],"product_tag":[],"class_list":{"0":"post-2079","1":"product","2":"type-product","3":"status-publish","4":"has-post-thumbnail","6":"product_cat-15","8":"first","9":"instock","10":"shipping-taxable","11":"purchasable","12":"product-type-simple"},"_links":{"self":[{"href":"https:\/\/doori.shop\/vi\/wp-json\/wp\/v2\/product\/2079","targetHints":{"allow":["GET"]}}],"collection":[{"href":"https:\/\/doori.shop\/vi\/wp-json\/wp\/v2\/product"}],"about":[{"href":"https:\/\/doori.shop\/vi\/wp-json\/wp\/v2\/types\/product"}],"replies":[{"embeddable":true,"href":"https:\/\/doori.shop\/vi\/wp-json\/wp\/v2\/comments?post=2079"}],"version-history":[{"count":0,"href":"https:\/\/doori.shop\/vi\/wp-json\/wp\/v2\/product\/2079\/revisions"}],"wp:featuredmedia":[{"embeddable":true,"href":"https:\/\/doori.shop\/vi\/wp-json\/wp\/v2\/media\/2080"}],"wp:attachment":[{"href":"https:\/\/doori.shop\/vi\/wp-json\/wp\/v2\/media?parent=2079"}],"wp:term":[{"taxonomy":"product_brand","embeddable":true,"href":"https:\/\/doori.shop\/vi\/wp-json\/wp\/v2\/product_brand?post=2079"},{"taxonomy":"product_cat","embeddable":true,"href":"https:\/\/doori.shop\/vi\/wp-json\/wp\/v2\/product_cat?post=2079"},{"taxonomy":"product_tag","embeddable":true,"href":"https:\/\/doori.shop\/vi\/wp-json\/wp\/v2\/product_tag?post=2079"}],"curies":[{"name":"wp","href":"https:\/\/api.w.org\/{rel}","templated":true}]}}