{"id":2077,"date":"2024-10-30T19:28:27","date_gmt":"2024-10-30T19:28:27","guid":{"rendered":"https:\/\/doori.shop\/product\/imm-o1\/"},"modified":"2025-07-20T20:15:30","modified_gmt":"2025-07-20T11:15:30","slug":"imm-o1","status":"publish","type":"product","link":"https:\/\/doori.shop\/vi\/san-pham\/imm-o1\/","title":{"rendered":"Mi\u1ec5n d\u1ecbch"},"content":{"rendered":"<div class=\"product-box\">\n<p><!-- 1. \uc81c\ud488 \uc18c\uac1c --><\/p>\n<section id=\"immunies-introduction\" class=\"product-section\">\n<h3>\ud83d\udee1 <strong>IMMUNIES <\/strong><strong>T\u0103ng Mi\u1ec5n D\u1ecbch<\/strong><strong>:<\/strong><\/h3>\n<p><strong>T\u1ef1 mi\u1ec5n d\u1ecbch<\/strong><strong>\u00b7<\/strong><strong>vi-r\u00fat<\/strong><strong>\u00b7<\/strong><strong>Vi\u00eam m\u00e3n t\u00ednh<\/strong> <strong>.<\/strong> <strong>C\u00e1c th\u00e0nh ph\u1ea7n th\u00edch h\u1ee3p.<\/strong> <strong>C\u00e2n b\u1eb1ng mi\u1ec5n d\u1ecbch<\/strong><br \/>\n<em>.<\/em> <em>S\u1ef1 c\u00e2n b\u1eb1ng<\/em> <em>Ph\u1ee5c h\u1ed3i v\u00e0<\/em><em>, <\/em><em>gi\u1eef g\u00ecn c\u01a1 th\u1ec3 kh\u1ecfi c\u00e1c t\u00e1c nh\u00e2n g\u00e2y b\u1ec7nh<\/em> <em>.<\/em> <em>.<\/em> <em>.<\/em><em>.<\/em><\/p>\n<h3>\u2705 Khuy\u00ean d\u00f9ng s\u1ea3n ph\u1ea9m cho<\/h3>\n<p>\ud83d\udfe2 B\u1ec7nh t\u1ef1 mi\u1ec5n (vi\u00eam \u0111\u1ea1i tr\u00e0ng, lupus, v.v.) <strong>. C\u1ea3i thi\u1ec7n vi\u00eam m\u0169i m\u00e3n t\u00ednh.<\/strong> <strong>Lo\u1ea1i b\u1ecf b\u1ec7nh vi\u00eam.<\/strong> <strong>.<\/strong>.<br \/>\n\ud83d\udfe2 B\u1ec7nh zona, b\u1ec7nh herpes zoster, v.v. <strong>C\u00e1c b\u1ec7nh ph\u1ed5 bi\u1ebfn v\u1ec1<\/strong> <strong>da<\/strong> <strong>.<\/strong>.<br \/>\n\ud83d\udfe2 Nh\u1eefng ng\u01b0\u1eddi c\u00f3 h\u1ec7 mi\u1ec5n d\u1ecbch y\u1ebfu, th\u01b0\u1eddng xuy\u00ean b\u1ecb c\u1ea3m l\u1ea1nh, vi\u00eam ph\u1ed5i ho\u1eb7c di ch\u1ee9ng c\u1ee7a COVID-19<br \/>\n\ud83d\udfe2 <strong>C\u1ee5c m\u00e1u \u0111\u00f4ng<\/strong><strong>\u00b7<\/strong><strong>.<\/strong><strong>\u00b7<\/strong><strong>.<\/strong> <strong>li\u00ean quan \u0111\u1ebfn s\u1ee9c kh\u1ecfe<\/strong> <strong>C\u00f3 th\u1ec3 k\u1ebft h\u1ee3p d\u00f9ng s\u1ea3n ph\u1ea9m n\u00e0y \u0111\u1ec3 \u0111\u1ea1t hi\u1ec7u qu\u1ea3<\/strong> <strong>.<\/strong>.D\u00e0nh cho b\u1ea5t c\u1ee9 ai \u0111ang c\u1ea7n.<\/p>\n<h3>\ud83c\udf3f Gi\u1edbi thi\u1ec7u s\u1ea3n ph\u1ea9m<\/h3>\n<p>MI\u1ec4N D\u1ecaCH (Immunies)<br \/>\n100% Ch\u1ec9 \u0111\u01b0\u1ee3c l\u00e0m t\u1eeb c\u00e1c th\u00e0nh ph\u1ea7n th\u1ea3o d\u01b0\u1ee3c t\u1ef1 nhi\u00ean <strong>.<\/strong> <strong>C\u00e1c th\u00e0nh ph\u1ea7n th\u00edch h\u1ee3p.<\/strong> <strong>.<\/strong> <strong>\u0111i\u1ec1u ch\u1ec9nh cho ph\u00f9 h\u1ee3p.<\/strong>.<\/p>\n<p><strong>NK\u00b7T\u00b7B <\/strong><strong>t\u1ebf b\u00e0o<\/strong> <strong>\u0111\u01b0\u1ee3c k\u00edch ho\u1ea1t.<\/strong>Do \u0111\u00f3, <strong>.<\/strong> <strong>T\u0103ng c\u01b0\u1eddng<\/strong>,<br \/>\n<strong>Ch\u1ed1ng vi\u00eam<\/strong><strong>\u00b7<\/strong><strong>Kh\u00e1ng vi-r\u00fat<\/strong><strong>\u00b7<\/strong><strong>C\u1ee5c m\u00e1u \u0111\u00f4ng<\/strong> <strong>.<\/strong>S\u1ea3n ph\u1ea9m c\u00f3 t\u00e1c d\u1ee5ng to\u00e0n di\u1ec7n.<br \/>\n**S\u1ea3n ph\u1ea9m \u0111\u00e3 \u0111\u0103ng k\u00fd OTC c\u1ee7a FDA Hoa K\u1ef3 (80353-196-01)**<br \/>\n<strong>T\u1ea1i \u0110\u1ea1i h\u1ecdc qu\u1ed1c gia Seoul<\/strong> <strong>.<\/strong><strong>\u00b7<\/strong><strong>V\u1ec1 m\u1eb7t l\u00e2m s\u00e0ng<\/strong> <strong>.<\/strong> <strong>.<\/strong>, m\u1ed9t s\u1ef1 l\u1ef1a ch\u1ecdn an to\u00e0n v\u00e0 \u0111\u00e1ng tin c\u1eady.<\/p>\n<h3>\ud83d\udc8a Li\u1ec1u l\u01b0\u1ee3ng v\u00e0 C\u00e1ch d\u00f9ng<\/h3>\n<p>\ud83d\udccd <strong>C\u01a1 b\u1ea3n<\/strong> <strong>c\u00f3 th\u1ec3 s\u1eed d\u1ee5ng<\/strong>: 1-2 l\u1ea7n m\u1ed9t ng\u00e0y, <strong>2<\/strong><strong>vi\u00ean nang<\/strong> <strong>L\u01b0\u1ee3ng ti\u00eau th\u1ee5<\/strong><br \/>\n\ud83d\udccd <strong>Ngo\u1ea1i l\u1ec7<\/strong> <strong>.<\/strong> <strong>c\u00f3 th\u1ec3 s\u1eed d\u1ee5ng<\/strong>: Trong tr\u01b0\u1eddng h\u1ee3p b\u1ecb b\u1ec7nh zona, c\u1ee5c m\u00e1u \u0111\u00f4ng ho\u1eb7c c\u00e1c b\u1ec7nh truy\u1ec1n nhi\u1ec5m<br \/>\n- Ng\u00e0y <strong>3<\/strong><strong>vi\u00ean nang<\/strong><strong> 3<\/strong><strong>l\u1ea7n<\/strong> <strong>c\u00f3 th\u1ec3 s\u1eed d\u1ee5ng<\/strong><strong> (<\/strong><strong>trung b\u00ecnh<\/strong><strong> 9<\/strong><strong>vi\u00ean nang<\/strong><strong>\/<\/strong><strong>Ng\u00e0y<\/strong><strong>)<\/strong><br \/>\n\u2714\ufe0f<strong>\u0110\u00f3ng g\u00f3i:<\/strong> 54 vi\u00ean nang m\u1ed7i l\u1ecd<br \/>\n\ud83d\udccd <strong>Li\u1ec1u l\u01b0\u1ee3ng<\/strong> <strong>\u0111i\u1ec1u ch\u1ec9nh<\/strong>: N\u1ebfu c\u1ea7n thi\u1ebft, li\u1ec1u l\u01b0\u1ee3ng c\u00f3 th\u1ec3 \u0111\u01b0\u1ee3c \u0111i\u1ec1u ch\u1ec9nh sau khi y\u00eau c\u1ea7u\/tham v\u1ea5n<\/p>\n<h3>\ud83d\udcaa T\u00f3m t\u1eaft c\u00e1c t\u00e1c d\u1ee5ng ch\u00ednh<\/h3>\n<table>\n<thead>\n<tr>\n<td><strong>\ud83d\udca1 <\/strong><strong>c\u00f4ng d\u1ee5ng<\/strong><\/td>\n<td><strong>L\u1eddi gi\u1ea3i th\u00edch<\/strong><\/td>\n<\/tr>\n<\/thead>\n<tbody>\n<tr>\n<td><strong>T\u1ebf b\u00e0o mi\u1ec5n d\u1ecbch<\/strong> <strong>\u0111\u01b0\u1ee3c k\u00edch ho\u1ea1t.<\/strong><\/td>\n<td>C\u1ea3m \u1ee9ng t\u0103ng sinh t\u1ebf b\u00e0o NK\u00b7T\u00b7B v\u00e0 s\u1ea3n xu\u1ea5t kh\u00e1ng th\u1ec3<\/td>\n<\/tr>\n<tr>\n<td><strong>.<\/strong> <strong>C\u00e2n b\u1eb1ng mi\u1ec5n d\u1ecbch<\/strong> <strong>.<\/strong><\/td>\n<td>Gi\u1ea3m nh\u1eb9 c\u00e1c b\u1ec7nh t\u1ef1 mi\u1ec5n v\u00e0 vi\u00eam m\u00e3n t\u00ednh<\/td>\n<\/tr>\n<tr>\n<td><strong>Kh\u00e1ng vi-r\u00fat<\/strong> <strong>c\u00f4ng d\u1ee5ng<\/strong><\/td>\n<td>H\u1ed7 tr\u1ee3 ng\u0103n ch\u1eb7n virus v\u00e0 ph\u1ee5c h\u1ed3i c\u00e1c tri\u1ec7u ch\u1ee9ng nhi\u1ec5m tr\u00f9ng<\/td>\n<\/tr>\n<tr>\n<td><strong>Ch\u1ed1ng vi\u00eam<\/strong><strong> . <\/strong><strong>C\u1ee5c m\u00e1u \u0111\u00f4ng<\/strong> <strong>.<\/strong><\/td>\n<td>Gi\u1ea3m \u0111au b\u1eb1ng c\u00e1ch \u1ee9c ch\u1ebf vi\u00eam v\u00e0 c\u1ea3i thi\u1ec7n l\u01b0u th\u00f4ng m\u00e1u<\/td>\n<\/tr>\n<tr>\n<td><strong>.<\/strong><strong>\u00b7<\/strong><strong>da<\/strong><strong>\u00b7<\/strong><strong>.<\/strong> <strong>.<\/strong><\/td>\n<td>Hi\u1ec7u qu\u1ea3 \u0111a di\u1ec7n, bao g\u1ed3m t\u00e1i t\u1ea1o t\u1ebf b\u00e0o gan v\u00e0 ph\u1ee5c h\u1ed3i sau di ch\u1ee9ng COVID-19<\/td>\n<\/tr>\n<\/tbody>\n<\/table>\n<h3>\ud83d\udd2c Th\u00e0nh ph\u1ea7n ch\u00ednh v\u00e0 c\u01a1 ch\u1ebf ho\u1ea1t \u0111\u1ed9ng<\/h3>\n<p>\ud83c\udf3f <strong>10<\/strong><strong>Th\u00e0nh ph\u1ea7n ch\u00ednh:<\/strong> <strong>.<\/strong> <strong>:<\/strong> <strong>.<\/strong><strong><br \/>\n<\/strong>- Nh\u00e2n s\u00e2m, c\u00e2y m\u00e3 \u0111\u1ec1, rau sam, kim ng\u00e2n, r\u1ec5 nh\u00e2n s\u00e2m, tr\u00e0 xanh, \u0111\u1eadu, b\u1ed3 c\u00f4ng anh, c\u00e2y \u0111\u01b0\u01a1ng quy, cam th\u1ea3o<br \/>\n\u2192 K\u00edch ho\u1ea1t v\u00e0 c\u00e2n b\u1eb1ng c\u00e1c t\u1ebf b\u00e0o mi\u1ec5n d\u1ecbch, lo\u1ea1i b\u1ecf c\u1ee5c m\u00e1u \u0111\u00f4ng <strong>.<\/strong> <strong>T\u0103ng m\u1eadt \u0111\u1ed9 x\u01b0\u01a1ng<\/strong> <strong>.<\/strong> <strong>.<\/strong> <strong>.<\/strong> <strong>Kh\u00e1ng vi-r\u00fat<\/strong> <strong>c\u00f4ng d\u1ee5ng<\/strong><\/p>\n<p>&nbsp;<\/p>\n<h3>\ud83e\uddec C\u01a1 ch\u1ebf ho\u1ea1t \u0111\u1ed9ng<\/h3>\n<p>\ud83e\uddea <strong>NK <\/strong><strong>t\u1ebf b\u00e0o<\/strong>: Ph\u00e1 h\u1ee7y virus v\u00e0 t\u1ebf b\u00e0o ung th\u01b0, ti\u1ebft ra cytokine<br \/>\n\ud83e\uddea <strong>T <\/strong><strong>t\u1ebf b\u00e0o<\/strong>: Lo\u1ea1i b\u1ecf t\u1ebf b\u00e0o b\u1ea5t th\u01b0\u1eddng, th\u00fac \u0111\u1ea9y h\u00ecnh th\u00e0nh kh\u00e1ng th\u1ec3<br \/>\n\ud83e\uddea <strong>B <\/strong><strong>t\u1ebf b\u00e0o<\/strong>: S\u1ea3n xu\u1ea5t kh\u00e1ng th\u1ec3 ch\u1ed1ng l\u1ea1i c\u00e1c t\u00e1c nh\u00e2n g\u00e2y b\u1ec7nh b\u00ean ngo\u00e0i<br \/>\n\ud83e\uddea <strong>\u0110\u1ea1i th\u1ef1c b\u00e0o<\/strong>: S\u1ef1 bao ph\u1ee7 m\u1ea7m b\u1ec7nh, ki\u1ec3m so\u00e1t ph\u1ea3n \u1ee9ng mi\u1ec5n d\u1ecbch<\/p>\n<h3>\ud83c\udfc6 \u0110i\u1ec3m kh\u00e1c bi\u1ec7t c\u1ee7a Immune<\/h3>\n<p>\u2714\ufe0f <strong>\u0110\u00e3 \u0111\u0103ng k\u00ed FDA OTC <\/strong><strong>.<\/strong> <strong>S\u1ea3n ph\u1ea9m<\/strong><strong> (80353-196-01)<\/strong><br \/>\n\u2714\ufe0f <strong>Ngay c\u1ea3 tr\u1ebb s\u01a1 sinh v\u00e0 tr\u1ebb m\u1edbi bi\u1ebft \u0111i<\/strong> <strong>c\u00f3 th\u1ec3 s\u1eed d\u1ee5ng<\/strong> <strong>.<\/strong> <strong>.<\/strong> <strong>an to\u00e0n<\/strong><br \/>\n\u2714\ufe0f <strong>T\u1ea1i \u0110\u1ea1i h\u1ecdc qu\u1ed1c gia Seoul<\/strong><strong> \u0111\u01b0\u1ee3c nghi\u00ean c\u1ee9u trong \u1ed1ng nghi\u1ec7m <\/strong><strong>.<\/strong><strong> + <\/strong><strong>C\u00f4ng d\u1ee5ng ch\u1ee9ng minh l\u00e2m s\u00e0ng<\/strong> <strong>.<\/strong> <strong>.<\/strong><br \/>\n\u2714\ufe0f <strong>Nh\u00e0 m\u00e1y \u0111\u1ea1t ti\u00eau chu\u1ea9n <\/strong><strong>:<\/strong> <strong>,<\/strong>, \u0111\u1ea3m b\u1ea3o quy tr\u00ecnh s\u1ea3n xu\u1ea5t ch\u1ea5t l\u01b0\u1ee3ng cao<br \/>\n\u2714\ufe0f T\u0103ng c\u01b0\u1eddng mi\u1ec5n d\u1ecbch + c\u1ea3i thi\u1ec7n b\u1ec7nh t\u1ef1 mi\u1ec5n + c\u1ee5c m\u00e1u \u0111\u00f4ng <strong>.<\/strong> <strong>.<\/strong> <strong>.<\/strong><strong>.<\/strong><\/p>\n<h3>\u26a0\ufe0f Vui l\u00f2ng ki\u1ec3m tra tr\u01b0\u1edbc khi s\u1eed d\u1ee5ng<\/h3>\n<ul>\n<li><strong>Tham kh\u1ea3o t\u01b0 v\u1ea5n t\u1eeb chuy\u00ean gia<\/strong> <strong>khi<\/strong> <strong>s\u1eed d\u1ee5ng<\/strong>: Ph\u1ee5 n\u1eef c\u00f3 thai, ng\u01b0\u1eddi cao tu\u1ed5i, ng\u01b0\u1eddi b\u1ecb r\u1ed1i lo\u1ea1n mi\u1ec5n d\u1ecbch, ng\u01b0\u1eddi m\u1eafc b\u1ec7nh m\u00e3n t\u00ednh<\/li>\n<\/ul>\n<\/section>\n<\/div>","protected":false},"excerpt":{"rendered":"<div class=\"product-box\">\n<p><!-- \uc81c\ud488 \uc694\uc57d --><\/p>\n<div id=\"summary\" class=\"tab-content active\">\n<section class=\"product-section\">\n<h2><span class=\"highlight\">T\u00f3m t\u1eaft s\u1ea3n ph\u1ea9m<\/span><\/h2>\n<p><strong>\u2705 &#8230; <\/p>","protected":false},"featured_media":2078,"comment_status":"open","ping_status":"closed","template":"","meta":[],"product_brand":[],"product_cat":[153,155,156],"product_tag":[],"class_list":{"0":"post-2077","1":"product","2":"type-product","3":"status-publish","4":"has-post-thumbnail","6":"product_cat-immune","7":"product_cat-allergic","8":"product_cat-probiotics","10":"first","11":"instock","12":"featured","13":"shipping-taxable","14":"purchasable","15":"product-type-simple"},"_links":{"self":[{"href":"https:\/\/doori.shop\/vi\/wp-json\/wp\/v2\/product\/2077","targetHints":{"allow":["GET"]}}],"collection":[{"href":"https:\/\/doori.shop\/vi\/wp-json\/wp\/v2\/product"}],"about":[{"href":"https:\/\/doori.shop\/vi\/wp-json\/wp\/v2\/types\/product"}],"replies":[{"embeddable":true,"href":"https:\/\/doori.shop\/vi\/wp-json\/wp\/v2\/comments?post=2077"}],"version-history":[{"count":0,"href":"https:\/\/doori.shop\/vi\/wp-json\/wp\/v2\/product\/2077\/revisions"}],"wp:featuredmedia":[{"embeddable":true,"href":"https:\/\/doori.shop\/vi\/wp-json\/wp\/v2\/media\/2078"}],"wp:attachment":[{"href":"https:\/\/doori.shop\/vi\/wp-json\/wp\/v2\/media?parent=2077"}],"wp:term":[{"taxonomy":"product_brand","embeddable":true,"href":"https:\/\/doori.shop\/vi\/wp-json\/wp\/v2\/product_brand?post=2077"},{"taxonomy":"product_cat","embeddable":true,"href":"https:\/\/doori.shop\/vi\/wp-json\/wp\/v2\/product_cat?post=2077"},{"taxonomy":"product_tag","embeddable":true,"href":"https:\/\/doori.shop\/vi\/wp-json\/wp\/v2\/product_tag?post=2077"}],"curies":[{"name":"wp","href":"https:\/\/api.w.org\/{rel}","templated":true}]}}