{"id":2061,"date":"2024-12-25T19:18:16","date_gmt":"2024-12-25T19:18:16","guid":{"rendered":"https:\/\/doori.shop\/product\/lpb-o1\/"},"modified":"2025-07-20T20:14:55","modified_gmt":"2025-07-20T11:14:55","slug":"lpb-o1","status":"publish","type":"product","link":"https:\/\/doori.shop\/vi\/san-pham\/lpb-o1\/","title":{"rendered":"L\u1ee3i khu\u1ea9n Probiotics"},"content":{"rendered":"<div class=\"product-box\">\n<p><!-- 1. \uc81c\ud488 \uc18c\uac1c --><\/p>\n<section id=\"liveprobiotics-introduction\" class=\"product-section\"><strong>\ud83e\udda0<\/strong><strong> LIVE PROBIOTICS <\/strong><strong>.<\/strong> <strong>.<\/strong><\/p>\n<p><strong>D\u1ecbch axit m\u1ea1nh <\/strong><strong>nh\u01b0ng khu\u1ea9n s\u1ed1ng <\/strong><strong>ko b\u1ecb y\u1ebfu \u0111i <\/strong><strong>. <\/strong><strong>v\u1eabn t\u1ed3n t\u1ea1i, <\/strong><strong>. <\/strong><strong>t\u0103ng ch\u1ee9c n\u0103ng <\/strong><strong>c\u1ee7a Vi khu\u1ea9n axit lactic.<\/strong><br \/>\n<em>Gi\u00fap qu\u1ea3n l\u00fd s\u1ee9c kh\u1ecfe, <\/em><em>, <\/em><em>c\u00e2n n\u1eb7ng <\/em><em>, <\/em><em>Mi\u1ec5n d\u1ecbch \u0111\u1ed3ng th\u1eddi <\/em><em>. <\/em><em>.<\/em><\/p>\n<p><strong>\u2705<\/strong> <strong>T\u00f4i khuy\u00ean<\/strong> <strong>b\u1ea1n<\/strong> <strong>n\u00ean d\u00f9ng s\u1ea3n ph\u1ea9m n\u00e0y<\/strong><\/p>\n<p>\ud83d\udfe2 Nh\u1eefng ng\u01b0\u1eddi th\u01b0\u1eddng xuy\u00ean g\u1eb7p c\u00e1c v\u1ea5n \u0111\u1ec1 v\u1ec1 \u0111\u01b0\u1eddng ru\u1ed9t nh\u01b0 t\u00e1o b\u00f3n, ti\u00eau ch\u1ea3y<br \/>\n\ud83d\udfe2 Nh\u1eefng ng\u01b0\u1eddi c\u00f3 m\u00f9i ph\u00e2n kh\u00f3 ch\u1ecbu ho\u1eb7c lo l\u1eafng v\u1ec1 vi khu\u1ea9n c\u00f3 h\u1ea1i trong ru\u1ed9t<br \/>\n\ud83d\udfe2 Nh\u1eefng ng\u01b0\u1eddi c\u00f3 h\u1ec7 mi\u1ec5n d\u1ecbch y\u1ebfu, th\u01b0\u1eddng xuy\u00ean b\u1ecb c\u1ea3m l\u1ea1nh v\u00e0 vi\u00eam nhi\u1ec5m<br \/>\n\ud83d\udfe2 S\u1ee9c kh\u1ecfe \u0111\u01b0\u1eddng ru\u1ed9t v\u00e0 c\u00e2n n\u1eb7ng <strong>c\u00e2n n\u1eb7ng <\/strong><strong>.<\/strong>B\u1ea5t c\u1ee9 ai c\u0169ng c\u1ea7n s\u1ea3n ph\u1ea9m.<\/p>\n<p><strong>\ud83c\udf3f<\/strong> <strong>S\u1ea3n ph\u1ea9m<\/strong> <strong>Gi\u1edbi thi\u1ec7u<\/strong><\/p>\n<p><strong>LIVE PROBIOTICS<\/strong>.<br \/>\n<strong>Vi khu\u1ea9n Lactobacillus <\/strong><strong>th\u1ef1c v\u1eadt <\/strong><strong>b\u1ea3o v\u1ec7 <\/strong><strong>. <\/strong><strong>.<\/strong>.<br \/>\n**Ngay c\u1ea3 d\u1ecbch v\u1ecb c\u00f3 t\u00ednh axit m\u1ea1nh (pH 2,5)** c\u0169ng c\u00f3 th\u1ec3 th\u00e2m nh\u1eadp \u0111\u01b0\u1ee3c <strong>. <\/strong><strong>v\u1eabn t\u1ed3n t\u1ea1i, <\/strong><strong>.<\/strong><br \/>\n\u0110\u00e2y l\u00e0 m\u1ed9t lo\u1ea1i men vi sinh m\u1ea1nh m\u1ebd.<\/p>\n<p>Khi d\u00f9ng trong th\u1eddi gian d\u00e0i <strong>Khi \u0111i \u0111\u1ea1i ti\u1ec7n <\/strong><strong>m\u00f9i <\/strong><strong>bi\u1ebfn m\u1ea5t.<\/strong>B\u1ea1n c\u00f3 th\u1ec3 tr\u1ea3i nghi\u1ec7m hi\u1ec7u qu\u1ea3 tr\u1ef1c ti\u1ebfp th\u00f4ng qua d\u00f9ng s\u1ea3n ph\u1ea9m n\u00e0y.<br \/>\n<strong>Gi\u00fap qu\u1ea3n l\u00fd s\u1ee9c kh\u1ecfe, <\/strong><strong>. <\/strong><strong>. <\/strong><strong>C\u1ea3i thi\u1ec7n mi\u1ec5n d\u1ecbch <\/strong><strong>. <\/strong><strong>. <\/strong><strong>B\u00e9o ph\u00ec <\/strong><strong>ki\u1ec3m so\u00e1t.<\/strong>v\u00e0 h\u1ed7 tr\u1ee3 \u0111\u1ed3ng th\u1eddi.<\/p>\n<p><strong>\ud83d\udc8a<\/strong> <strong>L\u01b0\u1ee3ng ti\u00eau th\u1ee5<\/strong> <strong>Ph\u01b0\u01a1ng ph\u00e1p v\u00e0 li\u1ec1u d\u00f9ng<\/strong><\/p>\n<p>\ud83d\udccd <strong>Ng\u00e0y \u0111\u1ea7u <\/strong><strong>L\u01b0\u1ee3ng ti\u00eau th\u1ee5<\/strong>: Bu\u1ed5i s\u00e1ng, bu\u1ed5i t\u1ed1i, tr\u01b0\u1edbc khi \u0111i ng\u1ee7 <strong>T\u1ed5ng c\u1ed9ng 3<\/strong><strong>vi\u00ean nang\/<\/strong><strong>Ng\u00e0y<\/strong><br \/>\n- Ti\u1ebfp t\u1ee5c d\u00f9ng cho \u0111\u1ebfn khi h\u1ebft m\u00f9i ph\u00e2n.<br \/>\n\ud83d\udccd <strong>Th\u1eddi gian d\u00e0i <\/strong><strong>L\u01b0\u1ee3ng ti\u00eau th\u1ee5<\/strong>: V\u00e0o bu\u1ed5i s\u00e1ng khi b\u1ee5ng \u0111\u00f3i v\u00e0 tr\u01b0\u1edbc khi \u0111i ng\u1ee7 <strong>T\u1ed5ng c\u1ed9ng 2<\/strong><strong>vi\u00ean nang\/<\/strong><strong>Ng\u00e0y<\/strong><br \/>\n- N\u00ean s\u1eed d\u1ee5ng th\u01b0\u1eddng xuy\u00ean \u0111\u1ec3 duy tr\u00ec s\u1ee9c kh\u1ecfe \u0111\u01b0\u1eddng ru\u1ed9t.<br \/>\n\u2714\ufe0f<strong>\u0110\u00f3ng g\u00f3i:<\/strong> 60 vi\u00ean nang m\u1ed7i l\u1ecd<\/p>\n<p><strong>\ud83d\udcaa<\/strong> <strong>.<\/strong> <strong>c\u00f4ng d\u1ee5ng<\/strong> <strong>ch\u00ednh<\/strong><\/p>\n<table>\n<thead>\n<tr>\n<td><strong>\ud83d\udca1 <\/strong><strong>c\u00f4ng d\u1ee5ng<\/strong><\/td>\n<td><strong>L\u1eddi gi\u1ea3i th\u00edch<\/strong><\/td>\n<\/tr>\n<\/thead>\n<tbody>\n<tr>\n<td><strong>Vi khu\u1ea9n c\u00f3 l\u1ee3i <\/strong><strong>S\u1ef1 ph\u00e1t tri\u1ec3n &amp; <\/strong><strong>Vi khu\u1ea9n c\u00f3 h\u1ea1i <\/strong><strong>ki\u1ec3m so\u00e1t.<\/strong><\/td>\n<td>T\u0103ng t\u1ef7 l\u1ec7 vi khu\u1ea9n c\u00f3 l\u1ee3i trong \u0111\u01b0\u1eddng ru\u1ed9t, c\u1ea3i thi\u1ec7n m\u00f4i tr\u01b0\u1eddng \u0111\u01b0\u1eddng ru\u1ed9t<\/td>\n<\/tr>\n<tr>\n<td><strong>Ti\u00eau h\u00f3a &amp; <\/strong><strong>Khi \u0111i \u0111\u1ea1i ti\u1ec7n <\/strong><strong>.<\/strong><\/td>\n<td>Gi\u1ea3m t\u00e1o b\u00f3n v\u00e0 ti\u00eau ch\u1ea3y, th\u00fac \u0111\u1ea9y nhu \u0111\u1ed9ng ru\u1ed9t<\/td>\n<\/tr>\n<tr>\n<td><strong>Ph\u00e2n <\/strong><strong>m\u00f9i <\/strong><strong>kh\u00f4ng c\u00f2n<\/strong><\/td>\n<td>S\u1ef1 s\u1ed1ng s\u00f3t c\u1ee7a vi khu\u1ea9n axit lactic \u0111i v\u00e0o ru\u1ed9t sau khi \u0111i qua axit d\u1ea1 d\u00e0y<\/td>\n<\/tr>\n<tr>\n<td><strong>. <\/strong><strong>T\u0103ng m\u1eadt \u0111\u1ed9 x\u01b0\u01a1ng<\/strong><\/td>\n<td>K\u00edch ho\u1ea1t t\u1ebf b\u00e0o mi\u1ec5n d\u1ecbch \u2192 \u1ee8c ch\u1ebf ph\u1ea3n \u1ee9ng vi\u00eam<\/td>\n<\/tr>\n<tr>\n<td><strong>B\u00e9o ph\u00ec <\/strong><strong>ki\u1ec3m so\u00e1t.<\/strong><\/td>\n<td>Ki\u1ec3m so\u00e1t qu\u00e1 tr\u00ecnh chuy\u1ec3n h\u00f3a ch\u1ea5t b\u00e9o v\u00e0 \u0111\u01b0\u1eddng \u2192 H\u1ed7 tr\u1ee3 gi\u1ea3m m\u1ee1 c\u01a1 th\u1ec3<\/td>\n<\/tr>\n<\/tbody>\n<\/table>\n<p><strong>\ud83d\udd2c<\/strong> <strong>.<\/strong> <strong>C\u00f4ng ngh\u1ec7<\/strong> <strong>.<\/strong> <strong>\u0110i\u1ec3m kh\u00e1c bi\u1ec7t<\/strong><\/p>\n<p>\ud83e\uddec <strong>Vi khu\u1ea9n Lactobacillus <\/strong><strong>th\u1ef1c v\u1eadt <\/strong><strong>. <\/strong><strong>. <\/strong><strong>.<\/strong><br \/>\n- Ch\u1ecbu \u0111\u01b0\u1ee3c axit d\u1ea1 d\u00e0y v\u00e0 \u0111i v\u00e0o ru\u1ed9t khi c\u00f2n s\u1ed1ng<br \/>\n\ud83e\uddea <strong>Tr\u1ef1c ti\u1ebfp <\/strong><strong>ki\u1ec3m tra <\/strong><strong>. <\/strong><strong>c\u00f4ng d\u1ee5ng<\/strong>:<br \/>\n\u2013 <strong>Khi \u0111i \u0111\u1ea1i ti\u1ec7n <\/strong><strong>m\u00f9i <\/strong><strong>bi\u1ebfn m\u1ea5t.<\/strong>Qua \u0111\u00f3 c\u00f3 th\u1ec3 th\u1ea5y \u0111\u01b0\u1ee3c c\u00f4ng d\u1ee5ng.<\/p>\n<p><strong>\ud83c\udfc6<\/strong> <strong>.<\/strong> <strong>Probiotics<\/strong> <strong>S\u1ef1 kh\u00e1c bi\u1ec7t<\/strong> <strong>:<\/strong><\/p>\n<p>\u2714\ufe0f C\u00f3 kh\u1ea3 n\u0103ng kh\u00e1ng axit d\u1ea1 d\u00e0y <strong>. <\/strong><strong>v\u1eabn t\u1ed3n t\u1ea1i, <\/strong><strong>.<\/strong>Live Probiotics l\u00e0m \u0111c \u0111i\u1ec1u \u0111\u00f3.<br \/>\n\u2714\ufe0f <strong>Gi\u00fap qu\u1ea3n l\u00fd s\u1ee9c kh\u1ecfe, <\/strong><strong>, <\/strong><strong>mi\u1ec5n d\u1ecbch, <\/strong><strong>c\u00e2n n\u1eb7ng <\/strong><strong>.<\/strong>C\u00f4ng d\u1ee5ng t\u1ea5t c\u1ea3 trong m\u1ed9t<br \/>\n\u2714\ufe0f <strong>C\u00e1c th\u00e0nh ph\u1ea7n th\u00edch h\u1ee3p. <\/strong><strong>. <\/strong><strong>. <\/strong><strong>C\u00f4ng th\u1ee9c<\/strong>, an to\u00e0n khi s\u1eed d\u1ee5ng l\u00e2u d\u00e0i<br \/>\n\u2714\ufe0f <strong>Khi \u0111i \u0111\u1ea1i ti\u1ec7n <\/strong><strong>m\u00f9i <\/strong><strong>\u0111\u01b0\u1ee3c c\u1ea3i thi\u1ec7n <\/strong><strong>.Ch\u1ee9ng minh \u0111\u01b0\u1ee3c <\/strong><strong>. <\/strong><strong>c\u00f4ng d\u1ee5ng<\/strong><\/p>\n<p><strong>\u26a0\ufe0f<\/strong> <strong>L\u01b0\u1ee3ng ti\u00eau th\u1ee5<\/strong> <strong>.<\/strong> <strong>Xin vui l\u00f2ng<\/strong> <strong>ki\u1ec3m tra<\/strong><\/p>\n<ul>\n<li><strong>Tham kh\u1ea3o t\u01b0 v\u1ea5n t\u1eeb chuy\u00ean gia <\/strong><strong>khi <\/strong><strong>s\u1eed d\u1ee5ng<\/strong>: Ph\u1ee5 n\u1eef c\u00f3 thai, ng\u01b0\u1eddi cao tu\u1ed5i, ng\u01b0\u1eddi m\u1eafc b\u1ec7nh mi\u1ec5n d\u1ecbch<\/li>\n<\/ul>\n<\/section>\n<\/div>","protected":false},"excerpt":{"rendered":"<div class=\"product-box\">\n<section id=\"liveprobiotics-summary\" class=\"product-section\">\n<h2><span class=\"highlight\">T\u00f3m t\u1eaft s\u1ea3n ph\u1ea9m<\/span><\/h2>\n<p><strong><span class=\"highlight\">\u2705 Live Probiotics<\/span><\/strong>\ub294 &#8230; <\/p>","protected":false},"featured_media":2062,"comment_status":"open","ping_status":"closed","template":"","meta":[],"product_brand":[],"product_cat":[153,156,158],"product_tag":[],"class_list":{"0":"post-2061","1":"product","2":"type-product","3":"status-publish","4":"has-post-thumbnail","6":"product_cat-immune","7":"product_cat-probiotics","8":"product_cat-stomach","10":"first","11":"instock","12":"featured","13":"shipping-taxable","14":"purchasable","15":"product-type-simple"},"_links":{"self":[{"href":"https:\/\/doori.shop\/vi\/wp-json\/wp\/v2\/product\/2061","targetHints":{"allow":["GET"]}}],"collection":[{"href":"https:\/\/doori.shop\/vi\/wp-json\/wp\/v2\/product"}],"about":[{"href":"https:\/\/doori.shop\/vi\/wp-json\/wp\/v2\/types\/product"}],"replies":[{"embeddable":true,"href":"https:\/\/doori.shop\/vi\/wp-json\/wp\/v2\/comments?post=2061"}],"version-history":[{"count":0,"href":"https:\/\/doori.shop\/vi\/wp-json\/wp\/v2\/product\/2061\/revisions"}],"wp:featuredmedia":[{"embeddable":true,"href":"https:\/\/doori.shop\/vi\/wp-json\/wp\/v2\/media\/2062"}],"wp:attachment":[{"href":"https:\/\/doori.shop\/vi\/wp-json\/wp\/v2\/media?parent=2061"}],"wp:term":[{"taxonomy":"product_brand","embeddable":true,"href":"https:\/\/doori.shop\/vi\/wp-json\/wp\/v2\/product_brand?post=2061"},{"taxonomy":"product_cat","embeddable":true,"href":"https:\/\/doori.shop\/vi\/wp-json\/wp\/v2\/product_cat?post=2061"},{"taxonomy":"product_tag","embeddable":true,"href":"https:\/\/doori.shop\/vi\/wp-json\/wp\/v2\/product_tag?post=2061"}],"curies":[{"name":"wp","href":"https:\/\/api.w.org\/{rel}","templated":true}]}}