{"id":2057,"date":"2024-11-01T19:13:28","date_gmt":"2024-11-01T19:13:28","guid":{"rendered":"https:\/\/doori.shop\/product\/nc-o1\/"},"modified":"2025-07-20T20:15:15","modified_gmt":"2025-07-20T11:15:15","slug":"nc-o1","status":"publish","type":"product","link":"https:\/\/doori.shop\/vi\/san-pham\/nc-o1\/","title":{"rendered":"Th\u1eadn, gan"},"content":{"rendered":"<div class=\"product-box\">\n<p><!-- 1. \uc81c\ud488 \uc18c\uac1c --><\/p>\n<section id=\"nefricare-introduction\" class=\"product-section\">\n<h3>\ud83d\udca7 <strong>NEPHRICARE <\/strong><strong>CH\u0102M S\u00d3C TH\u1eacN<\/strong><strong>.<\/strong><\/h3>\n<p><strong>H\u1ed3i ph\u1ee5c ch\u1ee9c n\u0103ng s\u1ee9c kh\u1ecfe x\u01b0\u01a1ng kh\u1edbp \u0111\u01b0\u1ee3c l\u00e0m t\u1eeb th\u1ea3o d\u01b0\u1ee3c t\u1ef1 nhi\u00ean.<\/strong> <strong>.<\/strong> <strong>.<\/strong> <strong>.<\/strong><strong> \u00b7 <\/strong><strong>Lo\u1ea1i b\u1ecf b\u1ec7nh vi\u00eam.<\/strong> <strong>.<\/strong><strong> \u00b7 <\/strong><strong>C\u1ea3i thi\u1ec7n v\u1ea5n \u0111\u1ec1 ti\u1ec3u<\/strong> <strong>.<\/strong> <strong>.<\/strong> <strong>.<\/strong><br \/>\n<em>T\u00edch h\u1ee3p gi\u1ea3i ph\u00e1p, \u0111i\u1ec1u ch\u1ec9nh, ph\u1ee5c h\u1ed3i s\u1ee9c s\u1ed1ng Qu\u1ea3 Th\u1eadn.<\/em> <em>.<\/em> <em>.<\/em> <em>.<\/em> <em>.<\/em> <em>.<\/em><em>.<\/em><\/p>\n<h3>\u2705 Khuy\u00ean d\u00f9ng s\u1ea3n ph\u1ea9m cho<\/h3>\n<p>\ud83d\udfe2 Ng\u01b0\u1eddi g\u1eb7p kh\u00f3 kh\u0103n khi \u0111i ti\u1ec3u do suy th\u1eadn, vi\u00eam th\u1eadn, vi\u00eam b\u00e0ng quang,\u2026<br \/>\n\ud83d\udfe2 N\u1ed3ng \u0111\u1ed9 creatinin, ph\u00f9 n\u1ec1, c\u1ea3m gi\u00e1c n\u01b0\u1edbc ti\u1ec3u c\u00f2n s\u00f3t l\u1ea1i, v.v. <strong>Ch\u1ee9c n\u0103ng th\u1eadn<\/strong> <strong>h\u1ea1 th\u1ea5p<\/strong> Nh\u1eefng ng\u01b0\u1eddi c\u00f3 tri\u1ec7u ch\u1ee9ng<br \/>\n\ud83d\udfe2B\u1ec7nh nh\u00e2n c\u1ea7n trong qu\u00e1 tr\u00ecnh \u0111i\u1ec1u tr\u1ecb ung th\u01b0 <strong>.<\/strong> <strong>.<\/strong>.<br \/>\n\ud83d\udfe2 Ng\u01b0\u1eddi b\u1ecb ph\u00f9 n\u1ec1 c\u01a1 th\u1ec3 dai d\u1eb3ng, m\u1ea5t c\u00e2n b\u1eb1ng n\u1ed9i ti\u1ebft t\u1ed1, m\u1ec7t m\u1ecfi<\/p>\n<h3>\ud83c\udf3f Gi\u1edbi thi\u1ec7u s\u1ea3n ph\u1ea9m<\/h3>\n<p>NEPHRICARE<br \/>\n<strong>T\u00edch h\u1ee3p gi\u1ea3i ph\u00e1p, \u0111i\u1ec1u ch\u1ec9nh, ph\u1ee5c h\u1ed3i s\u1ee9c s\u1ed1ng Qu\u1ea3 Th\u1eadn.<\/strong> <strong>Ti\u1ec3u c\u1ea7u<\/strong> <strong>.<\/strong><strong>, <\/strong><strong>Lo\u1ea1i b\u1ecf b\u1ec7nh vi\u00eam.<\/strong> <strong>.<\/strong><strong>, <\/strong><strong>.<\/strong><strong>\u00b7<\/strong><strong>\u0110i\u1ec1u ch\u1ec9nh mi\u1ec5n d\u1ecbch v\u00e0 hoocmon<\/strong> <strong>.<\/strong>.<br \/>\n100% <strong>C\u00e1c th\u00e0nh ph\u1ea7n th\u00edch h\u1ee3p.<\/strong> <strong>.<\/strong> <strong>.<\/strong> <strong>.\u0110\u00e2y l\u00e0 Th\u1ef1c ph\u1ea9m b\u1ed5 tr\u1ee3 cho s\u1ee9c kh\u1ecfe<\/strong>.<\/p>\n<p><strong>\u0110\u0103ng k\u00fd FDA l\u00e0 thu\u1ed1c kh\u00f4ng k\u00ea \u0111\u01a1n<\/strong><strong> \u0110\u00e3 \u0111\u0103ng k\u00ed FDA OTC <\/strong><strong>.<\/strong><strong> (80353-601-01)<\/strong><br \/>\n<strong>Nh\u00e0 m\u00e1y \u0111\u1ea1t ti\u00eau chu\u1ea9n <\/strong><strong>:<\/strong> <strong>,<\/strong>an to\u00e0n ch\u1ea5t l\u01b0\u1ee3ng.<br \/>\n<strong>Qu\u1ea3n l\u00fd Suy th\u1eadn<\/strong><strong>, <\/strong><strong>.<\/strong><strong>, <\/strong><strong>Ung th\u01b0 th\u1eadn<\/strong> <strong>.<\/strong> <strong>.<\/strong> <strong>C\u1ea3i thi\u1ec7n v\u1ea5n \u0111\u1ec1 ti\u1ec3u<\/strong> <strong>.<\/strong> <strong>.<\/strong>\u0110\u00e2y l\u00e0 s\u1ea3n ph\u1ea9m r\u1ea5t h\u1eefu d\u1ee5ng.<\/p>\n<h3>\ud83d\udc8a Li\u1ec1u l\u01b0\u1ee3ng v\u00e0 C\u00e1ch d\u00f9ng<\/h3>\n<p>\ud83d\udccd <strong>Ng\u00e0y \u0111\u1ea7u<\/strong> <strong>s\u1eed d\u1ee5ng li\u1ec1u<\/strong>: <strong>U\u1ed1ng 3 vi\u00ean nang m\u1ed7i s\u00e1ng v\u00e0 t\u1ed1i khi \u0111\u00f3i, t\u1ed5ng c\u1ed9ng 6 vi\u00ean nang m\u1ed7i ng\u00e0y.<\/strong><strong>(3 l\u1ecd d\u00f9ng trong 30 ng\u00e0y)<br \/>\n<\/strong>\ud83d\udccd<strong>Chu k\u00ec 2<\/strong> <strong>s\u1eed d\u1ee5ng li\u1ec1u<\/strong><strong>: <\/strong><strong>U\u1ed1ng 3 vi\u00ean nang m\u1ed7i l\u1ea7n v\u00e0o l\u00fac \u0111\u00f3i v\u00e0o bu\u1ed5i s\u00e1ng, bu\u1ed5i chi\u1ec1u v\u00e0 bu\u1ed5i t\u1ed1i, t\u1ed5ng c\u1ed9ng l\u00e0 9 vi\u00ean nang m\u1ed7i ng\u00e0y.<\/strong><strong>(4 l\u1ecd d\u00f9ng trong 30 ng\u00e0y)<\/strong><br \/>\n\ud83d\udccd <strong>Th\u1eddi gian v\u00e0 duy tr\u00ec s\u1eed d\u1ee5ng<\/strong> <strong>L\u01b0\u1ee3ng ti\u00eau th\u1ee5<\/strong>: \u0110i\u1ec1u ch\u1ec9nh l\u01b0\u1ee3ng d\u00f9ng v\u00e0 u\u1ed1ng ng\u1eaft qu\u00e3ng t\u00f9y theo t\u00ecnh tr\u1ea1ng b\u1ec7nh.<br \/>\n\u2714\ufe0f<strong>\u0110\u00f3ng g\u00f3i:<\/strong> 60 vi\u00ean nang m\u1ed7i l\u1ecd<br \/>\n\ud83d\udccd <strong>L\u01b0\u1ee3ng ti\u00eau th\u1ee5 <\/strong><strong>s\u1eed d\u1ee5ng <\/strong><strong>:<\/strong>: Sau khi d\u00f9ng li\u00ean t\u1ee5c trong \u00edt nh\u1ea5t 3 th\u00e1ng, h\u00e3y \u0111i\u1ec1u ch\u1ec9nh l\u01b0\u1ee3ng d\u00f9ng sau khi kh\u00e1m t\u1ea1i b\u1ec7nh vi\u1ec7n.<br \/>\n\ud83d\udccd <strong>C\u00f3 th\u1ec3 d\u00f9ng k\u1ebft h\u1ee3p:<\/strong> <strong>L\u01b0\u1ee3ng ti\u00eau th\u1ee5<\/strong> <strong>.<\/strong>:<br \/>\n\u2013 <strong>Th\u1ea3i \u0111\u1ed9c t\u1ebf b\u00e0o<\/strong><strong> \/ <\/strong><strong>Mi\u1ec5n d\u1ecbch<\/strong> C\u00f3 th\u1ec3 song song (nh\u01b0ng duy tr\u00ec kho\u1ea3ng c\u00e1ch \u00edt nh\u1ea5t 1 gi\u1edd)<\/p>\n<h3>\ud83d\udcaa T\u00f3m t\u1eaft c\u00e1c t\u00e1c d\u1ee5ng ch\u00ednh<\/h3>\n<table>\n<thead>\n<tr>\n<td><strong>\ud83d\udca1 <\/strong><strong>c\u00f4ng d\u1ee5ng<\/strong><\/td>\n<td><strong>L\u1eddi gi\u1ea3i th\u00edch<\/strong><\/td>\n<\/tr>\n<\/thead>\n<tbody>\n<tr>\n<td><strong>Ti\u1ec3u c\u1ea7u<\/strong> <strong>.<\/strong><strong> . <\/strong><strong>.<\/strong> <strong>.<\/strong> <strong>.<\/strong><\/td>\n<td>C\u1ea3i thi\u1ec7n b\u00e0i ti\u1ebft ch\u1ea5t th\u1ea3i, \u1ed5n \u0111\u1ecbnh n\u1ed3ng \u0111\u1ed9 creatinine<\/td>\n<\/tr>\n<tr>\n<td><strong>Lo\u1ea1i b\u1ecf b\u1ec7nh vi\u00eam.<\/strong> <strong>.<\/strong><strong> . <\/strong><strong>gi\u1ea3m ph\u00f9 n\u1ec1<\/strong> <strong>.<\/strong><\/td>\n<td>\u1ee8c ch\u1ebf vi\u00eam th\u1eadn \u2192 C\u1ea3i thi\u1ec7n t\u00ecnh tr\u1ea1ng s\u01b0ng ch\u00e2n v\u00e0 m\u1eaft<\/td>\n<\/tr>\n<tr>\n<td><strong>\u0110i\u1ec1u ch\u1ec9nh mi\u1ec5n d\u1ecbch v\u00e0 hoocmon<\/strong> <strong>.<\/strong> <strong>.<\/strong> <strong>.<\/strong><\/td>\n<td>Ph\u1ee5c h\u1ed3i ch\u1ee9c n\u0103ng n\u1ed9i ti\u1ebft c\u1ee7a th\u1eadn \u2192 T\u0103ng c\u01b0\u1eddng mi\u1ec5n d\u1ecbch<\/td>\n<\/tr>\n<tr>\n<td><strong>C\u1ea3i thi\u1ec7n v\u1ea5n \u0111\u1ec1 ti\u1ec3u<\/strong> <strong>.<\/strong><\/td>\n<td>Ti\u1ec3u ti\u1ec7n d\u1ec5 d\u00e0ng \u2192 Gi\u1ea3m t\u00ecnh tr\u1ea1ng ti\u1ec3u r\u1eaft, ti\u1ec3u nhi\u1ec1u l\u1ea7n, ti\u1ec3u \u0111\u00eam<\/td>\n<\/tr>\n<\/tbody>\n<\/table>\n<h3>\ud83d\udd2c Th\u00e0nh ph\u1ea7n ch\u00ednh v\u00e0 c\u01a1 ch\u1ebf ho\u1ea1t \u0111\u1ed9ng<\/h3>\n<p>\ud83c\udf3f <strong>9<\/strong><strong>Th\u00e0nh ph\u1ea7n ch\u00ednh:<\/strong> <strong>.<\/strong> <strong>:<\/strong> <strong>.<\/strong><strong><br \/>\n<\/strong>\u2013<strong>.<\/strong><strong>, <\/strong><strong>.<\/strong><strong>, <\/strong><strong>B\u1ed3 c\u00f4ng anh<\/strong><strong>, <\/strong><strong>,<\/strong><strong>, <\/strong><strong>V\u00e0ng v\u00e0 b\u1ea1c<\/strong><strong>, <\/strong><strong>rau sam<\/strong><strong>, <\/strong><strong>tr\u00e0 xanh<\/strong><strong>, <\/strong><strong>m\u1ecf h\u1ea1c<\/strong><strong>, <\/strong><strong>cam th\u1ea3o<\/strong><br \/>\n\u2192 C\u00f3 t\u00e1c d\u1ee5ng ch\u1ed1ng vi\u00eam v\u00e0 ch\u1ed1ng oxy h\u00f3a <strong>.<\/strong> <strong>.<\/strong> <strong>.<\/strong><\/p>\n<h3>\ud83c\udfc6 \u0110i\u1ec3m kh\u00e1c bi\u1ec7t c\u1ee7a Nepricare<\/h3>\n<p>\u2714\ufe0f <strong>100% <\/strong><strong>C\u00e1c th\u00e0nh ph\u1ea7n th\u00edch h\u1ee3p.<\/strong> <strong>.<\/strong> <strong>.<\/strong>, c\u00f3 th\u1ec3 d\u00f9ng l\u00e2u d\u00e0i m\u00e0 kh\u00f4ng lo t\u00e1c d\u1ee5ng ph\u1ee5<br \/>\n\u2714\ufe0f <strong>C\u00f4ng d\u1ee5ng ch\u1ee9ng minh l\u00e2m s\u00e0ng<\/strong> <strong>c\u00f4ng d\u1ee5ng<\/strong> <strong>.<\/strong>: Ph\u1ee5c h\u1ed3i c\u1ea7u th\u1eadn, gi\u1ea3m vi\u00eam v\u00e0 c\u1ea3i thi\u1ec7n m\u1ee9c creatinine<br \/>\n\u2714\ufe0f <strong>Th\u1ef1c ph\u1ea9m ch\u1ee9c n\u0103ng \u0111\u0103ng k\u00ed FDA <\/strong><strong>.<\/strong><strong> v\u00e0 \u0111\u1ea1t chu\u1ea9n cGMP <\/strong><strong>:<\/strong>Ch\u1ea5t l\u01b0\u1ee3ng v\u00e0 an to\u00e0n \u0111\u01b0\u1ee3c \u0111\u1ea3m b\u1ea3o<br \/>\n\u2714\ufe0f <strong>.<\/strong><strong>+<\/strong><strong>.<\/strong><strong>+<\/strong><strong>\u0110i\u1ec1u ch\u1ec9nh mi\u1ec5n d\u1ecbch v\u00e0 hoocmon<\/strong><strong>+<\/strong><strong>.<\/strong>Ch\u0103m s\u00f3c t\u00edch h\u1ee3p<\/p>\n<h3>\u26a0\ufe0f Vui l\u00f2ng ki\u1ec3m tra tr\u01b0\u1edbc khi s\u1eed d\u1ee5ng<\/h3>\n<ul>\n<li><strong>Tham kh\u1ea3o t\u01b0 v\u1ea5n t\u1eeb chuy\u00ean gia<\/strong> <strong>khi<\/strong> <strong>s\u1eed d\u1ee5ng<\/strong>: B\u1ec7nh nh\u00e2n m\u1eafc b\u1ec7nh th\u1eadn n\u1eb7ng, b\u1ec7nh m\u00e3n t\u00ednh ho\u1eb7c d\u1ecb \u1ee9ng<\/li>\n<li><strong>L\u01b0\u1ee3ng ti\u00eau th\u1ee5<\/strong> <strong>.<\/strong> <strong>kho\u1ea3ng th\u1eddi gian<\/strong> <strong>Th\u1eddi gian v\u00e0 duy tr\u00ec s\u1eed d\u1ee5ng<\/strong>: N\u1ebfu \u0111ang d\u00f9ng thu\u1ed1c T\u00e2y, s\u1eed d\u1ee5ng sau \u00edt nh\u1ea5t 1 gi\u1edd gi\u1eefa c\u00e1c li\u1ec1u<\/li>\n<\/ul>\n<\/section>\n<\/div>","protected":false},"excerpt":{"rendered":"<div class=\"product-box\">\n<section class=\"product-section\">\n<h2><span class=\"highlight\">T\u00f3m t\u1eaft s\u1ea3n ph\u1ea9m<\/span><\/h2>\n<p><strong><span class=\"highlight\">\u2705 NEPHRICARE<\/span><\/strong>.<br \/>\n<span class=\"highlight\">t\u1ed1t cho s\u1ee9c kh\u1ecfe th\u1eadn v\u00e0 \u0111\u01b0\u1eddng ti\u1ebft ni\u1ec7u.<\/span>\uc758 &#8230; <\/p>","protected":false},"featured_media":2058,"comment_status":"open","ping_status":"closed","template":"","meta":[],"product_brand":[],"product_cat":[154,160],"product_tag":[],"class_list":{"0":"post-2057","1":"product","2":"type-product","3":"status-publish","4":"has-post-thumbnail","6":"product_cat-prostate","7":"product_cat-pg","9":"first","10":"instock","11":"featured","12":"shipping-taxable","13":"purchasable","14":"product-type-simple"},"_links":{"self":[{"href":"https:\/\/doori.shop\/vi\/wp-json\/wp\/v2\/product\/2057","targetHints":{"allow":["GET"]}}],"collection":[{"href":"https:\/\/doori.shop\/vi\/wp-json\/wp\/v2\/product"}],"about":[{"href":"https:\/\/doori.shop\/vi\/wp-json\/wp\/v2\/types\/product"}],"replies":[{"embeddable":true,"href":"https:\/\/doori.shop\/vi\/wp-json\/wp\/v2\/comments?post=2057"}],"version-history":[{"count":0,"href":"https:\/\/doori.shop\/vi\/wp-json\/wp\/v2\/product\/2057\/revisions"}],"wp:featuredmedia":[{"embeddable":true,"href":"https:\/\/doori.shop\/vi\/wp-json\/wp\/v2\/media\/2058"}],"wp:attachment":[{"href":"https:\/\/doori.shop\/vi\/wp-json\/wp\/v2\/media?parent=2057"}],"wp:term":[{"taxonomy":"product_brand","embeddable":true,"href":"https:\/\/doori.shop\/vi\/wp-json\/wp\/v2\/product_brand?post=2057"},{"taxonomy":"product_cat","embeddable":true,"href":"https:\/\/doori.shop\/vi\/wp-json\/wp\/v2\/product_cat?post=2057"},{"taxonomy":"product_tag","embeddable":true,"href":"https:\/\/doori.shop\/vi\/wp-json\/wp\/v2\/product_tag?post=2057"}],"curies":[{"name":"wp","href":"https:\/\/api.w.org\/{rel}","templated":true}]}}