{"id":2053,"date":"2024-10-30T19:11:08","date_gmt":"2024-10-30T19:11:08","guid":{"rendered":"https:\/\/doori.shop\/product\/dt-o1\/"},"modified":"2025-07-20T20:15:41","modified_gmt":"2025-07-20T11:15:41","slug":"dt-o1","status":"publish","type":"product","link":"https:\/\/doori.shop\/vi\/san-pham\/dt-o1\/","title":{"rendered":"gi\u1ea3i \u0111\u1ed9c"},"content":{"rendered":"<div class=\"product-box\">\n<p><!-- 1. \uc81c\ud488 \uc18c\uac1c --><\/p>\n<section id=\"celldetox-introduction\" class=\"product-section\">\n<h3>\ud83c\udf31 <strong>THANH L\u1eccC T\u1ebe B\u00c0O <\/strong><strong>T\u1ebf b\u00e0o<\/strong> <strong>Gi\u1ea3i \u0111\u1ed9c<\/strong><strong>S<\/strong><\/h3>\n<p><strong>H\u1ed3i ph\u1ee5c ch\u1ee9c n\u0103ng s\u1ee9c kh\u1ecfe x\u01b0\u01a1ng kh\u1edbp \u0111\u01b0\u1ee3c l\u00e0m t\u1eeb th\u1ea3o d\u01b0\u1ee3c t\u1ef1 nhi\u00ean.<\/strong> <strong>Kim lo\u1ea1i n\u1eb7ng<\/strong><strong> \u00b7 <\/strong><strong>thu\u1ed1c<\/strong><strong> \u00b7 <\/strong><strong>m\u00f4i tr\u01b0\u1eddng<\/strong> <strong>ch\u1ea5t \u0111\u1ed9c<\/strong> <strong>v\u1ee9t b\u1ecf<\/strong> <strong>C\u00e1c th\u00e0nh ph\u1ea7n th\u00edch h\u1ee3p.<\/strong> <strong>thu\u1ed1c gi\u1ea3i \u0111\u1ed9c<\/strong><br \/>\n<em>T\u1eeb gan<\/em> <em>xu\u1ed1ng c\u00e1c t\u1ebf b\u00e0o<\/em><em>, <\/em><em>ch\u1ea5t \u0111\u1ed9c<\/em> <em>KH\u00d4NG<\/em> <em>kh\u1ecfe m\u1ea1nh<\/em> <em>th\u00e2n h\u00ecnh<\/em> <em>L\u00e0m<\/em><em>n\u0103ng l\u01b0\u1ee3ng<\/em><\/p>\n<h3>\u2705 Khuy\u00ean d\u00f9ng s\u1ea3n ph\u1ea9m cho<\/h3>\n<p>\ud83d\udfe2 <strong>.<\/strong> <strong>gi\u1ea3i m\u00e3<\/strong><strong>, <\/strong><strong>.<\/strong><strong>, <\/strong><strong>nicotin<\/strong><strong>\/<\/strong><strong>r\u01b0\u1ee3u bia<\/strong><strong>\/<\/strong><strong>Thu\u1ed1c<\/strong> <strong>D\u01b0 l\u01b0\u1ee3ng<\/strong> <strong>v\u1ee9t b\u1ecf<\/strong>\u0110i\u1ec1u n\u00e0y l\u00e0 c\u1ea7n thi\u1ebft<br \/>\n\ud83d\udfe2 B\u1ec7nh d\u1ecb \u1ee9ng, b\u1ec7nh v\u1ea9y n\u1ebfn, b\u1ec7nh ch\u00e0m, v.v. <strong>da<\/strong> <strong>Do b\u1ec7nh t\u1eadt<\/strong> <strong>C\u1ea3m \u01a1n v\u00ec s\u1ef1 l\u00e0m vi\u1ec7c ch\u0103m ch\u1ec9 c\u1ee7a b\u1ea1n<\/strong> <strong>ph\u00fat<\/strong><br \/>\n\ud83d\udfe2 <strong>Hormone m\u00f4i tr\u01b0\u1eddng<\/strong><strong>, <\/strong><strong>B\u1ee5i m\u1ecbn<\/strong><strong>, <\/strong><strong>nh\u1ef1a<\/strong> <strong>ch\u1ea5t \u0111\u1ed9c<\/strong> <strong>s\u1ef1 t\u00edch t\u1ee5<\/strong>Ng\u01b0\u1eddi n\u00e0y \u0111ang lo l\u1eafng<br \/>\n\ud83d\udfe2 C\u1ea7n t\u0103ng c\u01b0\u1eddng ch\u1ea5t ch\u1ed1ng oxy h\u00f3a v\u00e0 h\u1ec7 th\u1ed1ng mi\u1ec5n d\u1ecbch <strong>hi\u1ec7n \u0111\u1ea1i<\/strong> <strong>.<\/strong><strong>m\u1ed9t n\u1eeda<\/strong><\/p>\n<h3>\ud83c\udf3f Gi\u1edbi thi\u1ec7u s\u1ea3n ph\u1ea9m<\/h3>\n<p>**TH\u1ea2I \u0110\u1ed8C T\u1ebe B\u00c0O** l\u00e0<br \/>\n<strong>nicotin<\/strong><strong>, <\/strong><strong>r\u01b0\u1ee3u bia<\/strong><strong>, <\/strong><strong>Kim lo\u1ea1i n\u1eb7ng<\/strong><strong>, <\/strong><strong>thu\u1ed1c<\/strong><strong>, <\/strong><strong>Hormone m\u00f4i tr\u01b0\u1eddng<\/strong><strong>, <\/strong><strong>B\u1ee5i m\u1ecbn<\/strong><strong>, <\/strong><strong>C\u0103ng th\u1eb3ng oxy h\u00f3a<\/strong><strong>, <\/strong><strong>cacbon monoxit<\/strong> v\u00e2n v\u00e2n.<br \/>\nC\u00e1c ch\u1ea5t \u0111\u1ed9c h\u1ea1i t\u00edch t\u1ee5 trong c\u01a1 th\u1ec3 \u0111\u01b0\u1ee3c lo\u1ea1i b\u1ecf b\u1eb1ng c\u00e1c th\u00e0nh ph\u1ea7n th\u1ea3o d\u01b0\u1ee3c t\u1ef1 nhi\u00ean <strong>s\u1ef1 t\u00e1ch bi\u1ec7t<\/strong><strong>\u00b7<\/strong><strong>v\u1ee9t b\u1ecf<\/strong>\u0111ang l\u00e0m<br \/>\n<strong>.<\/strong> <strong>to\u00e0n th\u00e2n<\/strong> <strong>thu\u1ed1c gi\u1ea3i \u0111\u1ed9c<\/strong>.<\/p>\n<p><strong>\u0110\u0103ng k\u00fd FDA l\u00e0 thu\u1ed1c kh\u00f4ng k\u00ea \u0111\u01a1n<\/strong><strong> \u0110\u00e3 \u0111\u0103ng k\u00ed FDA OTC <\/strong><strong>.<\/strong><strong> (80353-132-01)<\/strong><br \/>\n<strong>5<\/strong><strong>c\u1ee7 c\u1ea3i<\/strong> <strong>ch\u00ednh s\u00e1ch<\/strong> <strong>s\u1ef1 tu\u00e2n th\u1ee7<\/strong>(Kh\u00f4ng th\u00eam ch\u1ea5t t\u1ea1o m\u00e0u, ch\u1ea5t t\u1ea1o ng\u1ecdt, ch\u1ea5t b\u1ea3o qu\u1ea3n, h\u01b0\u01a1ng li\u1ec7u ho\u1eb7c ph\u1ee5 gia h\u00f3a h\u1ecdc)<br \/>\n<strong>.<\/strong> <strong>.<\/strong> <strong>.<\/strong><strong>, <\/strong><strong>Ch\u1ea5t ch\u1ed1ng oxy h\u00f3a<\/strong><strong>, <\/strong><strong>da<\/strong> <strong>R\u1eafc r\u1ed1i<\/strong> <strong>.<\/strong> v\u00e2n v\u00e2n.<br \/>\nN\u00f3 c\u00f3 nhi\u1ec1u hi\u1ec7u \u1ee9ng \u0111a d\u1ea1ng.<\/p>\n<h3>\ud83d\udc8a Li\u1ec1u l\u01b0\u1ee3ng v\u00e0 C\u00e1ch d\u00f9ng<\/h3>\n<p>\ud83d\udccd <strong>C\u01a1 b\u1ea3n<\/strong> <strong>c\u00f3 th\u1ec3 s\u1eed d\u1ee5ng<\/strong>: Hai l\u1ea7n m\u1ed9t ng\u00e0y, <strong>2<\/strong><strong>vi\u00ean nang<\/strong> <strong>c\u00f3 th\u1ec3 s\u1eed d\u1ee5ng<\/strong><br \/>\n\ud83d\udccd <strong>Theo b\u1ec7nh t\u1eadt<\/strong> <strong>Li\u1ec1u d\u00f9ng<\/strong>:<br \/>\n\u2013 <strong>Chu k\u00ec 2<\/strong> <strong>gi\u1ea3i m\u00e3<\/strong>: 2 vi\u00ean x 3 l\u1ea7n \/ 6 vi\u00ean m\u1ed7i ng\u00e0y (54 th\u00e1ng)<br \/>\n\u2013 <strong>D\u1ecb \u1ee9ng<\/strong> <strong>Chu k\u00ec 2<\/strong>: 2 vi\u00ean x 3 l\u1ea7n \/ 6 vi\u00ean m\u1ed7i ng\u00e0y (35 th\u00e1ng)<br \/>\n\u2714\ufe0f<strong>\u0110\u00f3ng g\u00f3i:<\/strong> 60 vi\u00ean nang m\u1ed7i l\u1ecd<\/p>\n<h3>\ud83d\udcaa T\u00f3m t\u1eaft c\u00e1c t\u00e1c d\u1ee5ng ch\u00ednh<\/h3>\n<table>\n<thead>\n<tr>\n<td><strong>\ud83d\udca1 <\/strong><strong>c\u00f4ng d\u1ee5ng<\/strong><\/td>\n<td><strong>L\u1eddi gi\u1ea3i th\u00edch<\/strong><\/td>\n<\/tr>\n<\/thead>\n<tbody>\n<tr>\n<td><strong>.<\/strong> <strong>gi\u1ea3i m\u00e3<\/strong> <strong>.<\/strong> <strong>.<\/strong><\/td>\n<td>B\u1ea3o v\u1ec7 t\u1ebf b\u00e0o gan + th\u00fac \u0111\u1ea9y qu\u00e1 tr\u00ecnh gi\u1ea3i \u0111\u1ed9c<\/td>\n<\/tr>\n<tr>\n<td><strong>da<\/strong> <strong>.<\/strong> <strong>.<\/strong><\/td>\n<td>Gi\u1ea3m ng\u1ee9a v\u00e0 vi\u00eam + duy tr\u00ec l\u00e0n da kh\u1ecfe m\u1ea1nh<\/td>\n<\/tr>\n<tr>\n<td><strong>.<\/strong><strong>\u00b7<\/strong><strong>.<\/strong> <strong>.<\/strong> <strong>T\u0103ng m\u1eadt \u0111\u1ed9 x\u01b0\u01a1ng<\/strong><\/td>\n<td>Gi\u1ea3m s\u01b0ng t\u1ea5y v\u00e0 m\u1ec7t m\u1ecfi, c\u1ea3i thi\u1ec7n qu\u00e1 tr\u00ecnh chuy\u1ec3n h\u00f3a n\u0103ng l\u01b0\u1ee3ng<\/td>\n<\/tr>\n<tr>\n<td><strong>Oxy ho\u1ea1t \u0111\u1ed9ng<\/strong> <strong>.<\/strong><\/td>\n<td>Ng\u0103n ng\u1eeba t\u1ed5n th\u01b0\u01a1ng t\u1ebf b\u00e0o th\u00f4ng qua ho\u1ea1t \u0111\u1ed9ng ch\u1ed1ng oxy h\u00f3a<\/td>\n<\/tr>\n<tr>\n<td><strong>ng\u1ed9 \u0111\u1ed9c<\/strong> <strong>ch\u1ea5t<\/strong> <strong>gi\u1ea3i m\u00e3<\/strong><\/td>\n<td>Ph\u00e1t th\u1ea3i nicotine, r\u01b0\u1ee3u, ma t\u00fay v\u00e0 thu\u1ed1c di\u1ec7t c\u1ecf<\/td>\n<\/tr>\n<tr>\n<td><strong>Kim lo\u1ea1i n\u1eb7ng<\/strong> <strong>.<\/strong> <strong>m\u00f4i tr\u01b0\u1eddng<\/strong> <strong>ch\u1ea5t \u0111\u1ed9c<\/strong> <strong>.<\/strong><\/td>\n<td>T\u00e1ch v\u00e0 th\u1ea3i ch\u00ec, th\u1ee7y ng\u00e2n, b\u1ee5i m\u1ecbn, nh\u1ef1a, v.v.<\/td>\n<\/tr>\n<\/tbody>\n<\/table>\n<h3>\ud83d\udd2c Th\u00e0nh ph\u1ea7n ch\u00ednh v\u00e0 c\u01a1 ch\u1ebf ho\u1ea1t \u0111\u1ed9ng<\/h3>\n<p>\ud83c\udf3f <strong>9<\/strong><strong>Th\u00e0nh ph\u1ea7n ch\u00ednh:<\/strong> <strong>.<\/strong> <strong>:<\/strong> <strong>.<\/strong><strong><br \/>\n<\/strong><strong>\u2013<\/strong><strong>.<\/strong><strong>, <\/strong><strong>.<\/strong><strong>, <\/strong><strong>B\u1ed3 c\u00f4ng anh<\/strong><strong>, <\/strong><strong>,<\/strong><strong>, <\/strong><strong>V\u00e0ng v\u00e0 b\u1ea1c<\/strong><strong>, <\/strong><strong>rau sam<\/strong><strong>, <\/strong><strong>tr\u00e0 xanh<\/strong><strong>, <\/strong><strong>m\u1ecf h\u1ea1c<\/strong><strong>, <\/strong><strong>cam th\u1ea3o<\/strong><br \/>\n\u2192 Lo\u1ea1i b\u1ecf m\u1ecdi h\u00f3a ch\u1ea5t v\u00e0 \u0111\u1ed9c t\u1ed1 kh\u00f3 \u0111\u00e0o th\u1ea3i sau khi t\u00edch t\u1ee5 trong c\u01a1 th\u1ec3. <strong>gi\u1ea3i m\u00e3<\/strong> <strong>.<\/strong> <strong>ch\u1ea5t \u0111\u1ed9c<\/strong> <strong>T\u00edch l\u0169y<\/strong> <strong>Nguy\u00ean nh\u00e2n<\/strong> <strong>\u0111\u00e3 \u0111\u1ed1n h\u1ea1<\/strong> <strong>m\u1ecdi<\/strong> <strong>.<\/strong> <strong>.<\/strong><\/p>\n<p>&nbsp;<\/p>\n<h3>\ud83e\uddec C\u01a1 ch\u1ebf ho\u1ea1t \u0111\u1ed9ng<\/h3>\n<p>\ud83e\uddea <strong>T\u1ebf b\u00e0o gan<\/strong> <strong>.<\/strong><strong> . <\/strong><strong>.<\/strong>: Ph\u1ee5c h\u1ed3i ch\u1ee9c n\u0103ng gan v\u1edbi th\u00e0nh ph\u1ea7n ch\u1ed1ng oxy h\u00f3a t\u1ef1 nhi\u00ean<br \/>\n\ud83e\uddea <strong>Lo\u1ea1i b\u1ecf b\u1ec7nh vi\u00eam.<\/strong> <strong>.<\/strong> <strong>G\u1ed1c t\u1ef1 do<\/strong> <strong>.<\/strong>: Ng\u0103n ng\u1eeba t\u1ed5n th\u01b0\u01a1ng t\u1ebf b\u00e0o, \u1ed5n \u0111\u1ecbnh h\u1ec7 th\u1ed1ng mi\u1ec5n d\u1ecbch<br \/>\n\ud83e\uddea <strong>steroid<\/strong> <strong>mi\u1ec5n ph\u00ed<\/strong>: L\u00e0m d\u1ecbu da + gi\u1ea3m thi\u1ec3u nguy c\u01a1 t\u00e1c d\u1ee5ng ph\u1ee5<br \/>\n\ud83e\uddea <strong>\u0111\u1ed9c t\u00ednh<\/strong> <strong>ch\u1ea5t<\/strong> <strong>kh\u1ed1i<\/strong><strong> . <\/strong><strong>v\u1ee9t b\u1ecf<\/strong>: Lo\u1ea1i b\u1ecf c\u00e1c ch\u1ea5t \u0111\u1ed9c h\u1ea1i t\u00edch t\u1ee5 trong da v\u00e0 gan<\/p>\n<h3>\ud83c\udfc6 \u0110i\u1ec3m kh\u00e1c bi\u1ec7t c\u1ee7a Cell Detox<\/h3>\n<p>\u2714\ufe0f <strong>\u0110\u00e3 \u0111\u0103ng k\u00ed FDA OTC <\/strong><strong>.<\/strong><strong> (80353-132-01)<\/strong><br \/>\n\u2714\ufe0f <strong>5<\/strong><strong>c\u1ee7 c\u1ea3i<\/strong> <strong>nguy\u00ean t\u1eafc<\/strong> <strong>s\u1ef1 tu\u00e2n th\u1ee7<\/strong>, th\u00e0nh ph\u1ea7n an to\u00e0n c\u00f3 th\u1ec3 d\u00f9ng cho tr\u1ebb s\u01a1 sinh v\u00e0 tr\u1ebb m\u1edbi bi\u1ebft \u0111i<br \/>\n\u2714\ufe0f <strong>C\u00f3 t\u00ednh khoa h\u1ecdc<\/strong> <strong>C\u00f4ng d\u1ee5ng ch\u1ee9ng minh l\u00e2m s\u00e0ng<\/strong> <strong>ho\u00e0n th\u00e0nh<\/strong>: \u0110\u00e3 \u0111\u01b0\u1ee3c ch\u1ee9ng minh l\u00e0 c\u00f3 t\u00e1c d\u1ee5ng gi\u1ea3i \u0111\u1ed9c thu\u1ed1c, dioxin v\u00e0 \u0111\u1ed9c t\u1ed1 thu\u1ed1c l\u00e1<br \/>\n\u2714\ufe0f <strong>Ch\u1ea5t ch\u1ed1ng oxy h\u00f3a<\/strong><strong> + <\/strong><strong>gi\u1ea3i m\u00e3<\/strong><strong> + <\/strong><strong>da<\/strong><strong>\u00b7<\/strong><strong>.<\/strong> <strong>.<\/strong>Ch\u0103m s\u00f3c to\u00e0n th\u00e2n l\u00ean \u0111\u1ebfn<br \/>\n\u2714\ufe0f <strong>D\u1ecb \u1ee9ng<\/strong><strong>\u00b7<\/strong><strong>b\u1ec7nh v\u1ea9y n\u1ebfn<\/strong><strong>\u00b7<\/strong><strong>M\u1ec7t m\u1ecfi gan<\/strong><strong>\u00b7<\/strong><strong>ng\u1ed9 \u0111\u1ed9c m\u00f4i tr\u01b0\u1eddng<\/strong> <strong>ph\u1ea3n \u1ee9ng<\/strong> <strong>t\u1ed5ng h\u1ee3p<\/strong> <strong>.<\/strong><strong>.<\/strong><\/p>\n<h3>\u26a0\ufe0f Vui l\u00f2ng ki\u1ec3m tra tr\u01b0\u1edbc khi s\u1eed d\u1ee5ng<\/h3>\n<ul>\n<li><strong>Tham kh\u1ea3o t\u01b0 v\u1ea5n t\u1eeb chuy\u00ean gia<\/strong> <strong>khi<\/strong> <strong>s\u1eed d\u1ee5ng<\/strong>: Ng\u01b0\u1eddi \u0111ang d\u00f9ng thu\u1ed1c T\u00e2y, ng\u01b0\u1eddi m\u1eafc b\u1ec7nh gan, b\u1ec7nh ngo\u00e0i da n\u1eb7ng, d\u1ecb \u1ee9ng v\u00e0 c\u00e1c th\u1ec3 tr\u1ea1ng \u0111\u1eb7c bi\u1ec7t kh\u00e1c<\/li>\n<li><strong>m\u1ecdi<\/strong> <strong>Ng\u01b0\u1eddi d\u00f9ng thu\u1ed1c T\u00e2y<\/strong><strong>, <\/strong><strong>Ph\u1eabu thu\u1eadt ho\u1eb7c<\/strong> <strong>G\u00e2y t\u00ea<\/strong> <strong>Ph\u00eda tr\u01b0\u1edbc<\/strong> <strong>M\u1ecdi ng\u01b0\u1eddi<\/strong> : V\u00ec c\u00f3 ch\u1ee9c n\u0103ng gi\u1ea3i \u0111\u1ed9c m\u1ea1nh n\u00ean n\u00f3 nhanh ch\u00f3ng gi\u1ea3i \u0111\u1ed9c t\u1ea5t c\u1ea3 c\u00e1c th\u00e0nh ph\u1ea7n h\u00f3a h\u1ecdc nh\u01b0 thu\u1ed1c T\u00e2y v\u00e0 thu\u1ed1c g\u00e2y m\u00ea, v\u00ec v\u1eady b\u1ea1n ph\u1ea3i \u0111\u1ec3 kho\u1ea3ng c\u00e1ch th\u1eddi gian \u00edt nh\u1ea5t 6 gi\u1edd sau khi u\u1ed1ng thu\u1ed1c T\u00e2y. (V\u00ed d\u1ee5: U\u1ed1ng thu\u1ed1c T\u00e2y v\u00e0o bu\u1ed5i t\u1ed1i, sau \u0111\u00f3 u\u1ed1ng Cell Detox v\u00e0o bu\u1ed5i s\u00e1ng.) Ngo\u00e0i ra, nh\u1eefng ng\u01b0\u1eddi s\u1eafp ph\u1eabu thu\u1eadt ho\u1eb7c g\u00e2y m\u00ea n\u00ean ki\u00eang d\u00f9ng Cell Detox trong 2 ng\u00e0y tr\u01b0\u1edbc \u0111\u00f3.<\/li>\n<li><strong>D\u1eef li\u1ec7u l\u00e2m s\u00e0ng<\/strong> <strong>l\u1eddi y\u00eau c\u1ea7u<\/strong> <strong>.<\/strong>: T\u00e0i li\u1ec7u nghi\u00ean c\u1ee9u c\u00f3 th\u1ec3 \u0111\u01b0\u1ee3c cung c\u1ea5p th\u00f4ng qua trung t\u00e2m kh\u00e1ch h\u00e0ng<\/li>\n<\/ul>\n<\/section>\n<\/div>","protected":false},"excerpt":{"rendered":"<div class=\"product-box\">\n<div id=\"summary\" class=\"tab-content active\">\n<section class=\"product-section\">\n<h2><span class=\"highlight\">T\u00f3m t\u1eaft s\u1ea3n ph\u1ea9m<\/span><\/h2>\n<p><span class=\"highlight\"><br \/>\n\uc544\ud1a0\ud53c \ud574\ub3c5, \uac04 &#8230; <\/p>","protected":false},"featured_media":2054,"comment_status":"open","ping_status":"closed","template":"","meta":[],"product_brand":[],"product_cat":[159,153,155,154,156,152],"product_tag":[],"class_list":{"0":"post-2053","1":"product","2":"type-product","3":"status-publish","4":"has-post-thumbnail","6":"product_cat-diabetes","7":"product_cat-immune","8":"product_cat-allergic","9":"product_cat-prostate","10":"product_cat-probiotics","11":"product_cat-kidney","13":"first","14":"instock","15":"featured","16":"shipping-taxable","17":"purchasable","18":"product-type-simple"},"_links":{"self":[{"href":"https:\/\/doori.shop\/vi\/wp-json\/wp\/v2\/product\/2053","targetHints":{"allow":["GET"]}}],"collection":[{"href":"https:\/\/doori.shop\/vi\/wp-json\/wp\/v2\/product"}],"about":[{"href":"https:\/\/doori.shop\/vi\/wp-json\/wp\/v2\/types\/product"}],"replies":[{"embeddable":true,"href":"https:\/\/doori.shop\/vi\/wp-json\/wp\/v2\/comments?post=2053"}],"version-history":[{"count":0,"href":"https:\/\/doori.shop\/vi\/wp-json\/wp\/v2\/product\/2053\/revisions"}],"wp:featuredmedia":[{"embeddable":true,"href":"https:\/\/doori.shop\/vi\/wp-json\/wp\/v2\/media\/2054"}],"wp:attachment":[{"href":"https:\/\/doori.shop\/vi\/wp-json\/wp\/v2\/media?parent=2053"}],"wp:term":[{"taxonomy":"product_brand","embeddable":true,"href":"https:\/\/doori.shop\/vi\/wp-json\/wp\/v2\/product_brand?post=2053"},{"taxonomy":"product_cat","embeddable":true,"href":"https:\/\/doori.shop\/vi\/wp-json\/wp\/v2\/product_cat?post=2053"},{"taxonomy":"product_tag","embeddable":true,"href":"https:\/\/doori.shop\/vi\/wp-json\/wp\/v2\/product_tag?post=2053"}],"curies":[{"name":"wp","href":"https:\/\/api.w.org\/{rel}","templated":true}]}}