{"id":4097,"date":"2025-05-30T18:14:49","date_gmt":"2025-05-30T18:14:49","guid":{"rendered":"https:\/\/doori.shop\/?page_id=4097"},"modified":"2025-06-28T14:19:30","modified_gmt":"2025-06-28T05:19:30","slug":"log-in","status":"publish","type":"page","link":"https:\/\/doori.shop\/vi\/log-in\/","title":{"rendered":"\uace0\uac1d\ub4f1\ub85d,\ub85c\uadf8\uc778"},"content":{"rendered":"<div data-elementor-type=\"wp-page\" data-elementor-id=\"4097\" class=\"elementor elementor-4097\" data-elementor-post-type=\"page\">\n\t\t\t\t<div class=\"elementor-element elementor-element-6d93eb8 e-con-full e-flex e-con e-parent\" data-id=\"6d93eb8\" data-element_type=\"container\">\n\t\t<div class=\"elementor-element elementor-element-0c8bf78 e-con-full e-flex e-con e-child\" data-id=\"0c8bf78\" data-element_type=\"container\">\n\t\t\t\t<div class=\"elementor-element elementor-element-79086a4 elementor-widget__width-inherit elementor-widget elementor-widget-user-registration-form\" data-id=\"79086a4\" data-element_type=\"widget\" data-widget_type=\"user-registration-form.default\">\n\t\t\t\t<div class=\"elementor-widget-container\">\n\t\t\t\t\t\t<div class='user-registration ur-frontend-form' id='user-registration-form-4081'>\n\t\t\t\t\t<form method='post' class='register' data-form-id=\"4081\"\n\t\t\t\tdata-enable-strength-password=\"1\" data-minimum-password-strength=\"4\"\n\t\t\t\t\t\t\t\t\t\t\t\t\t\t\t \"enctype=\"multipart\/form-data\"\" data-captcha-enabled=\"\" action=\"\">\n\n\t\t\t\t<div class=\"ur-form-row\">\t\t\t\t\t\t<div class=\"ur-form-grid ur-grid-1\"\n\t\t\t\t\t\t\tstyle=\"width:99%\">\n\t\t\t\t\t\t\t\t\t\t\t\t\t\t<div  data-field-id=\"last_name\" class=\"ur-field-item field-last_name\" data-ref-id=\"last_name\">\n\t\t\t\t\t\t\t\t\t<div class=\"form-row\" id=\"last_name_field\" data-priority=\"\" ><label for=\"last_name\" class=\"ur-label\">l\u00e2u \u0111\u00e0i<\/label> <span class=\"input-wrapper\"> <input data-rules=\"\" data-id=\"last_name\" type=\"text\" class=\"input-text   input-text ur-frontend-field\" name=\"last_name\" id=\"last_name\" placeholder=\"\"  value=\"\" data-label=\"\uc131\" \/><span class=\"ur-icon ur-icon-input-last-name\"><\/span> <\/span> <\/div>\t\t\t\t\t\t\t\t<\/div>\n\t\t\t\t\t\t\t\t\t\t\t\t\t\t\t\t<div  data-field-id=\"first_name\" class=\"ur-field-item field-first_name\" data-ref-id=\"first_name\">\n\t\t\t\t\t\t\t\t\t<div class=\"form-row\" id=\"first_name_field\" data-priority=\"\" ><label for=\"first_name\" class=\"ur-label\">t\u00ean<\/label> <span class=\"input-wrapper\"> <input data-rules=\"\" data-id=\"first_name\" type=\"text\" class=\"input-text   input-text ur-frontend-field\" name=\"first_name\" id=\"first_name\" placeholder=\"\"  value=\"\" data-label=\"\uc774\ub984\" \/><span class=\"ur-icon ur-icon-input-first-name\"><\/span> <\/span> <\/div>\t\t\t\t\t\t\t\t<\/div>\n\t\t\t\t\t\t\t\t\t\t\t\t\t\t\t\t<div  data-field-id=\"user_email\" class=\"ur-field-item field-user_email\" data-ref-id=\"user_email\">\n\t\t\t\t\t\t\t\t\t<div class=\"form-row validate-required\" id=\"user_email_field\" data-priority=\"\" ><label for=\"user_email\" class=\"ur-label\">e-mail <abbr class=\"required\" title=\"required\">*<\/abbr><\/label> <span class=\"input-wrapper\"> <input data-rules=\"\" data-id=\"user_email\" type=\"email\" class=\"input-text   input-email ur-frontend-field\" name=\"user_email\" id=\"user_email\" placeholder=\"\"  value=\"\" required=\"required\" data-label=\"\uc774\uba54\uc77c\" \/><span class=\"ur-icon ur-icon-email\"><\/span> <\/span> <span class=\"description\">T\u1ef1 \u0111\u1ed9ng g\u1eedi th\u00f4ng tin quan tr\u1ecdng nh\u01b0 mua s\u1ea3n ph\u1ea9m, giao h\u00e0ng, tr\u1ea3 h\u00e0ng v\u00e0 ho\u00e0n ti\u1ec1n.<\/span><\/div>\t\t\t\t\t\t\t\t<\/div>\n\t\t\t\t\t\t\t\t\t\t\t\t\t\t\t\t<div  data-field-id=\"user_pass\" class=\"ur-field-item field-user_pass\" data-ref-id=\"user_pass\">\n\t\t\t\t\t\t\t\t\t<div class=\"form-row validate-required hide_show_password\" id=\"user_pass_field\" data-priority=\"\"><label for=\"user_pass\" class=\"ur-label\">m\u1eadt kh\u1ea9u <abbr class=\"required\" title=\"required\">*<\/abbr><\/label> <span class=\"input-wrapper\"> <span class=\"password-input-group input-form-field-icons\"><input data-rules=\"\" data-id=\"user_pass\" type=\"password\" class=\"input-text  input-password ur-frontend-field\" name=\"user_pass\" id=\"user_pass\" placeholder=\"\"  value=\"\" required=\"required\" data-label=\"\uc554\ud638\" \/><a href=\"javaScript:void(0)\" class=\"password_preview dashicons dashicons-hidden\" title=\" Hi\u1ec3n th\u1ecb m\u1eadt kh\u1ea9u \"><\/a><\/span><span class=\"ur-icon ur-icon-password\"><\/span> <\/span> <span class=\"description\">6 k\u00fd t\u1ef1 tr\u1edf l\u00ean l\u00e0 an to\u00e0n<\/span><\/div>\t\t\t\t\t\t\t\t<\/div>\n\t\t\t\t\t\t\t\t\t\t\t\t\t\t\t\t<div  data-field-id=\"user_confirm_password\" class=\"ur-field-item field-user_confirm_password\" data-ref-id=\"user_confirm_password\">\n\t\t\t\t\t\t\t\t\t<div class=\"form-row validate-required hide_show_password\" id=\"user_confirm_password_field\" data-priority=\"\"><label for=\"user_confirm_password\" class=\"ur-label\">X\u00e1c nh\u1eadn m\u1eadt kh\u1ea9u <abbr class=\"required\" title=\"required\">*<\/abbr><\/label> <span class=\"input-wrapper\"> <span class=\"password-input-group input-form-field-icons\"><input data-rules=\"\" data-id=\"user_confirm_password\" type=\"password\" class=\"input-text  input-password ur-frontend-field\" name=\"user_confirm_password\" id=\"user_confirm_password\" placeholder=\"\"  value=\"\" required=\"required\" data-label=\"\uc554\ud638 \ud655\uc778\" \/><a href=\"javaScript:void(0)\" class=\"password_preview dashicons dashicons-hidden\" title=\" Hi\u1ec3n th\u1ecb m\u1eadt kh\u1ea9u \"><\/a><\/span><span class=\"ur-icon ur-icon-password-confirm\"><\/span> <\/span> <span class=\"description\">H\u00e3y ch\u1eafc ch\u1eafn r\u1eb1ng b\u1ea1n \u0111\u00e3 nh\u1eadp \u0111\u00fang<\/span><\/div>\t\t\t\t\t\t\t\t<\/div>\n\t\t\t\t\t\t\t\t\t\t\t\t\t\t<\/div>\n\t\t\t\t\t\t\t\t\t\t\t<\/div>\n\t\t\t\t\t\t\t\t\t\t\t\t\t\t\t\t\t<div class=\"ur-button-container\" >\n\t\t\t\t\t\t\t\t\t\t\t\t\t\t<button type=\"submit\" class=\"btn button ur-submit-button\" conditional_rules=\"&quot;&quot;\">\n\t\t\t\t\t\t\t\t<span><\/span>\n\t\t\t\t\t\t\t\t\u0110\u0103ng k\u00fd ngay\t\t\t\t\t\t\t<\/button>\n\t\t\t\t\t\t\t\t\t\t\t\t\t\t\t\t\t\t\t\t<\/div>\n\t\t\t\t\t\t\n\t\t\t\t<div style=\"clear:both\"><\/div>\n\t\t\t\t\t\t\t\t<input type=\"hidden\" id=\"ur-form-field-icon\" name=\"ur-field-icon\" value=\"1\"\/>\n\t\t\t\t\t\t\t\t<input type=\"hidden\" name=\"ur-registration-language\" value=\"vi\"\/>\n\t\t\t\t<input type=\"hidden\" name=\"ur-user-form-id\" value=\"4081\"\/>\n\t\t\t\t<input type=\"hidden\" name=\"ur-redirect-url\" value=\"https:\/\/doori.shop\/vi\/\"\/>\n\t\t\t\t<input type=\"hidden\" id=\"ur_frontend_form_nonce\" name=\"ur_frontend_form_nonce\" value=\"0ce9220bbb\" \/>\n\t\t\t\t\t\t\t<input type=\"hidden\" name=\"trp-form-language\" value=\"vi\"\/><\/form>\n\t\t\t\n\t\t<div style=\"clear:both\"><\/div>\n\t<\/div>\n\t\t\t\t<\/div>\n\t\t\t\t<\/div>\n\t\t\t\t<div class=\"elementor-element elementor-element-32e08e1 elementor-widget elementor-widget-image\" data-id=\"32e08e1\" data-element_type=\"widget\" data-widget_type=\"image.default\">\n\t\t\t\t<div class=\"elementor-widget-container\">\n\t\t\t\t\t\t\t\t\t\t\t\t\t\t\t<img decoding=\"async\" src=\"https:\/\/doori.shop\/wp-content\/uploads\/2025\/06\/ga4.jpg\" title=\"\" alt=\"\" loading=\"lazy\" \/>\t\t\t\t\t\t\t\t\t\t\t\t\t\t\t<\/div>\n\t\t\t\t<\/div>\n\t\t\t\t<div class=\"elementor-element elementor-element-df88671 elementor-widget elementor-widget-heading\" data-id=\"df88671\" data-element_type=\"widget\" data-widget_type=\"heading.default\">\n\t\t\t\t<div class=\"elementor-widget-container\">\n\t\t\t\t\t<h2 class=\"elementor-heading-title elementor-size-default\">\uace0\uac1d\ub4f1\ub85d<\/h2>\t\t\t\t<\/div>\n\t\t\t\t<\/div>\n\t\t\t\t<\/div>\n\t\t<div class=\"elementor-element elementor-element-8d0d85d e-con-full e-flex e-con e-child\" data-id=\"8d0d85d\" data-element_type=\"container\">\n\t\t\t\t<div class=\"elementor-element elementor-element-166a0ed elementor-widget elementor-widget-heading\" data-id=\"166a0ed\" data-element_type=\"widget\" data-widget_type=\"heading.default\">\n\t\t\t\t<div class=\"elementor-widget-container\">\n\t\t\t\t\t<h2 class=\"elementor-heading-title elementor-size-default\">\u0111\u0103ng nh\u1eadp<\/h2>\t\t\t\t<\/div>\n\t\t\t\t<\/div>\n\t\t\t\t<div class=\"elementor-element elementor-element-ac5782d elementor-widget elementor-widget-login\" data-id=\"ac5782d\" data-element_type=\"widget\" data-widget_type=\"login.default\">\n\t\t\t\t<div class=\"elementor-widget-container\">\n\t\t\t\t\t\t\t<form class=\"elementor-login elementor-form\" method=\"post\" action=\"https:\/\/doori.shop\/wp-login.php\" aria-label=\"Login form\">\n\t\t\t<input type=\"hidden\" name=\"redirect_to\" value=\"https:\/\/doori.shop\/\">\n\t\t\t<div class=\"elementor-form-fields-wrapper\">\n\t\t\t\t<div class=\"elementor-field-type-text elementor-field-group elementor-column elementor-col-100 elementor-field-required\">\n\t\t\t\t\t<label for=\"user-ac5782d\" class=\"elementor-field-label\">\uc0ac\uc6a9\uc790 \uc774\ub984 \ub610\ub294 \uc774\uba54\uc77c \uc8fc\uc18c<\/label>\n\t\t\t\t\t<input size=\"1\" type=\"text\" name=\"log\" id=\"user-ac5782d\" placeholder=\"\ud734\ub300\ud3f0\uc5d0 \uc5f0\uacb0\ub41c \uc774\uba54\uc77c\" class=\"elementor-field elementor-field-textual elementor-size-sm\">\n\t\t\t\t<\/div>\n\t\t\t\t<div class=\"elementor-field-type-text elementor-field-group elementor-column elementor-col-100 elementor-field-required\">\n\t\t\t\t\t<label for=\"password-ac5782d\" class=\"elementor-field-label\">m\u1eadt kh\u1ea9u<\/label>\n\t\t\t\t\t<input size=\"1\" type=\"password\" name=\"pwd\" id=\"password-ac5782d\" placeholder=\"6\uc790\ub9ac \uc774\uc0c1\" class=\"elementor-field elementor-field-textual elementor-size-sm\">\n\t\t\t\t<\/div>\n\n\t\t\t\t\t\t\t\t\t<div class=\"elementor-field-type-checkbox elementor-field-group elementor-column elementor-col-100 elementor-remember-me\">\n\t\t\t\t\t\t<label for=\"elementor-login-remember-me\">\n\t\t\t\t\t\t\t<input type=\"checkbox\" id=\"elementor-login-remember-me\" name=\"rememberme\" value=\"forever\">\n\t\t\t\t\t\t\tRemember Me\t\t\t\t\t\t<\/label>\n\t\t\t\t\t<\/div>\n\t\t\t\t\n\t\t\t\t<div class=\"elementor-field-group elementor-column elementor-field-type-submit elementor-col-100\">\n\t\t\t\t\t<button type=\"submit\" class=\"elementor-size-sm elementor-button\" name=\"wp-submit\">\n\t\t\t\t\t\t\t\t\t\t\t\t\t\t\t<span class=\"elementor-button-text\">\u0111\u0103ng nh\u1eadp<\/span>\n\t\t\t\t\t\t\t\t\t\t\t\t<\/button>\n\t\t\t\t<\/div>\n\n\t\t\t\t\t\t\t<\/div>\n\t\t<\/form>\n\t\t\t\t\t\t<\/div>\n\t\t\t\t<\/div>\n\t\t\t\t<div class=\"elementor-element elementor-element-1888d2f elementor-widget elementor-widget-html\" data-id=\"1888d2f\" data-element_type=\"widget\" data-widget_type=\"html.default\">\n\t\t\t\t<div class=\"elementor-widget-container\">\n\t\t\t\t\t<p>\r\n  <a href=\"https:\/\/doori.shop\/wp-login.php?action=lostpassword\">E-mail\ub85c \ube44\ubc00\ubc88\ud638 \uc7ac\uc124\uc815\ud558\uae30.<\/a>\r\n<\/p>\r\n\t\t\t\t<\/div>\n\t\t\t\t<\/div>\n\t\t\t\t<div class=\"elementor-element elementor-element-3a47306 elementor-widget elementor-widget-cz_video_popup\" data-id=\"3a47306\" data-element_type=\"widget\" data-widget_type=\"cz_video_popup.default\">\n\t\t\t\t<div class=\"elementor-widget-container\">\n\t\t\t\t\t\t\t<div class=\"cz_video_popup clr cz_video_popup_br cz_svg_bg\">\r\n\t\t\t<div>\r\n\t\t\t\t<div class=\"cz_vp_c\"><a href=\"https:\/\/www.youtube.com\/watch?v=_Mp2eOSi3zc&#038;t=1s\"  ><img decoding=\"async\" src=\"https:\/\/img.youtube.com\/vi\/_Mp2eOSi3zc\/sddefault.jpg\" \/><div class=\"cz_vp_inner\"><span><i class=\"fas fa-play\"><\/i><\/span><h4>Ph\u00f2ng ng\u1eeba ung th\u01b0 ch\u0103m s\u00f3c s\u1ee9c kh\u1ecfe k\u1ef9 thu\u1eadt s\u1ed1<\/h4><\/div><\/a><\/div>\r\n\t\t\t<\/div>\r\n\t\t<\/div>\t\t\t\t\t\t<\/div>\n\t\t\t\t<\/div>\n\t\t\t\t<div class=\"elementor-element elementor-element-88021cb elementor-widget elementor-widget-image\" data-id=\"88021cb\" data-element_type=\"widget\" data-widget_type=\"image.default\">\n\t\t\t\t<div class=\"elementor-widget-container\">\n\t\t\t\t\t\t\t\t\t\t\t\t\t\t\t<img fetchpriority=\"high\" decoding=\"async\" width=\"720\" height=\"720\" src=\"https:\/\/doori.shop\/wp-content\/uploads\/2025\/05\/logo.webp\" class=\"attachment-large size-large wp-image-4130\" alt=\"\" srcset=\"https:\/\/doori.shop\/wp-content\/uploads\/2025\/05\/logo.webp 720w, https:\/\/doori.shop\/wp-content\/uploads\/2025\/05\/logo-300x300.webp 300w, https:\/\/doori.shop\/wp-content\/uploads\/2025\/05\/logo-150x150.webp 150w, https:\/\/doori.shop\/wp-content\/uploads\/2025\/05\/logo-600x600.webp 600w, https:\/\/doori.shop\/wp-content\/uploads\/2025\/05\/logo-100x100.webp 100w\" sizes=\"(max-width: 720px) 100vw, 720px\" \/>\t\t\t\t\t\t\t\t\t\t\t\t\t\t\t<\/div>\n\t\t\t\t<\/div>\n\t\t\t\t<\/div>\n\t\t\t\t<\/div>\n\t\t\t\t<\/div>","protected":false},"excerpt":{"rendered":"<p>\uc131 \uc774\ub984 \uc774\uba54\uc77c * \uc81c\ud488 \uad6c\ub9e4,\ubc1c\uc1a1,\ubc18\ud488,\ud658\ubd88 \ub4f1 \uc911\uc694 \uc815\ubcf4\ub97c \uc790\ub3d9 \ubc1c\uc1a1\ud569\ub2c8\ub2e4 &#8230; <\/p>","protected":false},"author":23,"featured_media":0,"parent":0,"menu_order":0,"comment_status":"closed","ping_status":"closed","template":"","meta":{"footnotes":""},"class_list":["post-4097","page","type-page","status-publish","hentry"],"_links":{"self":[{"href":"https:\/\/doori.shop\/vi\/wp-json\/wp\/v2\/pages\/4097","targetHints":{"allow":["GET"]}}],"collection":[{"href":"https:\/\/doori.shop\/vi\/wp-json\/wp\/v2\/pages"}],"about":[{"href":"https:\/\/doori.shop\/vi\/wp-json\/wp\/v2\/types\/page"}],"author":[{"embeddable":true,"href":"https:\/\/doori.shop\/vi\/wp-json\/wp\/v2\/users\/23"}],"replies":[{"embeddable":true,"href":"https:\/\/doori.shop\/vi\/wp-json\/wp\/v2\/comments?post=4097"}],"version-history":[{"count":0,"href":"https:\/\/doori.shop\/vi\/wp-json\/wp\/v2\/pages\/4097\/revisions"}],"wp:attachment":[{"href":"https:\/\/doori.shop\/vi\/wp-json\/wp\/v2\/media?parent=4097"}],"curies":[{"name":"wp","href":"https:\/\/api.w.org\/{rel}","templated":true}]}}