{"id":2545,"date":"2025-04-30T03:16:16","date_gmt":"2025-04-30T03:16:16","guid":{"rendered":"https:\/\/doori.shop\/?page_id=2545"},"modified":"2025-05-12T22:39:50","modified_gmt":"2025-05-12T22:39:50","slug":"terms-of-use","status":"publish","type":"page","link":"https:\/\/doori.shop\/vi\/terms-of-use\/","title":{"rendered":"\uc81c\ud734 \uc774\uc6a9 \uc57d\uad00"},"content":{"rendered":"<div data-elementor-type=\"wp-page\" data-elementor-id=\"2545\" class=\"elementor elementor-2545\" data-elementor-post-type=\"page\">\n\t\t\t\t<div class=\"elementor-element elementor-element-29be1011 e-flex e-con-boxed e-con e-parent\" data-id=\"29be1011\" data-element_type=\"container\">\n\t\t\t\t\t<div class=\"e-con-inner\">\n\t\t\t\t<div class=\"elementor-element elementor-element-133f9fc3 elementor-widget elementor-widget-text-editor\" data-id=\"133f9fc3\" data-element_type=\"widget\" data-widget_type=\"text-editor.default\">\n\t\t\t\t<div class=\"elementor-widget-container\">\n\t\t\t\t\t\t\t\t\t<style>\n  \/* \u2500\u2500\u2500\u2500\u2500\u2500\u2500\u2500\u2500\u2500\u2500\u2500\u2500\u2500\u2500\u2500\u2500\u2500\u2500\u2500\u2500\u2500\u2500\u2500\u2500\u2500\u2500\u2500\u2500\u2500\u2500\u2500\u2500\u2500\u2500\u2500\u2500\u2500\u2500\u2500\u2500\u2500\u2500\u2500\u2500\u2500\u2500\u2500\u2500\u2500\u2500\n     \uacf5\ud1b5 \uc2a4\ud0c0\uc77c\n  \u2500\u2500\u2500\u2500\u2500\u2500\u2500\u2500\u2500\u2500\u2500\u2500\u2500\u2500\u2500\u2500\u2500\u2500\u2500\u2500\u2500\u2500\u2500\u2500\u2500\u2500\u2500\u2500\u2500\u2500\u2500\u2500\u2500\u2500\u2500\u2500\u2500\u2500\u2500\u2500\u2500\u2500\u2500\u2500\u2500\u2500\u2500\u2500\u2500\u2500\u2500 *\/\n  @import url('https:\/\/cdn.jsdelivr.net\/npm\/pretendard\/dist\/web\/static\/pretendard.css');\n\n  .terms-container {\n    font-family:\n      'Pretendard Variable',\n      -apple-system,\n      BlinkMacSystemFont,\n      'Segoe UI',\n      Roboto,\n      Oxygen,\n      Ubuntu,\n      Cantarell,\n      'Helvetica Neue',\n      Arial,\n      sans-serif;\n    color: #333;\n    line-height: 1.6;\n    max-width: 800px;\n    margin: 0 auto;\n    padding: 2em 1em;\n  }\n\n  .terms-container h1 {\n    font-size: 2em;\n    margin-bottom: 0.5em;\n    text-align: center;\n  }\n\n  .terms-container h2 {\n    font-size: 1.4em;\n    margin: 1.5em 0 0.5em;\n    font-weight: bold;\n  }\n\n  .terms-container p,\n  .terms-container li {\n    font-size: 1em;\n    margin: 0.5em 0;\n  }\n\n  .terms-container ul {\n    margin-left: 1.2em;\n  }\n\n  .terms-container strong {\n    font-weight: bold;\n  }\n\n  \/* \ud615\uad11\ud39c \ud558\uc774\ub77c\uc774\ud2b8 *\/\n  .terms-container .highlight {\n    background-image: linear-gradient(\n      rgba(255, 230, 0, 0.5),\n      rgba(255, 230, 0, 0.5)\n    );\n    background-repeat: no-repeat;\n    background-size: 100% 20%;\n    background-position: 0 100%;\n  }\n<\/style>\n\n<div class=\"terms-container\">\n  <h1>\u0110i\u1ec1u kho\u1ea3n s\u1eed d\u1ee5ng<\/h1>\n  <p>Trang web n\u00e0y l\u00e0 <strong>HCBIOPHARM<\/strong>Ho\u1ea1t \u0111\u1ed9ng tr\u00ean to\u00e0n b\u1ed9 trang web.\n    <span class=\"highlight\">\u201cC\u00f4ng ty c\u1ee7a ch\u00fang t\u00f4i\u201d<\/span>, <span class=\"highlight\">&quot;ch\u00fang t\u00f4i&quot;<\/span>, <span class=\"highlight\">&quot;c\u00f4ng ty&quot;<\/span>c\u00f3 ngh\u0129a l\u00e0 HCBIOPHARM. Ch\u00fang t\u00f4i cung c\u1ea5p trang web n\u00e0y v\u00e0 th\u00f4ng tin, c\u00f4ng c\u1ee5 v\u00e0 d\u1ecbch v\u1ee5 c\u00f3 trong \u0111\u00f3 cho b\u1ea1n, v\u1edbi \u0111i\u1ec1u ki\u1ec7n b\u1ea1n ch\u1ea5p nh\u1eadn t\u1ea5t c\u1ea3 c\u00e1c \u0110i\u1ec1u kho\u1ea3n v\u00e0 Ch\u00ednh s\u00e1ch n\u00e0y. B\u1eb1ng c\u00e1ch truy c\u1eadp trang web ho\u1eb7c mua s\u1ea3n ph\u1ea9m, b\u1ea1n \u0111\u01b0\u1ee3c coi l\u00e0 \u0111ang s\u1eed d\u1ee5ng d\u1ecbch v\u1ee5 n\u00e0y v\u00e0 \u0111\u1ed3ng \u00fd v\u1edbi c\u00e1c \u0110i\u1ec1u kho\u1ea3n s\u1eed d\u1ee5ng n\u00e0y.\n  <\/p>\n\n  <h2>1. \u0110i\u1ec1u kho\u1ea3n v\u00e0 \u0111i\u1ec1u ki\u1ec7n c\u1ee7a C\u1eeda h\u00e0ng tr\u1ef1c tuy\u1ebfn<\/h2>\n  <ul>\n    <li><span class=\"highlight\">B\u1ea1n \u0111\u00e3 \u0111\u1ee7 tu\u1ed5i ho\u1eb7c l\u1edbn h\u01a1n<\/span>B\u1ea1n ph\u1ea3i x\u00e1c nh\u1eadn r\u1eb1ng b\u1ea1n l\u00e0 tr\u1ebb v\u1ecb th\u00e0nh ni\u00ean v\u00e0 b\u1ea1n \u0111\u00e3 \u0111\u1ed3ng \u00fd n\u1ebfu con v\u1ecb th\u00e0nh ni\u00ean c\u1ee7a b\u1ea1n s\u1eed d\u1ee5ng d\u1ecbch v\u1ee5.<\/li>\n    <li>B\u1ea1n kh\u00f4ng \u0111\u01b0\u1ee3c s\u1eed d\u1ee5ng D\u1ecbch v\u1ee5 c\u1ee7a ch\u00fang t\u00f4i cho b\u1ea5t k\u1ef3 m\u1ee5c \u0111\u00edch b\u1ea5t h\u1ee3p ph\u00e1p ho\u1eb7c tr\u00e1i ph\u00e9p n\u00e0o.<\/li>\n    <li>B\u1ea1n kh\u00f4ng \u0111\u01b0\u1ee3c truy\u1ec1n b\u1ea5t k\u1ef3 m\u00e3 \u0111\u1ed9c h\u1ea1i n\u00e0o, ch\u1eb3ng h\u1ea1n nh\u01b0 vi-r\u00fat ho\u1eb7c s\u00e2u.<\/li>\n    <li>N\u1ebfu b\u1ea1n vi ph\u1ea1m c\u00e1c \u0111i\u1ec1u kho\u1ea3n v\u00e0 \u0111i\u1ec1u ki\u1ec7n, vi\u1ec7c s\u1eed d\u1ee5ng d\u1ecbch v\u1ee5 c\u1ee7a b\u1ea1n c\u00f3 th\u1ec3 b\u1ecb ch\u1ea5m d\u1ee9t ngay l\u1eadp t\u1ee9c.<\/li>\n  <\/ul>\n\n  <h2>2. \u0110i\u1ec1u ki\u1ec7n chung<\/h2>\n  <ul>\n    <li><span class=\"highlight\">Ch\u00fang t\u00f4i c\u00f3 th\u1ec3 t\u1eeb ch\u1ed1i cung c\u1ea5p d\u1ecbch v\u1ee5 b\u1ea5t c\u1ee9 l\u00fac n\u00e0o.<\/span>c\u00f3 quy\u1ec1n th\u1ef1c hi\u1ec7n vi\u1ec7c \u0111\u00f3.<\/li>\n    <li>N\u1ed9i dung (tr\u1eeb th\u00f4ng tin th\u1ebb t\u00edn d\u1ee5ng) c\u00f3 th\u1ec3 \u0111\u01b0\u1ee3c truy\u1ec1n \u0111i m\u00e0 kh\u00f4ng \u0111\u01b0\u1ee3c m\u00e3 h\u00f3a.<\/li>\n    <li>B\u1ea1n kh\u00f4ng \u0111\u01b0\u1ee3c sao ch\u00e9p, b\u00e1n ho\u1eb7c b\u00e1n l\u1ea1i D\u1ecbch v\u1ee5 m\u00e0 kh\u00f4ng c\u00f3 s\u1ef1 \u0111\u1ed3ng \u00fd tr\u01b0\u1edbc b\u1eb1ng v\u0103n b\u1ea3n c\u1ee7a ch\u00fang t\u00f4i.<\/li>\n  <\/ul>\n\n  <h2>3. \u0110\u1ed9 ch\u00ednh x\u00e1c v\u00e0 t\u00ednh c\u1eadp nh\u1eadt c\u1ee7a th\u00f4ng tin<\/h2>\n  <p>Ch\u00fang t\u00f4i kh\u00f4ng \u0111\u1ea3m b\u1ea3o r\u1eb1ng th\u00f4ng tin \u0111\u01b0\u1ee3c cung c\u1ea5p l\u00e0 ch\u00ednh x\u00e1c ho\u1eb7c c\u1eadp nh\u1eadt. Th\u00f4ng tin \u0111\u01b0\u1ee3c \u0111\u0103ng tr\u00ean trang web ch\u1ec9 mang t\u00ednh tham kh\u1ea3o v\u00e0 c\u00e1c quy\u1ebft \u0111\u1ecbnh quan tr\u1ecdng n\u00ean \u0111\u01b0\u1ee3c \u0111\u01b0a ra v\u1edbi c\u00e1c ngu\u1ed3n th\u00f4ng tin ch\u00ednh x\u00e1c h\u01a1n.\n  <\/p>\n\n  <h2>4. Thay \u0111\u1ed5i v\u1ec1 d\u1ecbch v\u1ee5 v\u00e0 gi\u00e1 c\u1ea3<\/h2>\n  <ul>\n    <li>Gi\u00e1 c\u00f3 th\u1ec3 thay \u0111\u1ed5i m\u00e0 kh\u00f4ng c\u1ea7n b\u00e1o tr\u01b0\u1edbc.<\/li>\n    <li>Ch\u00fang t\u00f4i c\u00f3 th\u1ec3 thay \u0111\u1ed5i ho\u1eb7c ng\u1eebng cung c\u1ea5p to\u00e0n b\u1ed9 ho\u1eb7c m\u1ed9t ph\u1ea7n D\u1ecbch v\u1ee5 ho\u1eb7c Trang web m\u00e0 kh\u00f4ng c\u1ea7n th\u00f4ng b\u00e1o.<\/li>\n  <\/ul>\n\n  <h2>5. S\u1ea3n ph\u1ea9m v\u00e0 d\u1ecbch v\u1ee5<\/h2>\n  <ul>\n    <li>M\u1ed9t s\u1ed1 s\u1ea3n ph\u1ea9m ch\u1ec9 c\u00f3 b\u00e1n tr\u1ef1c tuy\u1ebfn, s\u1ed1 l\u01b0\u1ee3ng c\u00f3 h\u1ea1n v\u00e0 \u0111\u01b0\u1ee3c ph\u00e9p tr\u1ea3 l\u1ea1i theo ch\u00ednh s\u00e1ch ho\u00e0n ti\u1ec1n c\u1ee7a ch\u00fang t\u00f4i.<\/li>\n    <li>M\u00e0u s\u1eafc c\u1ee7a m\u00e0n h\u00ecnh c\u00f3 th\u1ec3 kh\u00e1c v\u1edbi m\u00e0u s\u1eafc th\u1ef1c t\u1ebf c\u1ee7a s\u1ea3n ph\u1ea9m.<\/li>\n    <li>C\u00f3 th\u1ec3 c\u00f3 nh\u1eefng h\u1ea1n ch\u1ebf v\u1ec1 b\u00e1n h\u00e0ng v\u00e0 ng\u1eebng s\u1ea3n xu\u1ea5t s\u1ea3n ph\u1ea9m, v\u00e0 ch\u1ea5t l\u01b0\u1ee3ng kh\u00f4ng \u0111\u01b0\u1ee3c \u0111\u1ea3m b\u1ea3o.<\/li>\n  <\/ul>\n\n  <h2>6. \u0110\u1ed9 ch\u00ednh x\u00e1c c\u1ee7a th\u00f4ng tin thanh to\u00e1n v\u00e0 t\u00e0i kho\u1ea3n<\/h2>\n  <ul>\n    <li>Ch\u00fang t\u00f4i c\u00f3 quy\u1ec1n t\u1eeb ch\u1ed1i b\u1ea5t k\u1ef3 \u0111\u01a1n h\u00e0ng n\u00e0o ho\u1eb7c gi\u1edbi h\u1ea1n s\u1ed1 l\u01b0\u1ee3ng.<\/li>\n    <li><span class=\"highlight\">Cung c\u1ea5p th\u00f4ng tin ch\u00ednh x\u00e1c v\u00e0 c\u1eadp nh\u1eadt<\/span>B\u1ea1n ph\u1ea3i l\u00e0m nh\u01b0 v\u1eady v\u00e0 c\u1eadp nh\u1eadt t\u00e0i kho\u1ea3n c\u1ee7a m\u00ecnh ngay l\u1eadp t\u1ee9c.<\/li>\n  <\/ul>\n\n  <h2>7. C\u00f4ng c\u1ee5 l\u1ef1a ch\u1ecdn<\/h2>\n  <p>Ch\u00fang t\u00f4i kh\u00f4ng ch\u1ecbu tr\u00e1ch nhi\u1ec7m v\u1ec1 c\u00e1c c\u00f4ng c\u1ee5 b\u00ean ngo\u00e0i v\u00e0 ch\u00fang \u0111\u01b0\u1ee3c cung c\u1ea5p &quot;nguy\u00ean tr\u1ea1ng&quot;. S\u1eed d\u1ee5ng ch\u00fang theo r\u1ee7i ro c\u1ee7a ri\u00eang b\u1ea1n.<\/p>\n\n  <h2>8. Li\u00ean k\u1ebft c\u1ee7a b\u00ean th\u1ee9 ba<\/h2>\n  <ul>\n    <li>C\u00e1c li\u00ean k\u1ebft c\u1ee7a b\u00ean th\u1ee9 ba kh\u00f4ng li\u00ean k\u1ebft v\u1edbi ch\u00fang t\u00f4i v\u00e0 ch\u00fang t\u00f4i kh\u00f4ng ch\u1ecbu tr\u00e1ch nhi\u1ec7m v\u1ec1 t\u00ednh ch\u00ednh x\u00e1c c\u1ee7a n\u1ed9i dung c\u1ee7a ch\u00fang.<\/li>\n    <li>B\u1ea5t k\u1ef3 giao d\u1ecbch n\u00e0o v\u1edbi b\u00ean th\u1ee9 ba c\u0169ng c\u1ea7n \u0111\u01b0\u1ee3c xem x\u00e9t c\u1ea9n th\u1eadn v\u00e0 n\u1ebfu c\u00f3 b\u1ea5t k\u1ef3 v\u1ea5n \u0111\u1ec1 n\u00e0o ph\u00e1t sinh, h\u00e3y li\u00ean h\u1ec7 v\u1edbi c\u00f4ng ty c\u00f3 li\u00ean quan.<\/li>\n  <\/ul>\n\n  <h2>9. \u00dd ki\u1ebfn v\u00e0 \u0111\u1ec1 xu\u1ea5t c\u1ee7a ng\u01b0\u1eddi d\u00f9ng<\/h2>\n  <ul>\n    <li>B\u1ea5t k\u1ef3 \u0111\u1ec1 xu\u1ea5t ho\u1eb7c ph\u1ea3n h\u1ed3i n\u00e0o b\u1ea1n g\u1eedi cho ch\u00fang t\u00f4i \u0111\u1ec1u c\u00f3 th\u1ec3 \u0111\u01b0\u1ee3c s\u1eed d\u1ee5ng m\u00e0 kh\u00f4ng b\u1ecb h\u1ea1n ch\u1ebf, kh\u00f4ng c\u1ea7n b\u1ea3o m\u1eadt, b\u1ed3i th\u01b0\u1eddng ho\u1eb7c ngh\u0129a v\u1ee5 ph\u1ea3i ph\u1ea3n h\u1ed3i.<\/li>\n    <li>N\u1ed9i dung b\u1ea5t h\u1ee3p ph\u00e1p ho\u1eb7c ph\u1ec9 b\u00e1ng b\u1ecb nghi\u00eam c\u1ea5m v\u00e0 b\u1ea1n ph\u1ea3i ch\u1ecbu tr\u00e1ch nhi\u1ec7m v\u1ec1 m\u1ecdi n\u1ed9i dung b\u1ea1n \u0111\u0103ng.<\/li>\n  <\/ul>\n\n  <h2>10. Th\u00f4ng tin c\u00e1 nh\u00e2n<\/h2>\n  <p>Th\u00f4ng tin c\u00e1 nh\u00e2n l\u00e0 <a href=\"\/vi\/privacy-policy\/\" class=\"highlight\">ch\u00ednh s\u00e1ch b\u1ea3o m\u1eadt<\/a>s\u1ebd \u0111\u01b0\u1ee3c x\u1eed l\u00fd theo \u0111\u00fang quy \u0111\u1ecbnh.<\/p>\n\n  <h2>11. L\u1ed7i v\u00e0 thi\u1ebfu s\u00f3t<\/h2>\n  <p>C\u00f3 th\u1ec3 c\u00f3 l\u1ed7i \u0111\u00e1nh m\u00e1y, kh\u00f4ng ch\u00ednh x\u00e1c ho\u1eb7c thi\u1ebfu s\u00f3t trong m\u00f4 t\u1ea3 s\u1ea3n ph\u1ea9m, gi\u00e1 c\u1ea3, ch\u01b0\u01a1ng tr\u00ecnh khuy\u1ebfn m\u00e3i, v.v. Ch\u00fang t\u00f4i c\u00f3 quy\u1ec1n s\u1eeda nh\u1eefng l\u1ed7i n\u00e0y ho\u1eb7c h\u1ee7y \u0111\u01a1n h\u00e0ng c\u1ee7a b\u1ea1n.<\/p>\n\n  <h2>12. S\u1eed d\u1ee5ng b\u1ecb c\u1ea5m<\/h2>\n  <p>Nh\u1eefng h\u00e0nh \u0111\u1ed9ng sau \u0111\u00e2y b\u1ecb c\u1ea5m:<\/p>\n  <ul>\n    <li>H\u00e0nh vi b\u1ea5t h\u1ee3p ph\u00e1p, x\u00e2m ph\u1ea1m quy\u1ec1n c\u1ee7a ng\u01b0\u1eddi kh\u00e1c, ph\u1ec9 b\u00e1ng, ph\u00e1t t\u00e1n vi-r\u00fat, gian l\u1eadn, th\u01b0 r\u00e1c, v.v.<\/li>\n    <li>Vi ph\u1ea1m c\u00f3 th\u1ec3 d\u1eabn \u0111\u1ebfn ch\u1ea5m d\u1ee9t d\u1ecbch v\u1ee5.<\/li>\n  <\/ul>\n\n  <h2>13. Tuy\u00ean b\u1ed1 t\u1eeb ch\u1ed1i b\u1ea3o h\u00e0nh v\u00e0 gi\u1edbi h\u1ea1n tr\u00e1ch nhi\u1ec7m<\/h2>\n  <p>Ch\u00fang t\u00f4i kh\u00f4ng \u0111\u1ea3m b\u1ea3o r\u1eb1ng D\u1ecbch v\u1ee5 s\u1ebd lu\u00f4n \u0111\u01b0\u1ee3c cung c\u1ea5p m\u00e0 kh\u00f4ng c\u00f3 l\u1ed7i. Vi\u1ec7c b\u1ea1n s\u1eed d\u1ee5ng D\u1ecbch v\u1ee5 ho\u00e0n to\u00e0n do b\u1ea1n t\u1ef1 ch\u1ecbu r\u1ee7i ro. Trong m\u1ecdi tr\u01b0\u1eddng h\u1ee3p, ch\u00fang t\u00f4i s\u1ebd kh\u00f4ng ch\u1ecbu tr\u00e1ch nhi\u1ec7m cho b\u1ea5t k\u1ef3 thi\u1ec7t h\u1ea1i tr\u1ef1c ti\u1ebfp ho\u1eb7c gi\u00e1n ti\u1ebfp n\u00e0o.\n  <\/p>\n\n  <h2>14. Tuy\u00ean b\u1ed1 mi\u1ec5n tr\u1eeb tr\u00e1ch nhi\u1ec7m<\/h2>\n  <p>B\u1ea1n ph\u1ea3i b\u1ed3i th\u01b0\u1eddng cho ch\u00fang t\u00f4i tr\u01b0\u1edbc m\u1ecdi khi\u1ebfu n\u1ea1i, chi ph\u00ed v\u00e0 thi\u1ec7t h\u1ea1i ph\u00e1t sinh do b\u1ea1n vi ph\u1ea1m c\u00e1c \u0110i\u1ec1u kho\u1ea3n n\u00e0y ho\u1eb7c vi ph\u1ea1m b\u1ea5t k\u1ef3 quy\u1ec1n n\u00e0o c\u1ee7a b\u00ean th\u1ee9 ba.<\/p>\n\n  <h2>15. T\u00ednh c\u00f3 th\u1ec3 t\u00e1ch r\u1eddi<\/h2>\n  <p>Ngay c\u1ea3 khi b\u1ea5t k\u1ef3 ph\u1ea7n n\u00e0o c\u1ee7a \u0110i\u1ec1u kho\u1ea3n kh\u00f4ng h\u1ee3p l\u1ec7, c\u00e1c \u0111i\u1ec1u kho\u1ea3n c\u00f2n l\u1ea1i v\u1eabn c\u00f3 hi\u1ec7u l\u1ef1c.<\/p>\n\n  <h2>16. K\u1ebft th\u00fac<\/h2>\n  <p>\u0110i\u1ec1u kho\u1ea3n c\u00f3 th\u1ec3 b\u1ecb ch\u1ea5m d\u1ee9t n\u1ebfu b\u1ea1n ng\u1eebng s\u1eed d\u1ee5ng D\u1ecbch v\u1ee5 ho\u1eb7c n\u1ebfu ch\u00fang t\u00f4i t\u1ea1m ng\u1eebng vi\u1ec7c b\u1ea1n s\u1eed d\u1ee5ng D\u1ecbch v\u1ee5 v\u00ec vi ph\u1ea1m \u0110i\u1ec1u kho\u1ea3n.<\/p>\n\n  <h2>17. To\u00e0n b\u1ed9 th\u1ecfa thu\u1eadn<\/h2>\n  <p>C\u00e1c \u0110i\u1ec1u kho\u1ea3n n\u00e0y c\u1ea5u th\u00e0nh to\u00e0n b\u1ed9 th\u1ecfa thu\u1eadn gi\u1eefa b\u1ea1n v\u00e0 ch\u00fang t\u00f4i v\u00e0 thay th\u1ebf m\u1ecdi th\u1ecfa thu\u1eadn b\u1eb1ng mi\u1ec7ng ho\u1eb7c b\u1eb1ng v\u0103n b\u1ea3n tr\u01b0\u1edbc \u0111\u00f3.<\/p>\n\n  <h2>18. Lu\u1eadt qu\u1ea3n l\u00fd<\/h2>\n  <p>Nh\u1eefng \u0110i\u1ec1u kho\u1ea3n v\u00e0 \u0110i\u1ec1u ki\u1ec7n n\u00e0y <span class=\"highlight\">lu\u1eadt ph\u00e1p Hoa K\u1ef3<\/span>s\u1ebd \u0111\u01b0\u1ee3c gi\u1ea3i th\u00edch v\u00e0 \u00e1p d\u1ee5ng theo \u0111\u00f3.<\/p>\n\n  <h2>19. Thay \u0111\u1ed5i \u0110i\u1ec1u kho\u1ea3n v\u00e0 \u0110i\u1ec1u ki\u1ec7n<\/h2>\n  <p>C\u00e1c \u0110i\u1ec1u kho\u1ea3n n\u00e0y c\u00f3 th\u1ec3 thay \u0111\u1ed5i b\u1ea5t k\u1ef3 l\u00fac n\u00e0o v\u00e0 s\u1ebd c\u00f3 hi\u1ec7u l\u1ef1c ngay khi \u0111\u01b0\u1ee3c \u0111\u0103ng tr\u00ean Trang web.<\/p>\n\n  <h2>20. Th\u00f4ng tin li\u00ean l\u1ea1c<\/h2>\n  <p>N\u1ebfu c\u00f3 th\u1eafc m\u1eafc, vui l\u00f2ng li\u00ean h\u1ec7 v\u1edbi ch\u00fang t\u00f4i b\u00ean d\u01b0\u1edbi.<br>\n    \ud83d\udce7 <a href=\"mailto:hcbiopharm@gmail.com\">hcbiopharm@gmail.com<\/a><br>\n    \ud83c\udfe2 10080 N. Wolfe Rd. STE SW3-200, Cupertino, CA 95014<br>\n    \ud83d\udcde (669) 444-0626\n  <\/p>\n<\/div>\n\t\t\t\t\t\t\t\t<\/div>\n\t\t\t\t<\/div>\n\t\t\t\t\t<\/div>\n\t\t\t\t<\/div>\n\t\t\t\t<\/div>","protected":false},"excerpt":{"rendered":"<p>\uc774\uc6a9\uc57d\uad00 \uc774 \uc6f9\uc0ac\uc774\ud2b8\ub294 HCBIOPHARM\uc5d0\uc11c \uc6b4\uc601\ud569\ub2c8\ub2e4. \uc6f9\uc0ac\uc774\ud2b8 \uc804\ubc18\uc5d0\uc11c \u201c\ub2f9\uc0ac\u201d, \u201c\uc6b0\ub9ac\u201d, \u201c\ud68c\uc0ac\u201d\ub294 HCBIOPHARM\ub97c &#8230; <\/p>","protected":false},"author":27,"featured_media":0,"parent":0,"menu_order":0,"comment_status":"closed","ping_status":"closed","template":"","meta":{"footnotes":""},"class_list":["post-2545","page","type-page","status-publish","hentry"],"_links":{"self":[{"href":"https:\/\/doori.shop\/vi\/wp-json\/wp\/v2\/pages\/2545","targetHints":{"allow":["GET"]}}],"collection":[{"href":"https:\/\/doori.shop\/vi\/wp-json\/wp\/v2\/pages"}],"about":[{"href":"https:\/\/doori.shop\/vi\/wp-json\/wp\/v2\/types\/page"}],"author":[{"embeddable":true,"href":"https:\/\/doori.shop\/vi\/wp-json\/wp\/v2\/users\/27"}],"replies":[{"embeddable":true,"href":"https:\/\/doori.shop\/vi\/wp-json\/wp\/v2\/comments?post=2545"}],"version-history":[{"count":0,"href":"https:\/\/doori.shop\/vi\/wp-json\/wp\/v2\/pages\/2545\/revisions"}],"wp:attachment":[{"href":"https:\/\/doori.shop\/vi\/wp-json\/wp\/v2\/media?parent=2545"}],"curies":[{"name":"wp","href":"https:\/\/api.w.org\/{rel}","templated":true}]}}